{"id":10113,"date":"2018-06-10T17:21:48","date_gmt":"2018-06-10T14:21:48","guid":{"rendered":"http:\/\/sutore.com\/?post_type=product&#038;p=10113"},"modified":"2026-03-27T17:47:36","modified_gmt":"2026-03-27T14:47:36","slug":"nike-air-jordan-4-retro-travis-scott-cactus-jack","status":"publish","type":"product","link":"https:\/\/sutore.com\/en\/product\/nike-air-jordan-4-retro-travis-scott-cactus-jack\/","title":{"rendered":"Nike Air Jordan 4 Retro Travis Scott Cactus Jack"},"content":{"rendered":"<p style=\"text-align: center\">Jordan Ailesi, \u015fimdi sutore&#8217;de bulunan Nike Air Jordan 4 Retro Cool Grey (2019) ile 2000&#8217;lerin ortalar\u0131ndan bir klasi\u011fi geri getiriyor. &#8216;004 y\u0131l\u0131nda ilk defa piyasaya s\u00fcr\u00fclen bu model \u00fcn\u00fcn\u00fc hala koruyor. &#8220;Cool Grey&#8221; rengi, 2001 y\u0131l\u0131nda Air Jordan 11 Retros \u00e7iftinde yer ald\u0131\u011f\u0131nda dikkatleri \u00fczerine \u00e7ekmi\u015fti. Bu muazzam renk grubunu ta\u015f\u0131mak i\u00e7in sadece bir Air Jordan 4 uygun g\u00f6r\u00fcn\u00fcyordu.<\/p>\n<p>&nbsp;<\/p>\n<p style=\"text-align: center\">Bu Jordan 4, koyu k\u00f6m\u00fcr i\u00e7 tabanla birlikte cool grey bir \u00fcst deri i\u00e7eriyor. Beyaz bir orta taban, koyu k\u00f6m\u00fcr d\u0131\u015f taban ve dil \u00fczerindeki sar\u0131 nak\u0131\u015f detaylar\u0131 tasar\u0131m\u0131 tamaml\u0131yor. A\u011fustos 2019&#8217;da piyasaya s\u00fcr\u00fclen bu model 190 dolar fiyat etiketiyle vitrinlerdeki yerini ald\u0131. Bu e\u015fsiz par\u00e7ay\u0131 stoklar t\u00fckenmeden hemen sat\u0131n al.<\/p>\n<p>&nbsp;<\/p>\n<p style=\"text-align: center\">\u00dcr\u00fcn hakk\u0131nda daha fazla bilgi almak ve \u00fcr\u00fcn\u00fcn g\u00fcncel global piyasa de\u011ferini takip etmek i\u00e7in <a href=\"https:\/\/stockx.com\/air-jordan-4-retro-cool-grey-2019\" target=\"_blank\" rel=\"noopener noreferrer\">StockX<\/a> adresini ziyaret edebilirsiniz.<\/p>\n","protected":false},"excerpt":{"rendered":"<p style=\"text-align: center\">\u00dcr\u00fcn hakk\u0131nda daha fazla bilgi almak ve \u00fcr\u00fcn\u00fcn g\u00fcncel global piyasa de\u011ferini takip etmek i\u00e7in <a href=\"https:\/\/stockx.com\/air-jordan-4-retro-travis-scott-cactus-jack\" target=\"_blank\" rel=\"noopener noreferrer\">StockX<\/a> adresini ziyaret edebilirsiniz.<\/p>\n","protected":false},"featured_media":10137,"template":"","meta":{"_acf_changed":false},"product_brand":[2019,2041,1928,2087,2008,2117],"product_cat":[74,96,1577,946,1581,1569],"product_tag":[1332],"class_list":{"0":"post-10113","1":"product","2":"type-product","3":"status-publish","4":"has-post-thumbnail","6":"product_brand-air-jordan","7":"product_brand-air-jordan-en","8":"product_brand-nike","9":"product_brand-nike-en","10":"product_brand-travis-scott","11":"product_brand-travis-scott-en","12":"product_cat-sneakers","13":"product_cat-air-jordan","14":"product_cat-air-jordan-en","15":"product_cat-others-air-jordan","16":"product_cat-others-air-jordan-en","17":"product_cat-sneakers-en","18":"product_tag-mavi","20":"first","21":"instock","22":"shipping-taxable","23":"purchasable","24":"product-type-variable"},"acf":[],"_links":{"self":[{"href":"https:\/\/sutore.com\/en\/wp-json\/wp\/v2\/product\/10113","targetHints":{"allow":["GET"]}}],"collection":[{"href":"https:\/\/sutore.com\/en\/wp-json\/wp\/v2\/product"}],"about":[{"href":"https:\/\/sutore.com\/en\/wp-json\/wp\/v2\/types\/product"}],"wp:featuredmedia":[{"embeddable":true,"href":"https:\/\/sutore.com\/en\/wp-json\/wp\/v2\/media\/10137"}],"wp:attachment":[{"href":"https:\/\/sutore.com\/en\/wp-json\/wp\/v2\/media?parent=10113"}],"wp:term":[{"taxonomy":"product_brand","embeddable":true,"href":"https:\/\/sutore.com\/en\/wp-json\/wp\/v2\/product_brand?post=10113"},{"taxonomy":"product_cat","embeddable":true,"href":"https:\/\/sutore.com\/en\/wp-json\/wp\/v2\/product_cat?post=10113"},{"taxonomy":"product_tag","embeddable":true,"href":"https:\/\/sutore.com\/en\/wp-json\/wp\/v2\/product_tag?post=10113"}],"curies":[{"name":"wp","href":"https:\/\/api.w.org\/{rel}","templated":true}]}}