{"id":103435,"date":"2022-11-01T18:59:15","date_gmt":"2022-11-01T15:59:15","guid":{"rendered":"https:\/\/sutore.com\/?post_type=product&#038;p=103435"},"modified":"2025-09-05T14:05:21","modified_gmt":"2025-09-05T11:05:21","slug":"off-white-vulc-eco-canvas-low-white-black-w","status":"publish","type":"product","link":"https:\/\/sutore.com\/en\/product\/off-white-vulc-eco-canvas-low-white-black-w\/","title":{"rendered":"OFF-WHITE Vulc Eco Canvas Low White Black (W)"},"content":{"rendered":"<p style=\"text-align: center;\">OFF-WHITE Vulc Eco Canvas Low White Black hakk\u0131nda daha fazla bilgi almak ve \u00fcr\u00fcn\u00fcn g\u00fcncel global piyasa de\u011ferini takip etmek i\u00e7in\u00a0<a href=\"https:\/\/stockx.com\/off-white-vulc-eco-canvas-low-white-black-w\" target=\"_blank\" rel=\"noopener noreferrer\">StockX<\/a>\u00a0adresini ziyaret edebilirsiniz.<\/p>\n","protected":false},"excerpt":{"rendered":"<p style=\"text-align: center;\">OFF-WHITE Vulc Eco Canvas Low White Black hakk\u0131nda daha fazla bilgi almak ve \u00fcr\u00fcn\u00fcn g\u00fcncel global piyasa de\u011ferini takip etmek i\u00e7in\u00a0<a href=\"https:\/\/stockx.com\/off-white-vulc-eco-canvas-low-white-black-w\" target=\"_blank\" rel=\"noopener\">StockX<\/a>\u00a0adresini ziyaret edebilirsiniz.<\/p>\n","protected":false},"featured_media":103436,"template":"","meta":{"_acf_changed":false},"product_brand":[1984,2088],"product_cat":[74,2158,2182,1569],"product_tag":[1328],"class_list":{"0":"post-103435","1":"product","2":"type-product","3":"status-publish","4":"has-post-thumbnail","6":"product_brand-off-white","7":"product_brand-off-white-en","8":"product_cat-sneakers","9":"product_cat-others","10":"product_cat-others-en","11":"product_cat-sneakers-en","12":"product_tag-beyaz","14":"first","15":"outofstock","16":"shipping-taxable","17":"product-type-variable"},"acf":[],"_links":{"self":[{"href":"https:\/\/sutore.com\/en\/wp-json\/wp\/v2\/product\/103435","targetHints":{"allow":["GET"]}}],"collection":[{"href":"https:\/\/sutore.com\/en\/wp-json\/wp\/v2\/product"}],"about":[{"href":"https:\/\/sutore.com\/en\/wp-json\/wp\/v2\/types\/product"}],"wp:featuredmedia":[{"embeddable":true,"href":"https:\/\/sutore.com\/en\/wp-json\/wp\/v2\/media\/103436"}],"wp:attachment":[{"href":"https:\/\/sutore.com\/en\/wp-json\/wp\/v2\/media?parent=103435"}],"wp:term":[{"taxonomy":"product_brand","embeddable":true,"href":"https:\/\/sutore.com\/en\/wp-json\/wp\/v2\/product_brand?post=103435"},{"taxonomy":"product_cat","embeddable":true,"href":"https:\/\/sutore.com\/en\/wp-json\/wp\/v2\/product_cat?post=103435"},{"taxonomy":"product_tag","embeddable":true,"href":"https:\/\/sutore.com\/en\/wp-json\/wp\/v2\/product_tag?post=103435"}],"curies":[{"name":"wp","href":"https:\/\/api.w.org\/{rel}","templated":true}]}}