{"id":10686,"date":"2019-12-19T20:17:52","date_gmt":"2019-12-19T17:17:52","guid":{"rendered":"http:\/\/sutore.com\/?post_type=product&#038;p=10686"},"modified":"2026-04-02T18:10:20","modified_gmt":"2026-04-02T15:10:20","slug":"adidas-yeezy-boost-350-v2-yecheil-reflective","status":"publish","type":"product","link":"https:\/\/sutore.com\/en\/product\/adidas-yeezy-boost-350-v2-yecheil-reflective\/","title":{"rendered":"adidas Yeezy Boost 350 V2 Yecheil Reflective"},"content":{"rendered":"","protected":false},"excerpt":{"rendered":"<p style=\"text-align: center\">Yeezy Ailesi, \u015fimdi sutore&#8217;de bulunan adidas Yeezy Boost 350 V2 Yecheil &#8216;Reflective&#8217; ile en iyi tasar\u0131mlar\u0131ndan biri i\u00e7in bir k\u0131v\u0131lc\u0131m ekliyor. 2. nesil bu Yeezy Boost 350, renkli bir paletle her zamanki toprak tonlar\u0131ndan uzakla\u015farak \u00f6nceki s\u00fcr\u00fcmlerden s\u0131yr\u0131l\u0131yor.<\/p>\n<p>&nbsp;<\/p>\n<p style=\"text-align: center\">Bu Yeezy 350 V2, beyaz, k\u0131rm\u0131z\u0131, sar\u0131 ve mavi aksanl\u0131 siyah bir \u00fcst i\u00e7eriyor. Siyah Boost yast\u0131kl\u0131 taban ve siyah yan \u015ferit tasar\u0131m\u0131 tamaml\u0131yor. Aral\u0131k 2019&#8217;da piyasaya s\u00fcr\u00fclen bu model 220 dolar fiyat etiketiyle vitrinlerdeki yerini ald\u0131. Bu \u00e7arp\u0131c\u0131 modeli stoklar yanmadan hemen sat\u0131n al.<\/p>\n<p>&nbsp;<\/p>\n<p style=\"text-align: center\">\u00dcr\u00fcn hakk\u0131nda daha fazla bilgi almak ve \u00fcr\u00fcn\u00fcn g\u00fcncel global piyasa de\u011ferini takip etmek i\u00e7in <a href=\"https:\/\/stockx.com\/adidas-yeezy-boost-350-v2-yecheil-reflective\" target=\"_blank\" rel=\"noopener noreferrer\">StockX<\/a> adresini ziyaret edebilirsiniz.<\/p>\n","protected":false},"featured_media":10710,"template":"","meta":{"_acf_changed":false},"product_brand":[1927,2127,2003,2126],"product_cat":[74,73,1572,71,1570,1569,72,1571],"product_tag":[1327],"class_list":{"0":"post-10686","1":"product","2":"type-product","3":"status-publish","4":"has-post-thumbnail","6":"product_brand-adidas","7":"product_brand-adidas-en","8":"product_brand-yeezy","9":"product_brand-yeezy-en","10":"product_cat-sneakers","11":"product_cat-73","12":"product_cat-350-en","13":"product_cat-adidas","14":"product_cat-adidas-en","15":"product_cat-sneakers-en","16":"product_cat-yeezy","17":"product_cat-yeezy-en","18":"product_tag-siyah","20":"first","21":"instock","22":"shipping-taxable","23":"purchasable","24":"product-type-variable"},"acf":[],"_links":{"self":[{"href":"https:\/\/sutore.com\/en\/wp-json\/wp\/v2\/product\/10686","targetHints":{"allow":["GET"]}}],"collection":[{"href":"https:\/\/sutore.com\/en\/wp-json\/wp\/v2\/product"}],"about":[{"href":"https:\/\/sutore.com\/en\/wp-json\/wp\/v2\/types\/product"}],"wp:featuredmedia":[{"embeddable":true,"href":"https:\/\/sutore.com\/en\/wp-json\/wp\/v2\/media\/10710"}],"wp:attachment":[{"href":"https:\/\/sutore.com\/en\/wp-json\/wp\/v2\/media?parent=10686"}],"wp:term":[{"taxonomy":"product_brand","embeddable":true,"href":"https:\/\/sutore.com\/en\/wp-json\/wp\/v2\/product_brand?post=10686"},{"taxonomy":"product_cat","embeddable":true,"href":"https:\/\/sutore.com\/en\/wp-json\/wp\/v2\/product_cat?post=10686"},{"taxonomy":"product_tag","embeddable":true,"href":"https:\/\/sutore.com\/en\/wp-json\/wp\/v2\/product_tag?post=10686"}],"curies":[{"name":"wp","href":"https:\/\/api.w.org\/{rel}","templated":true}]}}