{"id":108916,"date":"2022-11-06T00:25:32","date_gmt":"2022-11-05T21:25:32","guid":{"rendered":"https:\/\/sutore.com\/?post_type=product&#038;p=108916"},"modified":"2026-03-21T00:42:41","modified_gmt":"2026-03-20T21:42:41","slug":"off-white-vulc-low-white-navy-fw22","status":"publish","type":"product","link":"https:\/\/sutore.com\/en\/product\/off-white-vulc-low-white-navy-fw22\/","title":{"rendered":"OFF-WHITE Vulc Low White Navy (FW22)"},"content":{"rendered":"<p style=\"text-align: center;\">OFF-WHITE Vulc Low White Navy (FW22) hakk\u0131nda daha fazla bilgi almak ve \u00fcr\u00fcn\u00fcn g\u00fcncel global piyasa de\u011ferini takip etmek i\u00e7in\u00a0<a href=\"https:\/\/stockx.com\/off-white-vulc-low-white-navy-fw22\" target=\"_blank\" rel=\"noopener noreferrer\">StockX<\/a>\u00a0adresini ziyaret edebilirsiniz.<\/p>\n","protected":false},"excerpt":{"rendered":"<p style=\"text-align: center;\">OFF-WHITE Vulc Low White Navy (FW22) hakk\u0131nda daha fazla bilgi almak ve \u00fcr\u00fcn\u00fcn g\u00fcncel global piyasa de\u011ferini takip etmek i\u00e7in\u00a0<a href=\"https:\/\/stockx.com\/off-white-vulc-low-white-navy-fw22\" target=\"_blank\" rel=\"noopener\">StockX<\/a>\u00a0adresini ziyaret edebilirsiniz.<\/p>\n","protected":false},"featured_media":108919,"template":"","meta":{"_acf_changed":false},"product_brand":[1984,2088],"product_cat":[74,2158,2182,1569],"product_tag":[1328],"class_list":{"0":"post-108916","1":"product","2":"type-product","3":"status-publish","4":"has-post-thumbnail","6":"product_brand-off-white","7":"product_brand-off-white-en","8":"product_cat-sneakers","9":"product_cat-others","10":"product_cat-others-en","11":"product_cat-sneakers-en","12":"product_tag-beyaz","14":"first","15":"instock","16":"shipping-taxable","17":"purchasable","18":"product-type-variable"},"acf":[],"_links":{"self":[{"href":"https:\/\/sutore.com\/en\/wp-json\/wp\/v2\/product\/108916","targetHints":{"allow":["GET"]}}],"collection":[{"href":"https:\/\/sutore.com\/en\/wp-json\/wp\/v2\/product"}],"about":[{"href":"https:\/\/sutore.com\/en\/wp-json\/wp\/v2\/types\/product"}],"wp:featuredmedia":[{"embeddable":true,"href":"https:\/\/sutore.com\/en\/wp-json\/wp\/v2\/media\/108919"}],"wp:attachment":[{"href":"https:\/\/sutore.com\/en\/wp-json\/wp\/v2\/media?parent=108916"}],"wp:term":[{"taxonomy":"product_brand","embeddable":true,"href":"https:\/\/sutore.com\/en\/wp-json\/wp\/v2\/product_brand?post=108916"},{"taxonomy":"product_cat","embeddable":true,"href":"https:\/\/sutore.com\/en\/wp-json\/wp\/v2\/product_cat?post=108916"},{"taxonomy":"product_tag","embeddable":true,"href":"https:\/\/sutore.com\/en\/wp-json\/wp\/v2\/product_tag?post=108916"}],"curies":[{"name":"wp","href":"https:\/\/api.w.org\/{rel}","templated":true}]}}