{"id":111402,"date":"2022-12-19T01:09:03","date_gmt":"2022-12-18T22:09:03","guid":{"rendered":"https:\/\/sutore.com\/?post_type=product&#038;p=111402"},"modified":"2026-03-27T15:04:53","modified_gmt":"2026-03-27T12:04:53","slug":"nike-air-jordan-1-mid-se-ice-blue-w","status":"publish","type":"product","link":"https:\/\/sutore.com\/en\/product\/nike-air-jordan-1-mid-se-ice-blue-w\/","title":{"rendered":"Nike Air Jordan 1 Mid SE Ice Blue (W)"},"content":{"rendered":"<p style=\"text-align: center;\">Nike Air Jordan 1 Mid SE Ice Blue hakk\u0131nda daha fazla bilgi almak ve \u00fcr\u00fcn\u00fcn g\u00fcncel global piyasa de\u011ferini takip etmek i\u00e7in\u00a0<a href=\"https:\/\/stockx.com\/air-jordan-1-mid-se-ice-blue-w\" target=\"_blank\" rel=\"noopener noreferrer\">StockX<\/a>\u00a0adresini ziyaret edebilirsiniz.<\/p>\n","protected":false},"excerpt":{"rendered":"<p style=\"text-align: center;\">Nike Air Jordan 1 Mid SE Ice Blue hakk\u0131nda daha fazla bilgi almak ve \u00fcr\u00fcn\u00fcn g\u00fcncel global piyasa de\u011ferini takip etmek i\u00e7in\u00a0<a href=\"https:\/\/stockx.com\/air-jordan-1-mid-se-ice-blue-w\" target=\"_blank\" rel=\"noopener noreferrer\">StockX<\/a>\u00a0adresini ziyaret edebilirsiniz.<\/p>\n","protected":false},"featured_media":111403,"template":"","meta":{"_acf_changed":false},"product_brand":[2019,2041,1928,2087],"product_cat":[74,96,1577,944,1580,1569],"product_tag":[1332],"class_list":{"0":"post-111402","1":"product","2":"type-product","3":"status-publish","4":"has-post-thumbnail","6":"product_brand-air-jordan","7":"product_brand-air-jordan-en","8":"product_brand-nike","9":"product_brand-nike-en","10":"product_cat-sneakers","11":"product_cat-air-jordan","12":"product_cat-air-jordan-en","13":"product_cat-mid","14":"product_cat-mid-en","15":"product_cat-sneakers-en","16":"product_tag-mavi","18":"first","19":"instock","20":"shipping-taxable","21":"purchasable","22":"product-type-variable"},"acf":[],"_links":{"self":[{"href":"https:\/\/sutore.com\/en\/wp-json\/wp\/v2\/product\/111402","targetHints":{"allow":["GET"]}}],"collection":[{"href":"https:\/\/sutore.com\/en\/wp-json\/wp\/v2\/product"}],"about":[{"href":"https:\/\/sutore.com\/en\/wp-json\/wp\/v2\/types\/product"}],"wp:featuredmedia":[{"embeddable":true,"href":"https:\/\/sutore.com\/en\/wp-json\/wp\/v2\/media\/111403"}],"wp:attachment":[{"href":"https:\/\/sutore.com\/en\/wp-json\/wp\/v2\/media?parent=111402"}],"wp:term":[{"taxonomy":"product_brand","embeddable":true,"href":"https:\/\/sutore.com\/en\/wp-json\/wp\/v2\/product_brand?post=111402"},{"taxonomy":"product_cat","embeddable":true,"href":"https:\/\/sutore.com\/en\/wp-json\/wp\/v2\/product_cat?post=111402"},{"taxonomy":"product_tag","embeddable":true,"href":"https:\/\/sutore.com\/en\/wp-json\/wp\/v2\/product_tag?post=111402"}],"curies":[{"name":"wp","href":"https:\/\/api.w.org\/{rel}","templated":true}]}}