{"id":112294,"date":"2022-12-16T17:21:43","date_gmt":"2022-12-16T14:21:43","guid":{"rendered":"https:\/\/sutore.com\/?post_type=product&#038;p=112294"},"modified":"2026-03-22T16:35:41","modified_gmt":"2026-03-22T13:35:41","slug":"travis-scott-x-jordan-flight-graphic-t-shirt-black","status":"publish","type":"product","link":"https:\/\/sutore.com\/en\/product\/travis-scott-x-jordan-flight-graphic-t-shirt-black\/","title":{"rendered":"Travis Scott x Jordan Flight Graphic T-Shirt Black"},"content":{"rendered":"<p style=\"text-align: center;\"><span style=\"font-size: 14.4px;\">Travis Scott x Jordan Flight Graphic T-Shirt Black hakk\u0131nda daha fazla bilgi almak ve \u00fcr\u00fcn\u00fcn g\u00fcncel global piyasa de\u011ferini takip etmek i\u00e7in <\/span><a style=\"font-size: 14.4px;\" href=\"https:\/\/stockx.com\/travis-scott-cactus-jack-x-jordan-flight-graphic-t-shirt-black\" target=\"_blank\" rel=\"noopener noreferrer\">StockX<\/a><span style=\"font-size: 14.4px;\"> adresini ziyaret edebilirsiniz.<\/span><\/p>\n","protected":false},"excerpt":{"rendered":"<p style=\"text-align: center;\">Travis Scott x Jordan Flight Graphic T-Shirt Black hakk\u0131nda daha fazla bilgi almak ve \u00fcr\u00fcn\u00fcn g\u00fcncel global piyasa de\u011ferini takip etmek i\u00e7in <a href=\"https:\/\/stockx.com\/travis-scott-cactus-jack-x-jordan-flight-graphic-t-shirt-black\" target=\"_blank\" rel=\"noopener noreferrer\">StockX<\/a> adresini ziyaret edebilirsiniz.<\/p>\n","protected":false},"featured_media":112298,"template":"","meta":{"_acf_changed":false},"product_brand":[2019,2041,2008,2117],"product_cat":[714,1564,2179,2155],"product_tag":[],"class_list":{"0":"post-112294","1":"product","2":"type-product","3":"status-publish","4":"has-post-thumbnail","6":"product_brand-air-jordan","7":"product_brand-air-jordan-en","8":"product_brand-travis-scott","9":"product_brand-travis-scott-en","10":"product_cat-apparels","11":"product_cat-apparels-en","12":"product_cat-tops-en","13":"product_cat-tops","15":"first","16":"outofstock","17":"shipping-taxable","18":"product-type-variable"},"acf":[],"_links":{"self":[{"href":"https:\/\/sutore.com\/en\/wp-json\/wp\/v2\/product\/112294","targetHints":{"allow":["GET"]}}],"collection":[{"href":"https:\/\/sutore.com\/en\/wp-json\/wp\/v2\/product"}],"about":[{"href":"https:\/\/sutore.com\/en\/wp-json\/wp\/v2\/types\/product"}],"wp:featuredmedia":[{"embeddable":true,"href":"https:\/\/sutore.com\/en\/wp-json\/wp\/v2\/media\/112298"}],"wp:attachment":[{"href":"https:\/\/sutore.com\/en\/wp-json\/wp\/v2\/media?parent=112294"}],"wp:term":[{"taxonomy":"product_brand","embeddable":true,"href":"https:\/\/sutore.com\/en\/wp-json\/wp\/v2\/product_brand?post=112294"},{"taxonomy":"product_cat","embeddable":true,"href":"https:\/\/sutore.com\/en\/wp-json\/wp\/v2\/product_cat?post=112294"},{"taxonomy":"product_tag","embeddable":true,"href":"https:\/\/sutore.com\/en\/wp-json\/wp\/v2\/product_tag?post=112294"}],"curies":[{"name":"wp","href":"https:\/\/api.w.org\/{rel}","templated":true}]}}