{"id":112670,"date":"2022-11-01T18:23:08","date_gmt":"2022-11-01T15:23:08","guid":{"rendered":"https:\/\/sutore.com\/?post_type=product&#038;p=112670"},"modified":"2026-03-21T00:44:13","modified_gmt":"2026-03-20T21:44:13","slug":"new-balance-550-aime-leon-dore-white-navy","status":"publish","type":"product","link":"https:\/\/sutore.com\/en\/product\/new-balance-550-aime-leon-dore-white-navy\/","title":{"rendered":"New Balance 550 Aime Leon Dore White Navy"},"content":{"rendered":"<p style=\"text-align: center;\">New Balance 550 Aime Leon Dore White Navy hakk\u0131nda daha fazla bilgi almak ve \u00fcr\u00fcn\u00fcn g\u00fcncel global piyasa de\u011ferini takip etmek i\u00e7in <a href=\"https:\/\/stockx.com\/new-balance-550-aime-leon-dore-white-navy\" target=\"_blank\" rel=\"noopener noreferrer\">StockX<\/a> adresini ziyaret edebilirsiniz.<\/p>\n","protected":false},"excerpt":{"rendered":"<p style=\"text-align: center;\">New Balance 550 Aime Leon Dore White Navy hakk\u0131nda daha fazla bilgi almak ve \u00fcr\u00fcn\u00fcn g\u00fcncel global piyasa de\u011ferini takip etmek i\u00e7in <a href=\"https:\/\/stockx.com\/new-balance-550-aime-leon-dore-white-navy\" target=\"_blank\" rel=\"noopener\">StockX<\/a> adresini ziyaret edebilirsiniz.<\/p>\n","protected":false},"featured_media":112671,"template":"","meta":{"_acf_changed":false},"product_brand":[2020,2040,1980,2086],"product_cat":[74,1801,1807,109,1588,1569],"product_tag":[1327],"class_list":{"0":"post-112670","1":"product","2":"type-product","3":"status-publish","4":"has-post-thumbnail","6":"product_brand-aime-leon-dore","7":"product_brand-aime-leon-dore-en","8":"product_brand-new-balance","9":"product_brand-new-balance-en","10":"product_cat-sneakers","11":"product_cat-1801","12":"product_cat-550-en","13":"product_cat-new-balance","14":"product_cat-new-balance-en","15":"product_cat-sneakers-en","16":"product_tag-siyah","18":"first","19":"instock","20":"shipping-taxable","21":"purchasable","22":"product-type-variable"},"acf":[],"_links":{"self":[{"href":"https:\/\/sutore.com\/en\/wp-json\/wp\/v2\/product\/112670","targetHints":{"allow":["GET"]}}],"collection":[{"href":"https:\/\/sutore.com\/en\/wp-json\/wp\/v2\/product"}],"about":[{"href":"https:\/\/sutore.com\/en\/wp-json\/wp\/v2\/types\/product"}],"wp:featuredmedia":[{"embeddable":true,"href":"https:\/\/sutore.com\/en\/wp-json\/wp\/v2\/media\/112671"}],"wp:attachment":[{"href":"https:\/\/sutore.com\/en\/wp-json\/wp\/v2\/media?parent=112670"}],"wp:term":[{"taxonomy":"product_brand","embeddable":true,"href":"https:\/\/sutore.com\/en\/wp-json\/wp\/v2\/product_brand?post=112670"},{"taxonomy":"product_cat","embeddable":true,"href":"https:\/\/sutore.com\/en\/wp-json\/wp\/v2\/product_cat?post=112670"},{"taxonomy":"product_tag","embeddable":true,"href":"https:\/\/sutore.com\/en\/wp-json\/wp\/v2\/product_tag?post=112670"}],"curies":[{"name":"wp","href":"https:\/\/api.w.org\/{rel}","templated":true}]}}