{"id":115909,"date":"2023-02-23T21:04:42","date_gmt":"2023-02-23T18:04:42","guid":{"rendered":"https:\/\/sutore.com\/?post_type=product&#038;p=115909"},"modified":"2026-03-27T14:53:10","modified_gmt":"2026-03-27T11:53:10","slug":"nike-air-jordan-1-low-halloween-2023-gs","status":"publish","type":"product","link":"https:\/\/sutore.com\/en\/product\/nike-air-jordan-1-low-halloween-2023-gs\/","title":{"rendered":"Nike Air Jordan 1 Low Halloween (2023) (GS)"},"content":{"rendered":"<p style=\"text-align: center;\">Nike Air Jordan 1 Low Halloween (2023) hakk\u0131nda daha fazla bilgi almak ve \u00fcr\u00fcn\u00fcn g\u00fcncel global piyasa de\u011ferini takip etmek i\u00e7in <a href=\"https:\/\/stockx.com\/air-jordan-1-low-halloween-2023-gs\" target=\"_blank\" rel=\"noopener\">StockX<\/a> adresini ziyaret edebilirsiniz.<\/p>\n","protected":false},"excerpt":{"rendered":"<p style=\"text-align: center;\">Nike Air Jordan 1 Low Halloween (2023) hakk\u0131nda daha fazla bilgi almak ve \u00fcr\u00fcn\u00fcn g\u00fcncel global piyasa de\u011ferini takip etmek i\u00e7in <a href=\"https:\/\/stockx.com\/air-jordan-1-low-halloween-2023-gs\" target=\"_blank\" rel=\"noopener\">StockX<\/a> adresini ziyaret edebilirsiniz.<\/p>\n","protected":false},"featured_media":115911,"template":"","meta":{"_acf_changed":false},"product_brand":[2041,2019,2087,1928],"product_cat":[74,96,1577,943,1579,1569],"product_tag":[1765,1339],"class_list":{"0":"post-115909","1":"product","2":"type-product","3":"status-publish","4":"has-post-thumbnail","6":"product_brand-air-jordan-en","7":"product_brand-air-jordan","8":"product_brand-nike-en","9":"product_brand-nike","10":"product_cat-sneakers","11":"product_cat-air-jordan","12":"product_cat-air-jordan-en","13":"product_cat-low","14":"product_cat-low-en","15":"product_cat-sneakers-en","16":"product_tag-rugan","17":"product_tag-turuncu","19":"first","20":"instock","21":"shipping-taxable","22":"purchasable","23":"product-type-variable"},"acf":[],"_links":{"self":[{"href":"https:\/\/sutore.com\/en\/wp-json\/wp\/v2\/product\/115909","targetHints":{"allow":["GET"]}}],"collection":[{"href":"https:\/\/sutore.com\/en\/wp-json\/wp\/v2\/product"}],"about":[{"href":"https:\/\/sutore.com\/en\/wp-json\/wp\/v2\/types\/product"}],"wp:featuredmedia":[{"embeddable":true,"href":"https:\/\/sutore.com\/en\/wp-json\/wp\/v2\/media\/115911"}],"wp:attachment":[{"href":"https:\/\/sutore.com\/en\/wp-json\/wp\/v2\/media?parent=115909"}],"wp:term":[{"taxonomy":"product_brand","embeddable":true,"href":"https:\/\/sutore.com\/en\/wp-json\/wp\/v2\/product_brand?post=115909"},{"taxonomy":"product_cat","embeddable":true,"href":"https:\/\/sutore.com\/en\/wp-json\/wp\/v2\/product_cat?post=115909"},{"taxonomy":"product_tag","embeddable":true,"href":"https:\/\/sutore.com\/en\/wp-json\/wp\/v2\/product_tag?post=115909"}],"curies":[{"name":"wp","href":"https:\/\/api.w.org\/{rel}","templated":true}]}}