{"id":116082,"date":"2023-01-08T23:49:10","date_gmt":"2023-01-08T20:49:10","guid":{"rendered":"https:\/\/sutore.com\/?post_type=product&#038;p=116082"},"modified":"2026-04-02T17:49:37","modified_gmt":"2026-04-02T14:49:37","slug":"new-balance-550-unc-white-dusk-blue-w","status":"publish","type":"product","link":"https:\/\/sutore.com\/en\/product\/new-balance-550-unc-white-dusk-blue-w\/","title":{"rendered":"New Balance 550 UNC White Dusk Blue (W)"},"content":{"rendered":"<p style=\"text-align: center;\">New Balance 550 UNC White Dusk Blue hakk\u0131nda daha fazla bilgi almak ve \u00fcr\u00fcn\u00fcn g\u00fcncel global piyasa de\u011ferini takip etmek i\u00e7in <a href=\"https:\/\/stockx.com\/new-balance-550-unc-white-dusk-blue-w\" target=\"_blank\" rel=\"noopener noreferrer\">StockX<\/a> adresini ziyaret edebilirsiniz.<\/p>\n","protected":false},"excerpt":{"rendered":"<p style=\"text-align: center;\">New Balance 550 UNC White Dusk Blue hakk\u0131nda daha fazla bilgi almak ve \u00fcr\u00fcn\u00fcn g\u00fcncel global piyasa de\u011ferini takip etmek i\u00e7in <a href=\"https:\/\/stockx.com\/new-balance-550-unc-white-dusk-blue-w\" target=\"_blank\" rel=\"noopener\">StockX<\/a> adresini ziyaret edebilirsiniz.<\/p>\n","protected":false},"featured_media":116085,"template":"","meta":{"_acf_changed":false},"product_brand":[2086,1980],"product_cat":[74,1801,1807,1588,109,1569],"product_tag":[1332],"class_list":{"0":"post-116082","1":"product","2":"type-product","3":"status-publish","4":"has-post-thumbnail","6":"product_brand-new-balance-en","7":"product_brand-new-balance","8":"product_cat-sneakers","9":"product_cat-1801","10":"product_cat-550-en","11":"product_cat-new-balance-en","12":"product_cat-new-balance","13":"product_cat-sneakers-en","14":"product_tag-mavi","16":"first","17":"instock","18":"shipping-taxable","19":"purchasable","20":"product-type-variable"},"acf":[],"_links":{"self":[{"href":"https:\/\/sutore.com\/en\/wp-json\/wp\/v2\/product\/116082","targetHints":{"allow":["GET"]}}],"collection":[{"href":"https:\/\/sutore.com\/en\/wp-json\/wp\/v2\/product"}],"about":[{"href":"https:\/\/sutore.com\/en\/wp-json\/wp\/v2\/types\/product"}],"wp:featuredmedia":[{"embeddable":true,"href":"https:\/\/sutore.com\/en\/wp-json\/wp\/v2\/media\/116085"}],"wp:attachment":[{"href":"https:\/\/sutore.com\/en\/wp-json\/wp\/v2\/media?parent=116082"}],"wp:term":[{"taxonomy":"product_brand","embeddable":true,"href":"https:\/\/sutore.com\/en\/wp-json\/wp\/v2\/product_brand?post=116082"},{"taxonomy":"product_cat","embeddable":true,"href":"https:\/\/sutore.com\/en\/wp-json\/wp\/v2\/product_cat?post=116082"},{"taxonomy":"product_tag","embeddable":true,"href":"https:\/\/sutore.com\/en\/wp-json\/wp\/v2\/product_tag?post=116082"}],"curies":[{"name":"wp","href":"https:\/\/api.w.org\/{rel}","templated":true}]}}