{"id":116580,"date":"2023-02-20T14:46:06","date_gmt":"2023-02-20T11:46:06","guid":{"rendered":"https:\/\/sutore.com\/?post_type=product&#038;p=116580"},"modified":"2026-04-02T17:49:11","modified_gmt":"2026-04-02T14:49:11","slug":"nike-dunk-low-industrial-blue-sashiko","status":"publish","type":"product","link":"https:\/\/sutore.com\/en\/product\/nike-dunk-low-industrial-blue-sashiko\/","title":{"rendered":"Nike Dunk Low Industrial Blue Sashiko"},"content":{"rendered":"<p style=\"text-align: center;\">Nike Dunk Low Industrial Blue Sashiko hakk\u0131nda daha fazla bilgi almak ve \u00fcr\u00fcn\u00fcn g\u00fcncel global piyasa de\u011ferini takip etmek i\u00e7in <a href=\"https:\/\/stockx.com\/nike-dunk-low-industrial-blue-sashiko\" target=\"_blank\" rel=\"noopener noreferrer\">StockX<\/a> adresini ziyaret edebilirsiniz.<\/p>\n","protected":false},"excerpt":{"rendered":"<p style=\"text-align: center;\">Nike Dunk Low Industrial Blue Sashiko hakk\u0131nda daha fazla bilgi almak ve \u00fcr\u00fcn\u00fcn g\u00fcncel global piyasa de\u011ferini takip etmek i\u00e7in <a href=\"https:\/\/stockx.com\/nike-dunk-low-industrial-blue-sashiko\" target=\"_blank\" rel=\"noopener noreferrer\">StockX<\/a> adresini ziyaret edebilirsiniz.<\/p>\n","protected":false},"featured_media":118130,"template":"","meta":{"_acf_changed":false},"product_brand":[2087,1928],"product_cat":[74,1585,100,1582,98,1569],"product_tag":[1332],"class_list":{"0":"post-116580","1":"product","2":"type-product","3":"status-publish","4":"has-post-thumbnail","6":"product_brand-nike-en","7":"product_brand-nike","8":"product_cat-sneakers","9":"product_cat-dunk-en","10":"product_cat-dunk","11":"product_cat-nike-en","12":"product_cat-nike","13":"product_cat-sneakers-en","14":"product_tag-mavi","16":"first","17":"instock","18":"shipping-taxable","19":"purchasable","20":"product-type-variable"},"acf":[],"_links":{"self":[{"href":"https:\/\/sutore.com\/en\/wp-json\/wp\/v2\/product\/116580","targetHints":{"allow":["GET"]}}],"collection":[{"href":"https:\/\/sutore.com\/en\/wp-json\/wp\/v2\/product"}],"about":[{"href":"https:\/\/sutore.com\/en\/wp-json\/wp\/v2\/types\/product"}],"wp:featuredmedia":[{"embeddable":true,"href":"https:\/\/sutore.com\/en\/wp-json\/wp\/v2\/media\/118130"}],"wp:attachment":[{"href":"https:\/\/sutore.com\/en\/wp-json\/wp\/v2\/media?parent=116580"}],"wp:term":[{"taxonomy":"product_brand","embeddable":true,"href":"https:\/\/sutore.com\/en\/wp-json\/wp\/v2\/product_brand?post=116580"},{"taxonomy":"product_cat","embeddable":true,"href":"https:\/\/sutore.com\/en\/wp-json\/wp\/v2\/product_cat?post=116580"},{"taxonomy":"product_tag","embeddable":true,"href":"https:\/\/sutore.com\/en\/wp-json\/wp\/v2\/product_tag?post=116580"}],"curies":[{"name":"wp","href":"https:\/\/api.w.org\/{rel}","templated":true}]}}