{"id":1264,"date":"2018-04-14T14:12:22","date_gmt":"2018-04-14T11:12:22","guid":{"rendered":"http:\/\/sutore.com\/product\/import-placeholder-for-2317\/"},"modified":"2026-03-30T16:39:17","modified_gmt":"2026-03-30T13:39:17","slug":"nike-air-vapormax-off-white-2018","status":"publish","type":"product","link":"https:\/\/sutore.com\/en\/product\/nike-air-vapormax-off-white-2018\/","title":{"rendered":"Nike Air Vapormax Off-White 2018"},"content":{"rendered":"<p style=\"text-align: center;\">Off-White, \u015fimdi sutore&#8217;de bulunan Nike Air Vapormax Off -White 2018 ile Nike&#8217;la olan i\u015f birli\u011fini yineliyor. Sa\u011flad\u0131\u011f\u0131 ola\u011fan\u00fcst\u00fc konforun yan\u0131nda \u015f\u0131kl\u0131k da sunan bu model, Virgil Abloh imzas\u0131n\u0131 ta\u015f\u0131yor.<\/p>\n<p style=\"text-align: center;\">Bu VaporMax, en son teknoloji ile birlikte Flyknit bir \u00fcst i\u00e7eriyor. Dinamik Flywire ba\u011fc\u0131k sistemi ve yandaki imza Off-White metni tasar\u0131m\u0131 tamaml\u0131yor. Nisan 2018&#8217;de piyasaya s\u00fcr\u00fclen bu model 250 dolar fiyat etiketiyle vitrinlerdeki yerini ald\u0131. Bu sade modeli stoklar t\u00fckenmeden hemen sat\u0131n al.<\/p>\n<p style=\"text-align: center;\">\u00dcr\u00fcn hakk\u0131nda daha fazla bilgi almak ve \u00fcr\u00fcn\u00fcn g\u00fcncel global piyasa de\u011ferini takip etmek i\u00e7in <a href=\"https:\/\/stockx.com\/nike-air-vapormax-off-white-2018\" target=\"_blank\" rel=\"noopener noreferrer\">StockX<\/a> adresini ziyaret edebilirsiniz.<\/p>\n","protected":false},"excerpt":{"rendered":"<p style=\"text-align: center;\">Off-White, \u015fimdi sutore&#8217;de bulunan Nike Air Vapormax Off -White 2018 ile Nike&#8217;la olan i\u015f birli\u011fini yineliyor. Sa\u011flad\u0131\u011f\u0131 ola\u011fan\u00fcst\u00fc konforun yan\u0131nda \u015f\u0131kl\u0131k da sunan bu model, Virgil Abloh imzas\u0131n\u0131 ta\u015f\u0131yor.<\/p>\n<p>&nbsp;<\/p>\n<p style=\"text-align: center;\">Bu VaporMax, en son teknoloji ile birlikte Flyknit bir \u00fcst i\u00e7eriyor. Dinamik Flywire ba\u011fc\u0131k sistemi ve yandaki imza Off-White metni tasar\u0131m\u0131 tamaml\u0131yor. Nisan 2018&#8217;de piyasaya s\u00fcr\u00fclen bu model 250 dolar fiyat etiketiyle vitrinlerdeki yerini ald\u0131. Bu sade modeli stoklar t\u00fckenmeden hemen sat\u0131n al.<\/p>\n<p>&nbsp;<\/p>\n<p style=\"text-align: center;\">\u00dcr\u00fcn hakk\u0131nda daha fazla bilgi almak ve \u00fcr\u00fcn\u00fcn g\u00fcncel global piyasa de\u011ferini takip etmek i\u00e7in <a href=\"https:\/\/stockx.com\/nike-air-vapormax-off-white-2018\" target=\"_blank\" rel=\"noopener noreferrer\">StockX<\/a> adresini ziyaret edebilirsiniz.<\/p>\n","protected":false},"featured_media":1294,"template":"","meta":{"_acf_changed":false},"product_brand":[1928,2087,1984,2088],"product_cat":[74,1584,99,1582,98,1569],"product_tag":[1328],"class_list":{"0":"post-1264","1":"product","2":"type-product","3":"status-publish","4":"has-post-thumbnail","6":"product_brand-nike","7":"product_brand-nike-en","8":"product_brand-off-white","9":"product_brand-off-white-en","10":"product_cat-sneakers","11":"product_cat-air-max-en","12":"product_cat-air-max","13":"product_cat-nike-en","14":"product_cat-nike","15":"product_cat-sneakers-en","16":"product_tag-beyaz","18":"first","19":"instock","20":"shipping-taxable","21":"purchasable","22":"product-type-variable"},"acf":[],"_links":{"self":[{"href":"https:\/\/sutore.com\/en\/wp-json\/wp\/v2\/product\/1264","targetHints":{"allow":["GET"]}}],"collection":[{"href":"https:\/\/sutore.com\/en\/wp-json\/wp\/v2\/product"}],"about":[{"href":"https:\/\/sutore.com\/en\/wp-json\/wp\/v2\/types\/product"}],"wp:featuredmedia":[{"embeddable":true,"href":"https:\/\/sutore.com\/en\/wp-json\/wp\/v2\/media\/1294"}],"wp:attachment":[{"href":"https:\/\/sutore.com\/en\/wp-json\/wp\/v2\/media?parent=1264"}],"wp:term":[{"taxonomy":"product_brand","embeddable":true,"href":"https:\/\/sutore.com\/en\/wp-json\/wp\/v2\/product_brand?post=1264"},{"taxonomy":"product_cat","embeddable":true,"href":"https:\/\/sutore.com\/en\/wp-json\/wp\/v2\/product_cat?post=1264"},{"taxonomy":"product_tag","embeddable":true,"href":"https:\/\/sutore.com\/en\/wp-json\/wp\/v2\/product_tag?post=1264"}],"curies":[{"name":"wp","href":"https:\/\/api.w.org\/{rel}","templated":true}]}}