{"id":130589,"date":"2022-01-05T11:19:32","date_gmt":"2022-01-05T08:19:32","guid":{"rendered":"https:\/\/sutore.com\/?post_type=product&#038;p=130589"},"modified":"2026-04-02T18:00:11","modified_gmt":"2026-04-02T15:00:11","slug":"converse-chuck-taylor-all-star-70-ox-comme-des-garcons-play-multi-heart-white","status":"publish","type":"product","link":"https:\/\/sutore.com\/en\/product\/converse-chuck-taylor-all-star-70-ox-comme-des-garcons-play-multi-heart-white\/","title":{"rendered":"Converse Chuck Taylor All-Star 70 Ox Comme des Garcons Play Multi-Heart White"},"content":{"rendered":"<p style=\"text-align: center;\">Converse Chuck Taylor All-Star 70 Ox Comme des Garcons Play Multi-Heart White hakk\u0131nda daha fazla bilgi almak ve \u00fcr\u00fcn\u00fcn g\u00fcncel global piyasa de\u011ferini takip etmek i\u00e7in <a href=\"https:\/\/stockx.com\/converse-chuck-taylor-all-star-70s-ox-comme-des-garcons-play-multi-heart-white\" target=\"_blank\" rel=\"noopener\">StockX<\/a> adresini ziyaret edebilirsiniz.<\/p>\n","protected":false},"excerpt":{"rendered":"<p style=\"text-align: center;\">Converse Chuck Taylor All-Star 70 Ox Comme des Garcons Play Multi-Heart White hakk\u0131nda daha fazla bilgi almak ve \u00fcr\u00fcn\u00fcn g\u00fcncel global piyasa de\u011ferini takip etmek i\u00e7in <a href=\"https:\/\/stockx.com\/converse-chuck-taylor-all-star-70s-ox-comme-des-garcons-play-multi-heart-white\" target=\"_blank\" rel=\"noopener\">StockX<\/a> adresini ziyaret edebilirsiniz.<\/p>\n","protected":false},"featured_media":130593,"template":"","meta":{"_acf_changed":false},"product_brand":[2213,2212,2055,1902],"product_cat":[74,2158,2182,1569],"product_tag":[1328],"class_list":{"0":"post-130589","1":"product","2":"type-product","3":"status-publish","4":"has-post-thumbnail","6":"product_brand-comme-des-garcons-en","7":"product_brand-comme-des-garcons","8":"product_brand-converse-en","9":"product_brand-converse","10":"product_cat-sneakers","11":"product_cat-others","12":"product_cat-others-en","13":"product_cat-sneakers-en","14":"product_tag-beyaz","16":"first","17":"instock","18":"shipping-taxable","19":"purchasable","20":"product-type-variable"},"acf":[],"_links":{"self":[{"href":"https:\/\/sutore.com\/en\/wp-json\/wp\/v2\/product\/130589","targetHints":{"allow":["GET"]}}],"collection":[{"href":"https:\/\/sutore.com\/en\/wp-json\/wp\/v2\/product"}],"about":[{"href":"https:\/\/sutore.com\/en\/wp-json\/wp\/v2\/types\/product"}],"wp:featuredmedia":[{"embeddable":true,"href":"https:\/\/sutore.com\/en\/wp-json\/wp\/v2\/media\/130593"}],"wp:attachment":[{"href":"https:\/\/sutore.com\/en\/wp-json\/wp\/v2\/media?parent=130589"}],"wp:term":[{"taxonomy":"product_brand","embeddable":true,"href":"https:\/\/sutore.com\/en\/wp-json\/wp\/v2\/product_brand?post=130589"},{"taxonomy":"product_cat","embeddable":true,"href":"https:\/\/sutore.com\/en\/wp-json\/wp\/v2\/product_cat?post=130589"},{"taxonomy":"product_tag","embeddable":true,"href":"https:\/\/sutore.com\/en\/wp-json\/wp\/v2\/product_tag?post=130589"}],"curies":[{"name":"wp","href":"https:\/\/api.w.org\/{rel}","templated":true}]}}