{"id":1314,"date":"2017-11-01T14:12:42","date_gmt":"2017-11-01T11:12:42","guid":{"rendered":"http:\/\/sutore.com\/product\/import-placeholder-for-2387\/"},"modified":"2026-03-27T17:52:29","modified_gmt":"2026-03-27T14:52:29","slug":"nike-react-hyperdunk-2017-flyknit-off-white","status":"publish","type":"product","link":"https:\/\/sutore.com\/en\/product\/nike-react-hyperdunk-2017-flyknit-off-white\/","title":{"rendered":"Nike React Hyperdunk 2017 Flyknit Off-White"},"content":{"rendered":"<p style=\"text-align: center;\">Off-White, \u015fimdi sutore&#8217;de bulunan Nike React Hyperdunk 2017 Flyknit Off-White ile Nike&#8217;la olan i\u015f birli\u011fini yineliyor. 2017&#8217;deki &#8220;The Ten&#8221; koleksiyonunun &#8220;Ghosting&#8221; serisinde yer alan bu model, Virgil Abloh imzas\u0131n\u0131 ta\u015f\u0131yor.<\/p>\n<p style=\"text-align: center;\">Bu React Hyperdunk, \u00e7e\u015fitli malzemeler ile birlikte beyaz bir \u00fcst ve taban i\u00e7eriyor. K\u0131rm\u0131z\u0131 kabloyla ba\u011fl\u0131 beyaz iplikler ve yandaki imza Off-White metni tasar\u0131m\u0131 tamaml\u0131yor. Kas\u0131m 2017&#8217;de piyasaya s\u00fcr\u00fclen bu model 200 dolar fiyat etiketiyle vitrinlerdeki yerini ald\u0131. Bu g\u00f6z al\u0131c\u0131 modeli stoklar s\u00f6nmeden hemen sat\u0131n al.<\/p>\n<p style=\"text-align: center;\">\u00dcr\u00fcn hakk\u0131nda daha fazla bilgi almak ve \u00fcr\u00fcn\u00fcn g\u00fcncel global piyasa de\u011ferini takip etmek i\u00e7in <a href=\"https:\/\/stockx.com\/nike-react-hyperdunk-2017-flyknit-off-white\" target=\"_blank\" rel=\"noopener noreferrer\">StockX<\/a> adresini ziyaret edebilirsiniz.<\/p>\n","protected":false},"excerpt":{"rendered":"<p style=\"text-align: center;\">Off-White, \u015fimdi sutore&#8217;de bulunan Nike React Hyperdunk 2017 Flyknit Off-White ile Nike&#8217;la olan i\u015f birli\u011fini yineliyor. 2017&#8217;deki &#8220;The Ten&#8221; koleksiyonunun &#8220;Ghosting&#8221; serisinde yer alan bu model, Virgil Abloh imzas\u0131n\u0131 ta\u015f\u0131yor.<\/p>\n<p>&nbsp;<\/p>\n<p style=\"text-align: center;\">Bu React Hyperdunk, \u00e7e\u015fitli malzemeler ile birlikte beyaz bir \u00fcst ve taban i\u00e7eriyor. K\u0131rm\u0131z\u0131 kabloyla ba\u011fl\u0131 beyaz iplikler ve yandaki imza Off-White metni tasar\u0131m\u0131 tamaml\u0131yor. Kas\u0131m 2017&#8217;de piyasaya s\u00fcr\u00fclen bu model 200 dolar fiyat etiketiyle vitrinlerdeki yerini ald\u0131. Bu g\u00f6z al\u0131c\u0131 modeli stoklar s\u00f6nmeden hemen sat\u0131n al.<\/p>\n<p>&nbsp;<\/p>\n<p style=\"text-align: center;\">\u00dcr\u00fcn hakk\u0131nda daha fazla bilgi almak ve \u00fcr\u00fcn\u00fcn g\u00fcncel global piyasa de\u011ferini takip etmek i\u00e7in <a href=\"https:\/\/stockx.com\/nike-react-hyperdunk-2017-flyknit-off-white\" target=\"_blank\" rel=\"noopener noreferrer\">StockX<\/a> adresini ziyaret edebilirsiniz.<\/p>\n","protected":false},"featured_media":1332,"template":"","meta":{"_acf_changed":false},"product_brand":[1928,2087,1984,2088],"product_cat":[74,101,98,1582,1586,1569],"product_tag":[1328],"class_list":{"0":"post-1314","1":"product","2":"type-product","3":"status-publish","4":"has-post-thumbnail","6":"product_brand-nike","7":"product_brand-nike-en","8":"product_brand-off-white","9":"product_brand-off-white-en","10":"product_cat-sneakers","11":"product_cat-others-nike","12":"product_cat-nike","13":"product_cat-nike-en","14":"product_cat-others-nike-en","15":"product_cat-sneakers-en","16":"product_tag-beyaz","18":"first","19":"instock","20":"shipping-taxable","21":"purchasable","22":"product-type-variable"},"acf":[],"_links":{"self":[{"href":"https:\/\/sutore.com\/en\/wp-json\/wp\/v2\/product\/1314","targetHints":{"allow":["GET"]}}],"collection":[{"href":"https:\/\/sutore.com\/en\/wp-json\/wp\/v2\/product"}],"about":[{"href":"https:\/\/sutore.com\/en\/wp-json\/wp\/v2\/types\/product"}],"wp:featuredmedia":[{"embeddable":true,"href":"https:\/\/sutore.com\/en\/wp-json\/wp\/v2\/media\/1332"}],"wp:attachment":[{"href":"https:\/\/sutore.com\/en\/wp-json\/wp\/v2\/media?parent=1314"}],"wp:term":[{"taxonomy":"product_brand","embeddable":true,"href":"https:\/\/sutore.com\/en\/wp-json\/wp\/v2\/product_brand?post=1314"},{"taxonomy":"product_cat","embeddable":true,"href":"https:\/\/sutore.com\/en\/wp-json\/wp\/v2\/product_cat?post=1314"},{"taxonomy":"product_tag","embeddable":true,"href":"https:\/\/sutore.com\/en\/wp-json\/wp\/v2\/product_tag?post=1314"}],"curies":[{"name":"wp","href":"https:\/\/api.w.org\/{rel}","templated":true}]}}