{"id":134032,"date":"2023-05-22T00:13:13","date_gmt":"2023-05-21T21:13:13","guid":{"rendered":"https:\/\/sutore.com\/?post_type=product&#038;p=134032"},"modified":"2026-03-27T14:46:43","modified_gmt":"2026-03-27T11:46:43","slug":"nike-air-jordan-1-mid-se-light-steel-grey","status":"publish","type":"product","link":"https:\/\/sutore.com\/en\/product\/nike-air-jordan-1-mid-se-light-steel-grey\/","title":{"rendered":"Nike Air Jordan 1 Mid SE Light Steel Grey (W)"},"content":{"rendered":"<p style=\"text-align: center\">Nike Air Jordan 1 Mid SE Light Steel Grey hakk\u0131nda daha fazla bilgi almak ve \u00fcr\u00fcn\u00fcn g\u00fcncel global piyasa de\u011ferini takip etmek i\u00e7in <a href=\"https:\/\/stockx.com\/air-air-jordan-1-mid-se-light-steel-grey-womens\" target=\"_blank\" rel=\"noopener\">StockX<\/a>\u00a0adresini ziyaret edebilirsiniz.<\/p>\n","protected":false},"excerpt":{"rendered":"<p style=\"text-align: center\">Nike Air Jordan 1 Mid SE Light Steel Grey hakk\u0131nda daha fazla bilgi almak ve \u00fcr\u00fcn\u00fcn g\u00fcncel global piyasa de\u011ferini takip etmek i\u00e7in <a href=\"https:\/\/stockx.com\/air-air-jordan-1-mid-se-light-steel-grey-womens\" target=\"_blank\" rel=\"noopener\">StockX<\/a>\u00a0adresini ziyaret edebilirsiniz.<\/p>\n","protected":false},"featured_media":134033,"template":"","meta":{"_acf_changed":false},"product_brand":[2041,2019,2087,1928],"product_cat":[74,1577,96,944,1580,1569],"product_tag":[1334],"class_list":{"0":"post-134032","1":"product","2":"type-product","3":"status-publish","4":"has-post-thumbnail","6":"product_brand-air-jordan-en","7":"product_brand-air-jordan","8":"product_brand-nike-en","9":"product_brand-nike","10":"product_cat-sneakers","11":"product_cat-air-jordan-en","12":"product_cat-air-jordan","13":"product_cat-mid","14":"product_cat-mid-en","15":"product_cat-sneakers-en","16":"product_tag-gri","18":"first","19":"instock","20":"shipping-taxable","21":"purchasable","22":"product-type-variable"},"acf":[],"_links":{"self":[{"href":"https:\/\/sutore.com\/en\/wp-json\/wp\/v2\/product\/134032","targetHints":{"allow":["GET"]}}],"collection":[{"href":"https:\/\/sutore.com\/en\/wp-json\/wp\/v2\/product"}],"about":[{"href":"https:\/\/sutore.com\/en\/wp-json\/wp\/v2\/types\/product"}],"wp:featuredmedia":[{"embeddable":true,"href":"https:\/\/sutore.com\/en\/wp-json\/wp\/v2\/media\/134033"}],"wp:attachment":[{"href":"https:\/\/sutore.com\/en\/wp-json\/wp\/v2\/media?parent=134032"}],"wp:term":[{"taxonomy":"product_brand","embeddable":true,"href":"https:\/\/sutore.com\/en\/wp-json\/wp\/v2\/product_brand?post=134032"},{"taxonomy":"product_cat","embeddable":true,"href":"https:\/\/sutore.com\/en\/wp-json\/wp\/v2\/product_cat?post=134032"},{"taxonomy":"product_tag","embeddable":true,"href":"https:\/\/sutore.com\/en\/wp-json\/wp\/v2\/product_tag?post=134032"}],"curies":[{"name":"wp","href":"https:\/\/api.w.org\/{rel}","templated":true}]}}