{"id":136371,"date":"2023-06-02T11:37:25","date_gmt":"2023-06-02T08:37:25","guid":{"rendered":"https:\/\/sutore.com\/?post_type=product&#038;p=136371"},"modified":"2026-04-03T02:23:00","modified_gmt":"2026-04-02T23:23:00","slug":"adidas-yeezy-boost-350-pirate-black-2023","status":"publish","type":"product","link":"https:\/\/sutore.com\/en\/product\/adidas-yeezy-boost-350-pirate-black-2023\/","title":{"rendered":"adidas Yeezy Boost 350 Pirate Black (2023)"},"content":{"rendered":"<p style=\"text-align: center\">adidas Yeezy Boost 350 Pirate Black hakk\u0131nda daha fazla bilgi almak ve \u00fcr\u00fcn\u00fcn g\u00fcncel global piyasa de\u011ferini takip etmek i\u00e7in <a href=\"https:\/\/stockx.com\/adidas-yeezy-boost-350-pirate-black-2022-2023\" target=\"_blank\" rel=\"noopener\">StockX<\/a> adresini ziyaret edebilirsiniz.<\/p>\n","protected":false},"excerpt":{"rendered":"<p style=\"text-align: center\">adidas Yeezy Boost 350 Pirate Black hakk\u0131nda daha fazla bilgi almak ve \u00fcr\u00fcn\u00fcn g\u00fcncel global piyasa de\u011ferini takip etmek i\u00e7in <a href=\"https:\/\/stockx.com\/adidas-yeezy-boost-350-pirate-black-2022-2023\" target=\"_blank\" rel=\"noopener\">StockX<\/a> adresini ziyaret edebilirsiniz.<\/p>\n","protected":false},"featured_media":136373,"template":"","meta":{"_acf_changed":false},"product_brand":[1927,2127,2003,2126],"product_cat":[74,73,1572,71,1570,1569,72,1571],"product_tag":[1327],"class_list":{"0":"post-136371","1":"product","2":"type-product","3":"status-publish","4":"has-post-thumbnail","6":"product_brand-adidas","7":"product_brand-adidas-en","8":"product_brand-yeezy","9":"product_brand-yeezy-en","10":"product_cat-sneakers","11":"product_cat-73","12":"product_cat-350-en","13":"product_cat-adidas","14":"product_cat-adidas-en","15":"product_cat-sneakers-en","16":"product_cat-yeezy","17":"product_cat-yeezy-en","18":"product_tag-siyah","20":"first","21":"instock","22":"shipping-taxable","23":"purchasable","24":"product-type-variable"},"acf":[],"_links":{"self":[{"href":"https:\/\/sutore.com\/en\/wp-json\/wp\/v2\/product\/136371","targetHints":{"allow":["GET"]}}],"collection":[{"href":"https:\/\/sutore.com\/en\/wp-json\/wp\/v2\/product"}],"about":[{"href":"https:\/\/sutore.com\/en\/wp-json\/wp\/v2\/types\/product"}],"wp:featuredmedia":[{"embeddable":true,"href":"https:\/\/sutore.com\/en\/wp-json\/wp\/v2\/media\/136373"}],"wp:attachment":[{"href":"https:\/\/sutore.com\/en\/wp-json\/wp\/v2\/media?parent=136371"}],"wp:term":[{"taxonomy":"product_brand","embeddable":true,"href":"https:\/\/sutore.com\/en\/wp-json\/wp\/v2\/product_brand?post=136371"},{"taxonomy":"product_cat","embeddable":true,"href":"https:\/\/sutore.com\/en\/wp-json\/wp\/v2\/product_cat?post=136371"},{"taxonomy":"product_tag","embeddable":true,"href":"https:\/\/sutore.com\/en\/wp-json\/wp\/v2\/product_tag?post=136371"}],"curies":[{"name":"wp","href":"https:\/\/api.w.org\/{rel}","templated":true}]}}