{"id":137928,"date":"2023-04-12T22:34:41","date_gmt":"2023-04-12T19:34:41","guid":{"rendered":"https:\/\/sutore.com\/?post_type=product&#038;p=137928"},"modified":"2026-03-21T00:29:38","modified_gmt":"2026-03-20T21:29:38","slug":"adidas-samba-og-white-wonder-clay-gum-w","status":"publish","type":"product","link":"https:\/\/sutore.com\/en\/product\/adidas-samba-og-white-wonder-clay-gum-w\/","title":{"rendered":"adidas Samba OG White Wonder Clay Gum (W)"},"content":{"rendered":"<p style=\"text-align: center\">adidas Samba OG White Wonder Clay Gum hakk\u0131nda daha fazla bilgi almak ve \u00fcr\u00fcn\u00fcn g\u00fcncel global piyasa de\u011ferini takip etmek i\u00e7in <a href=\"https:\/\/stockx.com\/adidas-samba-og-white-wonder-clay-gum-womens\" target=\"_blank\" rel=\"noopener\">StockX<\/a> adresini ziyaret edebilirsiniz.<\/p>\n","protected":false},"excerpt":{"rendered":"<p style=\"text-align: center\">adidas Samba OG White Wonder Clay Gum hakk\u0131nda daha fazla bilgi almak ve \u00fcr\u00fcn\u00fcn g\u00fcncel global piyasa de\u011ferini takip etmek i\u00e7in <a href=\"https:\/\/stockx.com\/adidas-samba-og-white-wonder-clay-gum-womens\" target=\"_blank\" rel=\"noopener\">StockX<\/a> adresini ziyaret edebilirsiniz.<\/p>\n","protected":false},"featured_media":137936,"template":"","meta":{"_acf_changed":false},"product_brand":[2127,1927],"product_cat":[74,71,1570,1799,1804,1569],"product_tag":[1330],"class_list":{"0":"post-137928","1":"product","2":"type-product","3":"status-publish","4":"has-post-thumbnail","6":"product_brand-adidas-en","7":"product_brand-adidas","8":"product_cat-sneakers","9":"product_cat-adidas","10":"product_cat-adidas-en","11":"product_cat-samba","12":"product_cat-samba-en","13":"product_cat-sneakers-en","14":"product_tag-pembe","16":"first","17":"instock","18":"shipping-taxable","19":"purchasable","20":"product-type-variable"},"acf":[],"_links":{"self":[{"href":"https:\/\/sutore.com\/en\/wp-json\/wp\/v2\/product\/137928","targetHints":{"allow":["GET"]}}],"collection":[{"href":"https:\/\/sutore.com\/en\/wp-json\/wp\/v2\/product"}],"about":[{"href":"https:\/\/sutore.com\/en\/wp-json\/wp\/v2\/types\/product"}],"wp:featuredmedia":[{"embeddable":true,"href":"https:\/\/sutore.com\/en\/wp-json\/wp\/v2\/media\/137936"}],"wp:attachment":[{"href":"https:\/\/sutore.com\/en\/wp-json\/wp\/v2\/media?parent=137928"}],"wp:term":[{"taxonomy":"product_brand","embeddable":true,"href":"https:\/\/sutore.com\/en\/wp-json\/wp\/v2\/product_brand?post=137928"},{"taxonomy":"product_cat","embeddable":true,"href":"https:\/\/sutore.com\/en\/wp-json\/wp\/v2\/product_cat?post=137928"},{"taxonomy":"product_tag","embeddable":true,"href":"https:\/\/sutore.com\/en\/wp-json\/wp\/v2\/product_tag?post=137928"}],"curies":[{"name":"wp","href":"https:\/\/api.w.org\/{rel}","templated":true}]}}