{"id":137938,"date":"2023-06-12T22:44:23","date_gmt":"2023-06-12T19:44:23","guid":{"rendered":"https:\/\/sutore.com\/?post_type=product&#038;p=137938"},"modified":"2026-03-21T00:24:10","modified_gmt":"2026-03-20T21:24:10","slug":"nike-air-jordan-1-low-se-flight-club-gs","status":"publish","type":"product","link":"https:\/\/sutore.com\/en\/product\/nike-air-jordan-1-low-se-flight-club-gs\/","title":{"rendered":"Nike Air Jordan 1 Low SE Flight Club (GS)"},"content":{"rendered":"<p style=\"text-align: center\">Nike Air Jordan 1 Low SE Flight Club hakk\u0131nda daha fazla bilgi almak ve \u00fcr\u00fcn\u00fcn g\u00fcncel global piyasa de\u011ferini takip etmek i\u00e7in <a href=\"https:\/\/stockx.com\/air-jordan-1-low-se-flight-club-gs\" target=\"_blank\" rel=\"noopener\">StockX<\/a> adresini ziyaret edebilirsiniz.<\/p>\n","protected":false},"excerpt":{"rendered":"<p style=\"text-align: center\">Nike Air Jordan 1 Low SE Flight Club hakk\u0131nda daha fazla bilgi almak ve \u00fcr\u00fcn\u00fcn g\u00fcncel global piyasa de\u011ferini takip etmek i\u00e7in <a href=\"https:\/\/stockx.com\/air-jordan-1-low-se-flight-club-gs\" target=\"_blank\" rel=\"noopener\">StockX<\/a> adresini ziyaret edebilirsiniz.<\/p>\n","protected":false},"featured_media":137939,"template":"","meta":{"_acf_changed":false},"product_brand":[2041,2019,1928,2087],"product_cat":[74,1577,96,943,1579,1569],"product_tag":[1336],"class_list":{"0":"post-137938","1":"product","2":"type-product","3":"status-publish","4":"has-post-thumbnail","6":"product_brand-air-jordan-en","7":"product_brand-air-jordan","8":"product_brand-nike","9":"product_brand-nike-en","10":"product_cat-sneakers","11":"product_cat-air-jordan-en","12":"product_cat-air-jordan","13":"product_cat-low","14":"product_cat-low-en","15":"product_cat-sneakers-en","16":"product_tag-cok-renk","18":"first","19":"instock","20":"shipping-taxable","21":"purchasable","22":"product-type-variable"},"acf":[],"_links":{"self":[{"href":"https:\/\/sutore.com\/en\/wp-json\/wp\/v2\/product\/137938","targetHints":{"allow":["GET"]}}],"collection":[{"href":"https:\/\/sutore.com\/en\/wp-json\/wp\/v2\/product"}],"about":[{"href":"https:\/\/sutore.com\/en\/wp-json\/wp\/v2\/types\/product"}],"wp:featuredmedia":[{"embeddable":true,"href":"https:\/\/sutore.com\/en\/wp-json\/wp\/v2\/media\/137939"}],"wp:attachment":[{"href":"https:\/\/sutore.com\/en\/wp-json\/wp\/v2\/media?parent=137938"}],"wp:term":[{"taxonomy":"product_brand","embeddable":true,"href":"https:\/\/sutore.com\/en\/wp-json\/wp\/v2\/product_brand?post=137938"},{"taxonomy":"product_cat","embeddable":true,"href":"https:\/\/sutore.com\/en\/wp-json\/wp\/v2\/product_cat?post=137938"},{"taxonomy":"product_tag","embeddable":true,"href":"https:\/\/sutore.com\/en\/wp-json\/wp\/v2\/product_tag?post=137938"}],"curies":[{"name":"wp","href":"https:\/\/api.w.org\/{rel}","templated":true}]}}