{"id":1394,"date":"2018-10-27T14:13:23","date_gmt":"2018-10-27T11:13:23","guid":{"rendered":"http:\/\/sutore.com\/product\/import-placeholder-for-2596\/"},"modified":"2026-04-02T18:11:06","modified_gmt":"2026-04-02T15:11:06","slug":"adidas-yeezy-boost-700-mauve","status":"publish","type":"product","link":"https:\/\/sutore.com\/en\/product\/adidas-yeezy-boost-700-mauve\/","title":{"rendered":"adidas Yeezy Boost 700 Mauve"},"content":{"rendered":"<p style=\"text-align: center\">Yeezy Ailesi, \u015fimdi sutore&#8217;de bulunan adidas Yeezy Boost 700 Mauve ile pop\u00fcler \u00e7izgisini yeni bir renk grubuyla geni\u015fletiyor. Do\u011fal bir modele haz\u0131rlan\u0131n!<\/p>\n<p style=\"text-align: center\">Bu Yeezy 700, siyah kaplamalarla bir Mauve \u00fcst i\u00e7eriyor.\u00a0A\u00e7\u0131k ye\u015fil detaylar\u0131yla Mauve orta taban ve kau\u00e7uk d\u0131\u015f taban tasar\u0131m\u0131 tamaml\u0131yor. Ekim 2018&#8217;de piyasaya s\u00fcr\u00fclen bu model 300 dolar fiyat etiketiyle vitrinlerdeki yerini ald\u0131. Bu \u00e7arp\u0131c\u0131 modeli stoklar bitmeden hemen sat\u0131n al.<\/p>\n<p style=\"text-align: center\">\u00dcr\u00fcn hakk\u0131nda daha fazla bilgi almak ve \u00fcr\u00fcn\u00fcn g\u00fcncel global piyasa de\u011ferini takip etmek i\u00e7in <a href=\"https:\/\/stockx.com\/adidas-yeezy-700-mauve\" target=\"_blank\" rel=\"noopener noreferrer\">StockX<\/a> adresini ziyaret edebilirsiniz.<\/p>\n","protected":false},"excerpt":{"rendered":"<p style=\"text-align: center\">Yeezy Ailesi, \u015fimdi sutore&#8217;de bulunan adidas Yeezy Boost 700 Mauve ile pop\u00fcler \u00e7izgisini yeni bir renk grubuyla geni\u015fletiyor. Do\u011fal bir modele haz\u0131rlan\u0131n!<\/p>\n<p>&nbsp;<\/p>\n<p style=\"text-align: center\">Bu Yeezy 700, siyah kaplamalarla bir Mauve \u00fcst i\u00e7eriyor.\u00a0A\u00e7\u0131k ye\u015fil detaylar\u0131yla Mauve orta taban ve kau\u00e7uk d\u0131\u015f taban tasar\u0131m\u0131 tamaml\u0131yor. Ekim 2018&#8217;de piyasaya s\u00fcr\u00fclen bu model 300 dolar fiyat etiketiyle vitrinlerdeki yerini ald\u0131. Bu \u00e7arp\u0131c\u0131 modeli stoklar bitmeden hemen sat\u0131n al.<\/p>\n<p>&nbsp;<\/p>\n<p style=\"text-align: center\">\u00dcr\u00fcn hakk\u0131nda daha fazla bilgi almak ve \u00fcr\u00fcn\u00fcn g\u00fcncel global piyasa de\u011ferini takip etmek i\u00e7in <a href=\"https:\/\/stockx.com\/adidas-yeezy-boost-700-mauve\" target=\"_blank\" rel=\"noopener noreferrer\">StockX<\/a> adresini ziyaret edebilirsiniz.<\/p>\n","protected":false},"featured_media":1408,"template":"","meta":{"_acf_changed":false},"product_brand":[2127,1927,2003,2126],"product_cat":[74,1575,95,71,1570,1569,1571,72],"product_tag":[1338],"class_list":{"0":"post-1394","1":"product","2":"type-product","3":"status-publish","4":"has-post-thumbnail","6":"product_brand-adidas-en","7":"product_brand-adidas","8":"product_brand-yeezy","9":"product_brand-yeezy-en","10":"product_cat-sneakers","11":"product_cat-700-en","12":"product_cat-95","13":"product_cat-adidas","14":"product_cat-adidas-en","15":"product_cat-sneakers-en","16":"product_cat-yeezy-en","17":"product_cat-yeezy","18":"product_tag-kahverengi","20":"first","21":"instock","22":"shipping-taxable","23":"purchasable","24":"product-type-variable"},"acf":[],"_links":{"self":[{"href":"https:\/\/sutore.com\/en\/wp-json\/wp\/v2\/product\/1394","targetHints":{"allow":["GET"]}}],"collection":[{"href":"https:\/\/sutore.com\/en\/wp-json\/wp\/v2\/product"}],"about":[{"href":"https:\/\/sutore.com\/en\/wp-json\/wp\/v2\/types\/product"}],"wp:featuredmedia":[{"embeddable":true,"href":"https:\/\/sutore.com\/en\/wp-json\/wp\/v2\/media\/1408"}],"wp:attachment":[{"href":"https:\/\/sutore.com\/en\/wp-json\/wp\/v2\/media?parent=1394"}],"wp:term":[{"taxonomy":"product_brand","embeddable":true,"href":"https:\/\/sutore.com\/en\/wp-json\/wp\/v2\/product_brand?post=1394"},{"taxonomy":"product_cat","embeddable":true,"href":"https:\/\/sutore.com\/en\/wp-json\/wp\/v2\/product_cat?post=1394"},{"taxonomy":"product_tag","embeddable":true,"href":"https:\/\/sutore.com\/en\/wp-json\/wp\/v2\/product_tag?post=1394"}],"curies":[{"name":"wp","href":"https:\/\/api.w.org\/{rel}","templated":true}]}}