{"id":140380,"date":"2023-07-03T12:16:56","date_gmt":"2023-07-03T09:16:56","guid":{"rendered":"https:\/\/sutore.com\/?post_type=product&#038;p=140380"},"modified":"2026-03-31T16:34:12","modified_gmt":"2026-03-31T13:34:12","slug":"adidas-samba-og-sporty-rich-cream-blue","status":"publish","type":"product","link":"https:\/\/sutore.com\/en\/product\/adidas-samba-og-sporty-rich-cream-blue\/","title":{"rendered":"adidas Samba OG Sporty &amp; Rich Cream Blue"},"content":{"rendered":"<p style=\"text-align: center\">adidas Samba OG Sporty &amp; Rich Cream Blue hakk\u0131nda daha fazla bilgi almak ve \u00fcr\u00fcn\u00fcn g\u00fcncel global piyasa de\u011ferini takip etmek i\u00e7in <a href=\"https:\/\/stockx.com\/adidas-samba-og-sporty-and-rich-beige-blue\" target=\"_blank\" rel=\"noopener\">StockX<\/a> adresini ziyaret edebilirsiniz.<\/p>\n","protected":false},"excerpt":{"rendered":"<p style=\"text-align: center\">adidas Samba OG Sporty &amp; Rich Cream Blue hakk\u0131nda daha fazla bilgi almak ve \u00fcr\u00fcn\u00fcn g\u00fcncel global piyasa de\u011ferini takip etmek i\u00e7in <a href=\"https:\/\/stockx.com\/adidas-samba-og-sporty-and-rich-beige-blue\" target=\"_blank\" rel=\"noopener\">StockX<\/a> adresini ziyaret edebilirsiniz.<\/p>\n","protected":false},"featured_media":140383,"template":"","meta":{"_acf_changed":false},"product_brand":[2127,1927,1938,2109],"product_cat":[74,71,1570,1799,1804,1569],"product_tag":[1328],"class_list":{"0":"post-140380","1":"product","2":"type-product","3":"status-publish","4":"has-post-thumbnail","6":"product_brand-adidas-en","7":"product_brand-adidas","8":"product_brand-sporty-rich","9":"product_brand-sporty-rich-en","10":"product_cat-sneakers","11":"product_cat-adidas","12":"product_cat-adidas-en","13":"product_cat-samba","14":"product_cat-samba-en","15":"product_cat-sneakers-en","16":"product_tag-beyaz","18":"first","19":"instock","20":"shipping-taxable","21":"purchasable","22":"product-type-variable"},"acf":[],"_links":{"self":[{"href":"https:\/\/sutore.com\/en\/wp-json\/wp\/v2\/product\/140380","targetHints":{"allow":["GET"]}}],"collection":[{"href":"https:\/\/sutore.com\/en\/wp-json\/wp\/v2\/product"}],"about":[{"href":"https:\/\/sutore.com\/en\/wp-json\/wp\/v2\/types\/product"}],"wp:featuredmedia":[{"embeddable":true,"href":"https:\/\/sutore.com\/en\/wp-json\/wp\/v2\/media\/140383"}],"wp:attachment":[{"href":"https:\/\/sutore.com\/en\/wp-json\/wp\/v2\/media?parent=140380"}],"wp:term":[{"taxonomy":"product_brand","embeddable":true,"href":"https:\/\/sutore.com\/en\/wp-json\/wp\/v2\/product_brand?post=140380"},{"taxonomy":"product_cat","embeddable":true,"href":"https:\/\/sutore.com\/en\/wp-json\/wp\/v2\/product_cat?post=140380"},{"taxonomy":"product_tag","embeddable":true,"href":"https:\/\/sutore.com\/en\/wp-json\/wp\/v2\/product_tag?post=140380"}],"curies":[{"name":"wp","href":"https:\/\/api.w.org\/{rel}","templated":true}]}}