{"id":146909,"date":"2023-08-08T21:34:23","date_gmt":"2023-08-08T18:34:23","guid":{"rendered":"https:\/\/sutore.com\/?post_type=product&#038;p=146909"},"modified":"2025-09-01T21:33:53","modified_gmt":"2025-09-01T18:33:53","slug":"nike-x-nocta-tech-fleece-open-hem-pant-cobalt-blue-tint","status":"publish","type":"product","link":"https:\/\/sutore.com\/en\/product\/nike-x-nocta-tech-fleece-open-hem-pant-cobalt-blue-tint\/","title":{"rendered":"Nike x NOCTA Tech Fleece Open Hem Pant Cobalt Blue Tint"},"content":{"rendered":"<p style=\"text-align: center\">Nike x NOCTA Tech Fleece Open Hem Pant Cobalt Blue Tint hakk\u0131nda daha fazla bilgi almak ve \u00fcr\u00fcn\u00fcn g\u00fcncel global piyasa de\u011ferini takip etmek i\u00e7in <a href=\"https:\/\/stockx.com\/nike-x-nocta-tech-fleece-open-hem-pant-cobalt-blue-tint\" target=\"_blank\" rel=\"noopener\">StockX<\/a> adresini ziyaret edebilirsiniz.<\/p>\n","protected":false},"excerpt":{"rendered":"<p style=\"text-align: center\">Nike x NOCTA Tech Fleece Open Hem Pant Cobalt Blue Tint hakk\u0131nda daha fazla bilgi almak ve \u00fcr\u00fcn\u00fcn g\u00fcncel global piyasa de\u011ferini takip etmek i\u00e7in <a href=\"https:\/\/stockx.com\/nike-x-nocta-tech-fleece-open-hem-pant-cobalt-blue-tint\" target=\"_blank\" rel=\"noopener\">StockX<\/a> adresini ziyaret edebilirsiniz.<\/p>\n","protected":false},"featured_media":147379,"template":"","meta":{"_acf_changed":false},"product_brand":[1928,2087],"product_cat":[2152,1564,2175,714],"product_tag":[1332],"class_list":{"0":"post-146909","1":"product","2":"type-product","3":"status-publish","4":"has-post-thumbnail","6":"product_brand-nike","7":"product_brand-nike-en","8":"product_cat-bottoms","9":"product_cat-apparels-en","10":"product_cat-bottoms-en","11":"product_cat-apparels","12":"product_tag-mavi","14":"first","15":"outofstock","16":"shipping-taxable","17":"purchasable","18":"product-type-variable"},"acf":[],"_links":{"self":[{"href":"https:\/\/sutore.com\/en\/wp-json\/wp\/v2\/product\/146909","targetHints":{"allow":["GET"]}}],"collection":[{"href":"https:\/\/sutore.com\/en\/wp-json\/wp\/v2\/product"}],"about":[{"href":"https:\/\/sutore.com\/en\/wp-json\/wp\/v2\/types\/product"}],"wp:featuredmedia":[{"embeddable":true,"href":"https:\/\/sutore.com\/en\/wp-json\/wp\/v2\/media\/147379"}],"wp:attachment":[{"href":"https:\/\/sutore.com\/en\/wp-json\/wp\/v2\/media?parent=146909"}],"wp:term":[{"taxonomy":"product_brand","embeddable":true,"href":"https:\/\/sutore.com\/en\/wp-json\/wp\/v2\/product_brand?post=146909"},{"taxonomy":"product_cat","embeddable":true,"href":"https:\/\/sutore.com\/en\/wp-json\/wp\/v2\/product_cat?post=146909"},{"taxonomy":"product_tag","embeddable":true,"href":"https:\/\/sutore.com\/en\/wp-json\/wp\/v2\/product_tag?post=146909"}],"curies":[{"name":"wp","href":"https:\/\/api.w.org\/{rel}","templated":true}]}}