{"id":147493,"date":"2023-08-17T20:55:34","date_gmt":"2023-08-17T17:55:34","guid":{"rendered":"https:\/\/sutore.com\/?post_type=product&#038;p=147493"},"modified":"2026-04-03T16:45:08","modified_gmt":"2026-04-03T13:45:08","slug":"supreme-eyewear-tee-yellow","status":"publish","type":"product","link":"https:\/\/sutore.com\/en\/product\/supreme-eyewear-tee-yellow\/","title":{"rendered":"Supreme Eyewear Tee Yellow"},"content":{"rendered":"<p>&nbsp;<\/p>\n<p style=\"text-align: center;\"><span style=\"font-size: 14.4px;\">Supreme Eyewear Tee Yellow hakk\u0131nda daha fazla bilgi almak ve \u00fcr\u00fcn\u00fcn g\u00fcncel global piyasa de\u011ferini takip etmek i\u00e7in <\/span><a style=\"font-size: 14.4px;\" href=\"https:\/\/stockx.com\/supreme-eyewear-tee-yellow\" target=\"_blank\" rel=\"noopener\">StockX<\/a><span style=\"font-size: 14.4px;\"> adresini ziyaret edebilirsiniz.<\/span><\/p>\n","protected":false},"excerpt":{"rendered":"<p style=\"text-align: center;\">Supreme Eyewear Tee Yellow hakk\u0131nda daha fazla bilgi almak ve \u00fcr\u00fcn\u00fcn g\u00fcncel global piyasa de\u011ferini takip etmek i\u00e7in <a href=\"https:\/\/stockx.com\/supreme-eyewear-tee-yellow\" target=\"_blank\" rel=\"noopener\">StockX<\/a> adresini ziyaret edebilirsiniz.<\/p>\n","protected":false},"featured_media":148301,"template":"","meta":{"_acf_changed":false},"product_brand":[1942,1986],"product_cat":[714,1564,2179,2155],"product_tag":[1335],"class_list":{"0":"post-147493","1":"product","2":"type-product","3":"status-publish","4":"has-post-thumbnail","6":"product_brand-supreme","7":"product_brand-supreme-en","8":"product_cat-apparels","9":"product_cat-apparels-en","10":"product_cat-tops-en","11":"product_cat-tops","12":"product_tag-sari","14":"first","15":"outofstock","16":"shipping-taxable","17":"product-type-variable"},"acf":[],"_links":{"self":[{"href":"https:\/\/sutore.com\/en\/wp-json\/wp\/v2\/product\/147493","targetHints":{"allow":["GET"]}}],"collection":[{"href":"https:\/\/sutore.com\/en\/wp-json\/wp\/v2\/product"}],"about":[{"href":"https:\/\/sutore.com\/en\/wp-json\/wp\/v2\/types\/product"}],"wp:featuredmedia":[{"embeddable":true,"href":"https:\/\/sutore.com\/en\/wp-json\/wp\/v2\/media\/148301"}],"wp:attachment":[{"href":"https:\/\/sutore.com\/en\/wp-json\/wp\/v2\/media?parent=147493"}],"wp:term":[{"taxonomy":"product_brand","embeddable":true,"href":"https:\/\/sutore.com\/en\/wp-json\/wp\/v2\/product_brand?post=147493"},{"taxonomy":"product_cat","embeddable":true,"href":"https:\/\/sutore.com\/en\/wp-json\/wp\/v2\/product_cat?post=147493"},{"taxonomy":"product_tag","embeddable":true,"href":"https:\/\/sutore.com\/en\/wp-json\/wp\/v2\/product_tag?post=147493"}],"curies":[{"name":"wp","href":"https:\/\/api.w.org\/{rel}","templated":true}]}}