{"id":155484,"date":"2023-09-11T10:15:45","date_gmt":"2023-09-11T07:15:45","guid":{"rendered":"https:\/\/sutore.com\/?post_type=product&#038;p=155484"},"modified":"2026-04-02T17:43:29","modified_gmt":"2026-04-02T14:43:29","slug":"crocs-pollex-clog-by-salehe-bembury-niagara","status":"publish","type":"product","link":"https:\/\/sutore.com\/en\/product\/crocs-pollex-clog-by-salehe-bembury-niagara\/","title":{"rendered":"Crocs Pollex Clog by Salehe Bembury Niagara"},"content":{"rendered":"<p style=\"text-align: center\">Crocs Pollex Clog by Salehe Bembury Niagara hakk\u0131nda daha fazla bilgi almak ve \u00fcr\u00fcn\u00fcn g\u00fcncel global piyasa de\u011ferini takip etmek i\u00e7in <a href=\"https:\/\/stockx.com\/crocs-pollex-clog-by-salehe-bembury-niagara\" target=\"_blank\" rel=\"noopener\">StockX<\/a> adresini ziyaret edebilirsiniz.<\/p>\n","protected":false},"excerpt":{"rendered":"<p style=\"text-align: center\">Crocs Pollex Clog by Salehe Bembury Niagara hakk\u0131nda daha fazla bilgi almak ve \u00fcr\u00fcn\u00fcn g\u00fcncel global piyasa de\u011ferini takip etmek i\u00e7in <a href=\"https:\/\/stockx.com\/crocs-pollex-clog-by-salehe-bembury-niagara\" target=\"_blank\" rel=\"noopener\">StockX<\/a> adresini ziyaret edebilirsiniz.<\/p>\n","protected":false},"featured_media":155486,"template":"","meta":{"_acf_changed":false},"product_brand":[1901,2057],"product_cat":[74,2158,2182,1569],"product_tag":[1334],"class_list":{"0":"post-155484","1":"product","2":"type-product","3":"status-publish","4":"has-post-thumbnail","6":"product_brand-crocs","7":"product_brand-crocs-en","8":"product_cat-sneakers","9":"product_cat-others","10":"product_cat-others-en","11":"product_cat-sneakers-en","12":"product_tag-gri","14":"first","15":"instock","16":"shipping-taxable","17":"purchasable","18":"product-type-variable"},"acf":[],"_links":{"self":[{"href":"https:\/\/sutore.com\/en\/wp-json\/wp\/v2\/product\/155484","targetHints":{"allow":["GET"]}}],"collection":[{"href":"https:\/\/sutore.com\/en\/wp-json\/wp\/v2\/product"}],"about":[{"href":"https:\/\/sutore.com\/en\/wp-json\/wp\/v2\/types\/product"}],"wp:featuredmedia":[{"embeddable":true,"href":"https:\/\/sutore.com\/en\/wp-json\/wp\/v2\/media\/155486"}],"wp:attachment":[{"href":"https:\/\/sutore.com\/en\/wp-json\/wp\/v2\/media?parent=155484"}],"wp:term":[{"taxonomy":"product_brand","embeddable":true,"href":"https:\/\/sutore.com\/en\/wp-json\/wp\/v2\/product_brand?post=155484"},{"taxonomy":"product_cat","embeddable":true,"href":"https:\/\/sutore.com\/en\/wp-json\/wp\/v2\/product_cat?post=155484"},{"taxonomy":"product_tag","embeddable":true,"href":"https:\/\/sutore.com\/en\/wp-json\/wp\/v2\/product_tag?post=155484"}],"curies":[{"name":"wp","href":"https:\/\/api.w.org\/{rel}","templated":true}]}}