{"id":157008,"date":"2023-10-24T19:54:53","date_gmt":"2023-10-24T16:54:53","guid":{"rendered":"https:\/\/sutore.com\/?post_type=product&#038;p=157008"},"modified":"2026-04-02T17:41:16","modified_gmt":"2026-04-02T14:41:16","slug":"nike-air-jordan-3-retro-sp-j-balvin-medellin-sunset","status":"publish","type":"product","link":"https:\/\/sutore.com\/en\/product\/nike-air-jordan-3-retro-sp-j-balvin-medellin-sunset\/","title":{"rendered":"Nike Air Jordan 3 Retro SP J Balvin Medell\u00edn Sunset"},"content":{"rendered":"<p style=\"text-align: center\">Nike Air Jordan 3 Retro SP J Balvin Medell\u00edn Sunset hakk\u0131nda daha fazla bilgi almak ve \u00fcr\u00fcn\u00fcn g\u00fcncel global piyasa de\u011ferini takip etmek i\u00e7in <a href=\"https:\/\/stockx.com\/air-jordan-3-retro-sp-j-balvin\" target=\"_blank\" rel=\"noopener\">StockX<\/a> adresini ziyaret edebilirsiniz.<\/p>\n","protected":false},"excerpt":{"rendered":"<p style=\"text-align: center\">Nike Air Jordan 3 Retro SP J Balvin Medell\u00edn Sunset hakk\u0131nda daha fazla bilgi almak ve \u00fcr\u00fcn\u00fcn g\u00fcncel global piyasa de\u011ferini takip etmek i\u00e7in <a href=\"https:\/\/stockx.com\/air-jordan-3-retro-sp-j-balvin\" target=\"_blank\" rel=\"noopener\">StockX<\/a> adresini ziyaret edebilirsiniz.<\/p>\n","protected":false},"featured_media":157012,"template":"","meta":{"_acf_changed":false},"product_brand":[2041,2019,2087,1928],"product_cat":[74,96,1577,946,1581,1569],"product_tag":[1336],"class_list":{"0":"post-157008","1":"product","2":"type-product","3":"status-publish","4":"has-post-thumbnail","6":"product_brand-air-jordan-en","7":"product_brand-air-jordan","8":"product_brand-nike-en","9":"product_brand-nike","10":"product_cat-sneakers","11":"product_cat-air-jordan","12":"product_cat-air-jordan-en","13":"product_cat-others-air-jordan","14":"product_cat-others-air-jordan-en","15":"product_cat-sneakers-en","16":"product_tag-cok-renk","18":"first","19":"instock","20":"shipping-taxable","21":"purchasable","22":"product-type-variable"},"acf":[],"_links":{"self":[{"href":"https:\/\/sutore.com\/en\/wp-json\/wp\/v2\/product\/157008","targetHints":{"allow":["GET"]}}],"collection":[{"href":"https:\/\/sutore.com\/en\/wp-json\/wp\/v2\/product"}],"about":[{"href":"https:\/\/sutore.com\/en\/wp-json\/wp\/v2\/types\/product"}],"wp:featuredmedia":[{"embeddable":true,"href":"https:\/\/sutore.com\/en\/wp-json\/wp\/v2\/media\/157012"}],"wp:attachment":[{"href":"https:\/\/sutore.com\/en\/wp-json\/wp\/v2\/media?parent=157008"}],"wp:term":[{"taxonomy":"product_brand","embeddable":true,"href":"https:\/\/sutore.com\/en\/wp-json\/wp\/v2\/product_brand?post=157008"},{"taxonomy":"product_cat","embeddable":true,"href":"https:\/\/sutore.com\/en\/wp-json\/wp\/v2\/product_cat?post=157008"},{"taxonomy":"product_tag","embeddable":true,"href":"https:\/\/sutore.com\/en\/wp-json\/wp\/v2\/product_tag?post=157008"}],"curies":[{"name":"wp","href":"https:\/\/api.w.org\/{rel}","templated":true}]}}