{"id":158018,"date":"2023-10-02T21:11:42","date_gmt":"2023-10-02T18:11:42","guid":{"rendered":"https:\/\/sutore.com\/?post_type=product&#038;p=158018"},"modified":"2026-03-30T04:48:15","modified_gmt":"2026-03-30T01:48:15","slug":"new-balance-530-grey-matter-silver-metallic","status":"publish","type":"product","link":"https:\/\/sutore.com\/en\/product\/new-balance-530-grey-matter-silver-metallic\/","title":{"rendered":"New Balance 530 Grey Matter Silver Metallic"},"content":{"rendered":"<p style=\"text-align: center\">New Balance 530 Grey Matter Silver Metallic hakk\u0131nda daha fazla bilgi almak ve \u00fcr\u00fcn\u00fcn g\u00fcncel global piyasa de\u011ferini takip etmek i\u00e7in <a href=\"https:\/\/stockx.com\/new-balance-530-grey-matter-silver-metallic\" target=\"_blank\" rel=\"noopener\">StockX<\/a> adresini ziyaret edebilirsiniz.<\/p>\n","protected":false},"excerpt":{"rendered":"<p style=\"text-align: center\">New Balance 530 Grey Matter Silver Metallic hakk\u0131nda daha fazla bilgi almak ve \u00fcr\u00fcn\u00fcn g\u00fcncel global piyasa de\u011ferini takip etmek i\u00e7in <a href=\"https:\/\/stockx.com\/new-balance-530-grey-matter-silver-metallic\" target=\"_blank\" rel=\"noopener\">StockX<\/a> adresini ziyaret edebilirsiniz.<\/p>\n","protected":false},"featured_media":158019,"template":"","meta":{"_acf_changed":false},"product_brand":[2086,1980],"product_cat":[74,1800,1808,1588,109,1569],"product_tag":[1334],"class_list":{"0":"post-158018","1":"product","2":"type-product","3":"status-publish","4":"has-post-thumbnail","6":"product_brand-new-balance-en","7":"product_brand-new-balance","8":"product_cat-sneakers","9":"product_cat-1800","10":"product_cat-530-en","11":"product_cat-new-balance-en","12":"product_cat-new-balance","13":"product_cat-sneakers-en","14":"product_tag-gri","16":"first","17":"instock","18":"shipping-taxable","19":"purchasable","20":"product-type-variable"},"acf":[],"_links":{"self":[{"href":"https:\/\/sutore.com\/en\/wp-json\/wp\/v2\/product\/158018","targetHints":{"allow":["GET"]}}],"collection":[{"href":"https:\/\/sutore.com\/en\/wp-json\/wp\/v2\/product"}],"about":[{"href":"https:\/\/sutore.com\/en\/wp-json\/wp\/v2\/types\/product"}],"wp:featuredmedia":[{"embeddable":true,"href":"https:\/\/sutore.com\/en\/wp-json\/wp\/v2\/media\/158019"}],"wp:attachment":[{"href":"https:\/\/sutore.com\/en\/wp-json\/wp\/v2\/media?parent=158018"}],"wp:term":[{"taxonomy":"product_brand","embeddable":true,"href":"https:\/\/sutore.com\/en\/wp-json\/wp\/v2\/product_brand?post=158018"},{"taxonomy":"product_cat","embeddable":true,"href":"https:\/\/sutore.com\/en\/wp-json\/wp\/v2\/product_cat?post=158018"},{"taxonomy":"product_tag","embeddable":true,"href":"https:\/\/sutore.com\/en\/wp-json\/wp\/v2\/product_tag?post=158018"}],"curies":[{"name":"wp","href":"https:\/\/api.w.org\/{rel}","templated":true}]}}