{"id":159483,"date":"2023-05-13T11:20:12","date_gmt":"2023-05-13T08:20:12","guid":{"rendered":"https:\/\/sutore.com\/?post_type=product&#038;p=159483"},"modified":"2026-03-21T00:25:40","modified_gmt":"2026-03-20T21:25:40","slug":"nike-dunk-low-athletic-department-picante-red","status":"publish","type":"product","link":"https:\/\/sutore.com\/en\/product\/nike-dunk-low-athletic-department-picante-red\/","title":{"rendered":"Nike Dunk Low Athletic Department Picante Red"},"content":{"rendered":"<p class=\"chakra-heading css-1paa8gy\" style=\"text-align: center\" data-component=\"primary-product-title\">Nike Dunk Low Athletic Department Picante Red hakk\u0131nda daha fazla bilgi almak ve \u00fcr\u00fcn\u00fcn g\u00fcncel global piyasa de\u011ferini takip etmek i\u00e7in <a href=\"https:\/\/stockx.com\/nike-air-dunk-85-athletic-department\" target=\"_blank\" rel=\"noopener\">StockX<\/a> adresini ziyaret edebilirsiniz.<\/p>\n","protected":false},"excerpt":{"rendered":"<p style=\"text-align: center\">Nike Dunk Low Athletic Department Picante Red hakk\u0131nda daha fazla bilgi almak ve \u00fcr\u00fcn\u00fcn g\u00fcncel global piyasa de\u011ferini takip etmek i\u00e7in <a href=\"https:\/\/stockx.com\/nike-air-dunk-85-athletic-department\" target=\"_blank\" rel=\"noopener\">StockX<\/a> adresini ziyaret edebilirsiniz.<\/p>\n","protected":false},"featured_media":159484,"template":"","meta":{"_acf_changed":false},"product_brand":[1928,2087],"product_cat":[74,100,1585,1582,98,1569],"product_tag":[1334],"class_list":{"0":"post-159483","1":"product","2":"type-product","3":"status-publish","4":"has-post-thumbnail","6":"product_brand-nike","7":"product_brand-nike-en","8":"product_cat-sneakers","9":"product_cat-dunk","10":"product_cat-dunk-en","11":"product_cat-nike-en","12":"product_cat-nike","13":"product_cat-sneakers-en","14":"product_tag-gri","16":"first","17":"instock","18":"shipping-taxable","19":"purchasable","20":"product-type-variable"},"acf":[],"_links":{"self":[{"href":"https:\/\/sutore.com\/en\/wp-json\/wp\/v2\/product\/159483","targetHints":{"allow":["GET"]}}],"collection":[{"href":"https:\/\/sutore.com\/en\/wp-json\/wp\/v2\/product"}],"about":[{"href":"https:\/\/sutore.com\/en\/wp-json\/wp\/v2\/types\/product"}],"wp:featuredmedia":[{"embeddable":true,"href":"https:\/\/sutore.com\/en\/wp-json\/wp\/v2\/media\/159484"}],"wp:attachment":[{"href":"https:\/\/sutore.com\/en\/wp-json\/wp\/v2\/media?parent=159483"}],"wp:term":[{"taxonomy":"product_brand","embeddable":true,"href":"https:\/\/sutore.com\/en\/wp-json\/wp\/v2\/product_brand?post=159483"},{"taxonomy":"product_cat","embeddable":true,"href":"https:\/\/sutore.com\/en\/wp-json\/wp\/v2\/product_cat?post=159483"},{"taxonomy":"product_tag","embeddable":true,"href":"https:\/\/sutore.com\/en\/wp-json\/wp\/v2\/product_tag?post=159483"}],"curies":[{"name":"wp","href":"https:\/\/api.w.org\/{rel}","templated":true}]}}