{"id":160101,"date":"2023-10-19T09:47:05","date_gmt":"2023-10-19T06:47:05","guid":{"rendered":"https:\/\/sutore.com\/?post_type=product&#038;p=160101"},"modified":"2026-04-02T17:43:07","modified_gmt":"2026-04-02T14:43:07","slug":"adidas-handball-spezial-shadow-brown-gum","status":"publish","type":"product","link":"https:\/\/sutore.com\/en\/product\/adidas-handball-spezial-shadow-brown-gum\/","title":{"rendered":"adidas Handball Spezial Shadow Brown Gum"},"content":{"rendered":"<p style=\"text-align: center\">adidas Handball Spezial Shadow Brown Gum hakk\u0131nda daha fazla bilgi almak ve \u00fcr\u00fcn\u00fcn g\u00fcncel global piyasa de\u011ferini takip etmek i\u00e7in <a href=\"https:\/\/stockx.com\/adidas-handball-spezial-shadow-brown-gum\" target=\"_blank\" rel=\"noopener\">StockX<\/a> adresini ziyaret edebilirsiniz.<\/p>\n","protected":false},"excerpt":{"rendered":"<p style=\"text-align: center\">adidas Handball Spezial Shadow Brown Gum hakk\u0131nda daha fazla bilgi almak ve \u00fcr\u00fcn\u00fcn g\u00fcncel global piyasa de\u011ferini takip etmek i\u00e7in <a href=\"https:\/\/stockx.com\/adidas-handball-spezial-shadow-brown-gum\" target=\"_blank\" rel=\"noopener\">StockX<\/a> adresini ziyaret edebilirsiniz.<\/p>\n","protected":false},"featured_media":160102,"template":"","meta":{"_acf_changed":false},"product_brand":[1927,2127],"product_cat":[74,71,1570,1569,1930,1935],"product_tag":[1338],"class_list":{"0":"post-160101","1":"product","2":"type-product","3":"status-publish","4":"has-post-thumbnail","6":"product_brand-adidas","7":"product_brand-adidas-en","8":"product_cat-sneakers","9":"product_cat-adidas","10":"product_cat-adidas-en","11":"product_cat-sneakers-en","12":"product_cat-spezial","13":"product_cat-spezial-en","14":"product_tag-kahverengi","16":"first","17":"instock","18":"shipping-taxable","19":"purchasable","20":"product-type-variable"},"acf":[],"_links":{"self":[{"href":"https:\/\/sutore.com\/en\/wp-json\/wp\/v2\/product\/160101","targetHints":{"allow":["GET"]}}],"collection":[{"href":"https:\/\/sutore.com\/en\/wp-json\/wp\/v2\/product"}],"about":[{"href":"https:\/\/sutore.com\/en\/wp-json\/wp\/v2\/types\/product"}],"wp:featuredmedia":[{"embeddable":true,"href":"https:\/\/sutore.com\/en\/wp-json\/wp\/v2\/media\/160102"}],"wp:attachment":[{"href":"https:\/\/sutore.com\/en\/wp-json\/wp\/v2\/media?parent=160101"}],"wp:term":[{"taxonomy":"product_brand","embeddable":true,"href":"https:\/\/sutore.com\/en\/wp-json\/wp\/v2\/product_brand?post=160101"},{"taxonomy":"product_cat","embeddable":true,"href":"https:\/\/sutore.com\/en\/wp-json\/wp\/v2\/product_cat?post=160101"},{"taxonomy":"product_tag","embeddable":true,"href":"https:\/\/sutore.com\/en\/wp-json\/wp\/v2\/product_tag?post=160101"}],"curies":[{"name":"wp","href":"https:\/\/api.w.org\/{rel}","templated":true}]}}