{"id":164174,"date":"2020-12-19T11:45:01","date_gmt":"2020-12-19T08:45:01","guid":{"rendered":"https:\/\/sutore.com\/?post_type=product&#038;p=164174"},"modified":"2026-03-31T16:34:14","modified_gmt":"2026-03-31T13:34:14","slug":"nike-air-force-1-low-sp-supreme-wheat","status":"publish","type":"product","link":"https:\/\/sutore.com\/en\/product\/nike-air-force-1-low-sp-supreme-wheat\/","title":{"rendered":"Nike Air Force 1 Low SP Supreme Wheat"},"content":{"rendered":"<p style=\"text-align: center\">Nike Air Force 1 Low SP Supreme Wheat hakk\u0131nda daha fazla bilgi almak ve \u00fcr\u00fcn\u00fcn g\u00fcncel global piyasa de\u011ferini takip etmek i\u00e7in <a href=\"https:\/\/stockx.com\/nike-air-force-1-low-supreme-flax\" target=\"_blank\" rel=\"noopener\">StockX<\/a> adresini ziyaret edebilirsiniz.<\/p>\n","protected":false},"excerpt":{"rendered":"<p style=\"text-align: center\">Nike Air Force 1 Low SP Supreme Wheat hakk\u0131nda daha fazla bilgi almak ve \u00fcr\u00fcn\u00fcn g\u00fcncel global piyasa de\u011ferini takip etmek i\u00e7in <a href=\"https:\/\/stockx.com\/nike-air-force-1-low-supreme-flax\" target=\"_blank\" rel=\"noopener\">StockX<\/a> adresini ziyaret edebilirsiniz.<\/p>\n","protected":false},"featured_media":164178,"template":"","meta":{"_acf_changed":false},"product_brand":[1928,2087,1942,1986],"product_cat":[74,105,1583,98,1582,1569],"product_tag":[1338],"class_list":{"0":"post-164174","1":"product","2":"type-product","3":"status-publish","4":"has-post-thumbnail","6":"product_brand-nike","7":"product_brand-nike-en","8":"product_brand-supreme","9":"product_brand-supreme-en","10":"product_cat-sneakers","11":"product_cat-air-force","12":"product_cat-air-force-en","13":"product_cat-nike","14":"product_cat-nike-en","15":"product_cat-sneakers-en","16":"product_tag-kahverengi","18":"first","19":"instock","20":"shipping-taxable","21":"purchasable","22":"product-type-variable"},"acf":[],"_links":{"self":[{"href":"https:\/\/sutore.com\/en\/wp-json\/wp\/v2\/product\/164174","targetHints":{"allow":["GET"]}}],"collection":[{"href":"https:\/\/sutore.com\/en\/wp-json\/wp\/v2\/product"}],"about":[{"href":"https:\/\/sutore.com\/en\/wp-json\/wp\/v2\/types\/product"}],"wp:featuredmedia":[{"embeddable":true,"href":"https:\/\/sutore.com\/en\/wp-json\/wp\/v2\/media\/164178"}],"wp:attachment":[{"href":"https:\/\/sutore.com\/en\/wp-json\/wp\/v2\/media?parent=164174"}],"wp:term":[{"taxonomy":"product_brand","embeddable":true,"href":"https:\/\/sutore.com\/en\/wp-json\/wp\/v2\/product_brand?post=164174"},{"taxonomy":"product_cat","embeddable":true,"href":"https:\/\/sutore.com\/en\/wp-json\/wp\/v2\/product_cat?post=164174"},{"taxonomy":"product_tag","embeddable":true,"href":"https:\/\/sutore.com\/en\/wp-json\/wp\/v2\/product_tag?post=164174"}],"curies":[{"name":"wp","href":"https:\/\/api.w.org\/{rel}","templated":true}]}}