{"id":166405,"date":"2023-07-08T01:19:06","date_gmt":"2023-07-07T22:19:06","guid":{"rendered":"https:\/\/sutore.com\/?post_type=product&#038;p=166405"},"modified":"2026-03-31T16:34:12","modified_gmt":"2026-03-31T13:34:12","slug":"adidas-forum-low-mms-craft-blue-footwear-white-eqt-yellow","status":"publish","type":"product","link":"https:\/\/sutore.com\/en\/product\/adidas-forum-low-mms-craft-blue-footwear-white-eqt-yellow\/","title":{"rendered":"adidas Forum Low M&#038;M&#8217;s Craft Blue Footwear White EQT Yellow"},"content":{"rendered":"<p style=\"text-align: center;\">adidas Forum Low M&amp;M&#8217;s Craft Blue Footwear White EQT Yellow hakk\u0131nda daha fazla bilgi almak ve \u00fcr\u00fcn\u00fcn g\u00fcncel global piyasa de\u011ferini takip etmek i\u00e7in <a href=\"https:\/\/stockx.com\/adidas-forum-low-m-ms-craft-blue-footwear-white-eqt-yellow\" target=\"_blank\" rel=\"noopener\">StockX<\/a> adresini ziyaret edebilirsiniz.<\/p>\n","protected":false},"excerpt":{"rendered":"<p style=\"text-align: center;\">adidas Forum Low M&amp;M&#8217;s Craft Blue Footwear White EQT Yellow hakk\u0131nda daha fazla bilgi almak ve \u00fcr\u00fcn\u00fcn g\u00fcncel global piyasa de\u011ferini takip etmek i\u00e7in <a href=\"https:\/\/stockx.com\/adidas-forum-low-m-ms-craft-blue-footwear-white-eqt-yellow\" target=\"_blank\" rel=\"noopener\">StockX<\/a> adresini ziyaret edebilirsiniz.<\/p>\n","protected":false},"featured_media":166406,"template":"","meta":{"_acf_changed":false},"product_brand":[2127,1927],"product_cat":[74,71,1570,1569],"product_tag":[1332],"class_list":{"0":"post-166405","1":"product","2":"type-product","3":"status-publish","4":"has-post-thumbnail","6":"product_brand-adidas-en","7":"product_brand-adidas","8":"product_cat-sneakers","9":"product_cat-adidas","10":"product_cat-adidas-en","11":"product_cat-sneakers-en","12":"product_tag-mavi","14":"first","15":"instock","16":"shipping-taxable","17":"purchasable","18":"product-type-variable"},"acf":[],"_links":{"self":[{"href":"https:\/\/sutore.com\/en\/wp-json\/wp\/v2\/product\/166405","targetHints":{"allow":["GET"]}}],"collection":[{"href":"https:\/\/sutore.com\/en\/wp-json\/wp\/v2\/product"}],"about":[{"href":"https:\/\/sutore.com\/en\/wp-json\/wp\/v2\/types\/product"}],"wp:featuredmedia":[{"embeddable":true,"href":"https:\/\/sutore.com\/en\/wp-json\/wp\/v2\/media\/166406"}],"wp:attachment":[{"href":"https:\/\/sutore.com\/en\/wp-json\/wp\/v2\/media?parent=166405"}],"wp:term":[{"taxonomy":"product_brand","embeddable":true,"href":"https:\/\/sutore.com\/en\/wp-json\/wp\/v2\/product_brand?post=166405"},{"taxonomy":"product_cat","embeddable":true,"href":"https:\/\/sutore.com\/en\/wp-json\/wp\/v2\/product_cat?post=166405"},{"taxonomy":"product_tag","embeddable":true,"href":"https:\/\/sutore.com\/en\/wp-json\/wp\/v2\/product_tag?post=166405"}],"curies":[{"name":"wp","href":"https:\/\/api.w.org\/{rel}","templated":true}]}}