{"id":169315,"date":"2024-01-14T17:31:26","date_gmt":"2024-01-14T14:31:26","guid":{"rendered":"https:\/\/sutore.com\/?post_type=product&#038;p=169315"},"modified":"2026-03-25T04:32:13","modified_gmt":"2026-03-25T01:32:13","slug":"nike-air-jordan-1-low-se-craft-dark-smoke-grey-varsity-red","status":"publish","type":"product","link":"https:\/\/sutore.com\/en\/product\/nike-air-jordan-1-low-se-craft-dark-smoke-grey-varsity-red\/","title":{"rendered":"Nike Air Jordan 1 Low SE Craft Dark Smoke Grey Varsity Red"},"content":{"rendered":"<p style=\"text-align: center;\">Nike Air Jordan 1 Low SE Craft Dark Smoke Grey Varsity Red hakk\u0131nda daha fazla bilgi almak ve \u00fcr\u00fcn\u00fcn g\u00fcncel global piyasa de\u011ferini takip etmek i\u00e7in StockX adresini ziyaret edebilirsiniz.<\/p>\n","protected":false},"excerpt":{"rendered":"<p style=\"text-align: center;\">Nike Air Jordan 1 Low SE Craft Dark Smoke Grey Varsity Red hakk\u0131nda daha fazla bilgi almak ve \u00fcr\u00fcn\u00fcn g\u00fcncel global piyasa de\u011ferini takip etmek i\u00e7in StockX adresini ziyaret edebilirsiniz.<\/p>\n","protected":false},"featured_media":169320,"template":"","meta":{"_acf_changed":false},"product_brand":[2019,2041,2087,1928],"product_cat":[74,1577,96,1579,943,1569],"product_tag":[1327],"class_list":{"0":"post-169315","1":"product","2":"type-product","3":"status-publish","4":"has-post-thumbnail","6":"product_brand-air-jordan","7":"product_brand-air-jordan-en","8":"product_brand-nike-en","9":"product_brand-nike","10":"product_cat-sneakers","11":"product_cat-air-jordan-en","12":"product_cat-air-jordan","13":"product_cat-low-en","14":"product_cat-low","15":"product_cat-sneakers-en","16":"product_tag-siyah","18":"first","19":"instock","20":"shipping-taxable","21":"purchasable","22":"product-type-variable"},"acf":[],"_links":{"self":[{"href":"https:\/\/sutore.com\/en\/wp-json\/wp\/v2\/product\/169315","targetHints":{"allow":["GET"]}}],"collection":[{"href":"https:\/\/sutore.com\/en\/wp-json\/wp\/v2\/product"}],"about":[{"href":"https:\/\/sutore.com\/en\/wp-json\/wp\/v2\/types\/product"}],"wp:featuredmedia":[{"embeddable":true,"href":"https:\/\/sutore.com\/en\/wp-json\/wp\/v2\/media\/169320"}],"wp:attachment":[{"href":"https:\/\/sutore.com\/en\/wp-json\/wp\/v2\/media?parent=169315"}],"wp:term":[{"taxonomy":"product_brand","embeddable":true,"href":"https:\/\/sutore.com\/en\/wp-json\/wp\/v2\/product_brand?post=169315"},{"taxonomy":"product_cat","embeddable":true,"href":"https:\/\/sutore.com\/en\/wp-json\/wp\/v2\/product_cat?post=169315"},{"taxonomy":"product_tag","embeddable":true,"href":"https:\/\/sutore.com\/en\/wp-json\/wp\/v2\/product_tag?post=169315"}],"curies":[{"name":"wp","href":"https:\/\/api.w.org\/{rel}","templated":true}]}}