{"id":179773,"date":"2024-02-05T00:49:37","date_gmt":"2024-02-04T21:49:37","guid":{"rendered":"https:\/\/sutore.com\/?post_type=product&#038;p=179773"},"modified":"2026-04-02T17:30:01","modified_gmt":"2026-04-02T14:30:01","slug":"adidas-samba-og-collegiate-green-gum-w","status":"publish","type":"product","link":"https:\/\/sutore.com\/en\/product\/adidas-samba-og-collegiate-green-gum-w\/","title":{"rendered":"adidas Samba OG Collegiate Green Gum (W)"},"content":{"rendered":"<p style=\"text-align: center;\">adidas Samba OG Collegiate Green Gum hakk\u0131nda daha fazla bilgi almak ve \u00fcr\u00fcn\u00fcn g\u00fcncel global piyasa de\u011ferini takip etmek i\u00e7in StockX adresini ziyaret edebilirsiniz.<\/p>\n","protected":false},"excerpt":{"rendered":"<p style=\"text-align: center;\">adidas Samba OG Collegiate Green Gum hakk\u0131nda daha fazla bilgi almak ve \u00fcr\u00fcn\u00fcn g\u00fcncel global piyasa de\u011ferini takip etmek i\u00e7in StockX adresini ziyaret edebilirsiniz.<\/p>\n","protected":false},"featured_media":179774,"template":"","meta":{"_acf_changed":false},"product_brand":[1927,2127],"product_cat":[74,71,1570,1799,1804,1569],"product_tag":[1331],"class_list":{"0":"post-179773","1":"product","2":"type-product","3":"status-publish","4":"has-post-thumbnail","6":"product_brand-adidas","7":"product_brand-adidas-en","8":"product_cat-sneakers","9":"product_cat-adidas","10":"product_cat-adidas-en","11":"product_cat-samba","12":"product_cat-samba-en","13":"product_cat-sneakers-en","14":"product_tag-yesil","16":"first","17":"instock","18":"shipping-taxable","19":"purchasable","20":"product-type-variable"},"acf":[],"_links":{"self":[{"href":"https:\/\/sutore.com\/en\/wp-json\/wp\/v2\/product\/179773","targetHints":{"allow":["GET"]}}],"collection":[{"href":"https:\/\/sutore.com\/en\/wp-json\/wp\/v2\/product"}],"about":[{"href":"https:\/\/sutore.com\/en\/wp-json\/wp\/v2\/types\/product"}],"wp:featuredmedia":[{"embeddable":true,"href":"https:\/\/sutore.com\/en\/wp-json\/wp\/v2\/media\/179774"}],"wp:attachment":[{"href":"https:\/\/sutore.com\/en\/wp-json\/wp\/v2\/media?parent=179773"}],"wp:term":[{"taxonomy":"product_brand","embeddable":true,"href":"https:\/\/sutore.com\/en\/wp-json\/wp\/v2\/product_brand?post=179773"},{"taxonomy":"product_cat","embeddable":true,"href":"https:\/\/sutore.com\/en\/wp-json\/wp\/v2\/product_cat?post=179773"},{"taxonomy":"product_tag","embeddable":true,"href":"https:\/\/sutore.com\/en\/wp-json\/wp\/v2\/product_tag?post=179773"}],"curies":[{"name":"wp","href":"https:\/\/api.w.org\/{rel}","templated":true}]}}