{"id":179836,"date":"2024-02-05T02:20:55","date_gmt":"2024-02-04T23:20:55","guid":{"rendered":"https:\/\/sutore.com\/?post_type=product&#038;p=179836"},"modified":"2026-04-02T17:29:21","modified_gmt":"2026-04-02T14:29:21","slug":"nike-sb-dunk-low-city-of-love-burgundy-crush","status":"publish","type":"product","link":"https:\/\/sutore.com\/en\/product\/nike-sb-dunk-low-city-of-love-burgundy-crush\/","title":{"rendered":"Nike SB Dunk Low City Of Love Burgundy Crush"},"content":{"rendered":"<p class=\"chakra-heading css-1paa8gy\" style=\"text-align: center;\" data-component=\"primary-product-title\">Nike SB Dunk Low City Of Love Burgundy Crush hakk\u0131nda daha fazla bilgi almak ve \u00fcr\u00fcn\u00fcn g\u00fcncel global piyasa de\u011ferini takip etmek i\u00e7in <a href=\"https:\/\/stockx.com\/nike-sb-dunk-low-city-of-love-burgundy-crush\" target=\"_blank\" rel=\"noopener\">StockX<\/a> adresini ziyaret edebilirsiniz.<\/p>\n","protected":false},"excerpt":{"rendered":"<p style=\"text-align: center;\">Nike SB Dunk Low City Of Love Burgundy Crush hakk\u0131nda daha fazla bilgi almak ve \u00fcr\u00fcn\u00fcn g\u00fcncel global piyasa de\u011ferini takip etmek i\u00e7in <a href=\"https:\/\/stockx.com\/nike-sb-dunk-low-city-of-love-burgundy-crush\" target=\"_blank\" rel=\"noopener\">StockX<\/a> adresini ziyaret edebilirsiniz.<\/p>\n","protected":false},"featured_media":179844,"template":"","meta":{"_acf_changed":false},"product_brand":[2087,1928],"product_cat":[74,1585,100,1582,98,1569],"product_tag":[1329],"class_list":{"0":"post-179836","1":"product","2":"type-product","3":"status-publish","4":"has-post-thumbnail","6":"product_brand-nike-en","7":"product_brand-nike","8":"product_cat-sneakers","9":"product_cat-dunk-en","10":"product_cat-dunk","11":"product_cat-nike-en","12":"product_cat-nike","13":"product_cat-sneakers-en","14":"product_tag-kirmizi","16":"first","17":"instock","18":"shipping-taxable","19":"purchasable","20":"product-type-variable"},"acf":[],"_links":{"self":[{"href":"https:\/\/sutore.com\/en\/wp-json\/wp\/v2\/product\/179836","targetHints":{"allow":["GET"]}}],"collection":[{"href":"https:\/\/sutore.com\/en\/wp-json\/wp\/v2\/product"}],"about":[{"href":"https:\/\/sutore.com\/en\/wp-json\/wp\/v2\/types\/product"}],"wp:featuredmedia":[{"embeddable":true,"href":"https:\/\/sutore.com\/en\/wp-json\/wp\/v2\/media\/179844"}],"wp:attachment":[{"href":"https:\/\/sutore.com\/en\/wp-json\/wp\/v2\/media?parent=179836"}],"wp:term":[{"taxonomy":"product_brand","embeddable":true,"href":"https:\/\/sutore.com\/en\/wp-json\/wp\/v2\/product_brand?post=179836"},{"taxonomy":"product_cat","embeddable":true,"href":"https:\/\/sutore.com\/en\/wp-json\/wp\/v2\/product_cat?post=179836"},{"taxonomy":"product_tag","embeddable":true,"href":"https:\/\/sutore.com\/en\/wp-json\/wp\/v2\/product_tag?post=179836"}],"curies":[{"name":"wp","href":"https:\/\/api.w.org\/{rel}","templated":true}]}}