{"id":1833,"date":"2020-04-25T14:16:44","date_gmt":"2020-04-25T11:16:44","guid":{"rendered":"http:\/\/sutore.com\/product\/import-placeholder-for-3434\/"},"modified":"2026-03-31T16:34:15","modified_gmt":"2026-03-31T13:34:15","slug":"nike-air-fear-of-god-1-triple-black","status":"publish","type":"product","link":"https:\/\/sutore.com\/en\/product\/nike-air-fear-of-god-1-triple-black\/","title":{"rendered":"Nike Air Fear of God 1 Triple Black"},"content":{"rendered":"<p style=\"text-align: center\">Fear Of God Ailesi, \u015fimdi sutore&#8217;de bulunan Nike Air Fear of God 1 Triple Black ile geni\u015fleyen FOG 1 \u00e7izgisine yeni bir renk grubu ekliyor. Fear of God 1 siluetinin onuncu yans\u0131mas\u0131 olan bu model, Jerry Lorenzo\u2019nun imzas\u0131n\u0131 ta\u015f\u0131yor.<\/p>\n<p style=\"text-align: center\">Bu FOG 1, \u00e7ift y\u00fckseklikte Zoom Air topuk \u00fcnitesiyle birlikte triple black \u00f6rg\u00fc bir \u00fcst i\u00e7eriyor. Entegre kordon ba\u011fc\u0131klar ve arka fermuar tasar\u0131m\u0131 tamaml\u0131yor. Nisan 2020&#8217;de piyasaya s\u00fcr\u00fclen bu model 350 dolar fiyat etiketiyle vitrinlerdeki yerini ald\u0131. Bu ihti\u015faml\u0131 modeli stoklar devrilmeden hemen sat\u0131n al.<\/p>\n<p style=\"text-align: center\">\u00dcr\u00fcn hakk\u0131nda daha fazla bilgi almak ve \u00fcr\u00fcn\u00fcn g\u00fcncel global piyasa de\u011ferini takip etmek i\u00e7in <a href=\"https:\/\/stockx.com\/nike-air-fear-of-god-1-triple-black\" target=\"_blank\" rel=\"noopener noreferrer\">StockX<\/a> adresini ziyaret edebilirsiniz.<\/p>\n","protected":false},"excerpt":{"rendered":"<p style=\"text-align: center\">Fear Of God Ailesi, \u015fimdi sutore&#8217;de bulunan Nike Air Fear of God 1 Triple Black ile geni\u015fleyen FOG 1 \u00e7izgisine yeni bir renk grubu ekliyor. Fear of God 1 siluetinin onuncu yans\u0131mas\u0131 olan bu model, Jerry Lorenzo\u2019nun imzas\u0131n\u0131 ta\u015f\u0131yor.<\/p>\n<p>&nbsp;<\/p>\n<p style=\"text-align: center\">Bu FOG 1, \u00e7ift y\u00fckseklikte Zoom Air topuk \u00fcnitesiyle birlikte triple black \u00f6rg\u00fc bir \u00fcst i\u00e7eriyor. Entegre kordon ba\u011fc\u0131klar ve arka fermuar tasar\u0131m\u0131 tamaml\u0131yor. Nisan 2020&#8217;de piyasaya s\u00fcr\u00fclen bu model 350 dolar fiyat etiketiyle vitrinlerdeki yerini ald\u0131. Bu ihti\u015faml\u0131 modeli stoklar devrilmeden hemen sat\u0131n al.<\/p>\n<p>&nbsp;<\/p>\n<p style=\"text-align: center\">\u00dcr\u00fcn hakk\u0131nda daha fazla bilgi almak ve \u00fcr\u00fcn\u00fcn g\u00fcncel global piyasa de\u011ferini takip etmek i\u00e7in <a href=\"https:\/\/stockx.com\/nike-air-fear-of-god-1-triple-black\" target=\"_blank\" rel=\"noopener noreferrer\">StockX<\/a> adresini ziyaret edebilirsiniz.<\/p>\n","protected":false},"featured_media":1860,"template":"","meta":{"_acf_changed":false},"product_brand":[2064,1974,2087,1928],"product_cat":[74,101,1582,98,1586,1569],"product_tag":[1327],"class_list":{"0":"post-1833","1":"product","2":"type-product","3":"status-publish","4":"has-post-thumbnail","6":"product_brand-fear-of-god-en","7":"product_brand-fear-of-god","8":"product_brand-nike-en","9":"product_brand-nike","10":"product_cat-sneakers","11":"product_cat-others-nike","12":"product_cat-nike-en","13":"product_cat-nike","14":"product_cat-others-nike-en","15":"product_cat-sneakers-en","16":"product_tag-siyah","18":"first","19":"instock","20":"shipping-taxable","21":"purchasable","22":"product-type-variable"},"acf":[],"_links":{"self":[{"href":"https:\/\/sutore.com\/en\/wp-json\/wp\/v2\/product\/1833","targetHints":{"allow":["GET"]}}],"collection":[{"href":"https:\/\/sutore.com\/en\/wp-json\/wp\/v2\/product"}],"about":[{"href":"https:\/\/sutore.com\/en\/wp-json\/wp\/v2\/types\/product"}],"wp:featuredmedia":[{"embeddable":true,"href":"https:\/\/sutore.com\/en\/wp-json\/wp\/v2\/media\/1860"}],"wp:attachment":[{"href":"https:\/\/sutore.com\/en\/wp-json\/wp\/v2\/media?parent=1833"}],"wp:term":[{"taxonomy":"product_brand","embeddable":true,"href":"https:\/\/sutore.com\/en\/wp-json\/wp\/v2\/product_brand?post=1833"},{"taxonomy":"product_cat","embeddable":true,"href":"https:\/\/sutore.com\/en\/wp-json\/wp\/v2\/product_cat?post=1833"},{"taxonomy":"product_tag","embeddable":true,"href":"https:\/\/sutore.com\/en\/wp-json\/wp\/v2\/product_tag?post=1833"}],"curies":[{"name":"wp","href":"https:\/\/api.w.org\/{rel}","templated":true}]}}