{"id":184790,"date":"2024-02-18T21:35:01","date_gmt":"2024-02-18T18:35:01","guid":{"rendered":"https:\/\/sutore.com\/?post_type=product&#038;p=184790"},"modified":"2026-04-04T05:28:15","modified_gmt":"2026-04-04T02:28:15","slug":"adidas-samba-og-talchum-pack-scarlet","status":"publish","type":"product","link":"https:\/\/sutore.com\/en\/product\/adidas-samba-og-talchum-pack-scarlet\/","title":{"rendered":"adidas Samba OG Talchum Pack Scarlet"},"content":{"rendered":"<p style=\"text-align: center\">adidas Samba OG Talchum Pack Scarlet hakk\u0131nda daha fazla bilgi almak ve \u00fcr\u00fcn\u00fcn g\u00fcncel global piyasa de\u011ferini takip etmek i\u00e7in StockX adresini ziyaret edebilirsiniz.<\/p>\n","protected":false},"excerpt":{"rendered":"<p style=\"text-align: center\">adidas Samba OG Talchum Pack Scarlet hakk\u0131nda daha fazla bilgi almak ve \u00fcr\u00fcn\u00fcn g\u00fcncel global piyasa de\u011ferini takip etmek i\u00e7in StockX adresini ziyaret edebilirsiniz.<\/p>\n","protected":false},"featured_media":184662,"template":"","meta":{"_acf_changed":false},"product_brand":[2127,1927],"product_cat":[74,71,1570,1799,1804,1569],"product_tag":[1329],"class_list":{"0":"post-184790","1":"product","2":"type-product","3":"status-publish","4":"has-post-thumbnail","6":"product_brand-adidas-en","7":"product_brand-adidas","8":"product_cat-sneakers","9":"product_cat-adidas","10":"product_cat-adidas-en","11":"product_cat-samba","12":"product_cat-samba-en","13":"product_cat-sneakers-en","14":"product_tag-kirmizi","16":"first","17":"instock","18":"shipping-taxable","19":"purchasable","20":"product-type-variable"},"acf":[],"_links":{"self":[{"href":"https:\/\/sutore.com\/en\/wp-json\/wp\/v2\/product\/184790","targetHints":{"allow":["GET"]}}],"collection":[{"href":"https:\/\/sutore.com\/en\/wp-json\/wp\/v2\/product"}],"about":[{"href":"https:\/\/sutore.com\/en\/wp-json\/wp\/v2\/types\/product"}],"wp:featuredmedia":[{"embeddable":true,"href":"https:\/\/sutore.com\/en\/wp-json\/wp\/v2\/media\/184662"}],"wp:attachment":[{"href":"https:\/\/sutore.com\/en\/wp-json\/wp\/v2\/media?parent=184790"}],"wp:term":[{"taxonomy":"product_brand","embeddable":true,"href":"https:\/\/sutore.com\/en\/wp-json\/wp\/v2\/product_brand?post=184790"},{"taxonomy":"product_cat","embeddable":true,"href":"https:\/\/sutore.com\/en\/wp-json\/wp\/v2\/product_cat?post=184790"},{"taxonomy":"product_tag","embeddable":true,"href":"https:\/\/sutore.com\/en\/wp-json\/wp\/v2\/product_tag?post=184790"}],"curies":[{"name":"wp","href":"https:\/\/api.w.org\/{rel}","templated":true}]}}