{"id":184799,"date":"2024-01-03T22:04:18","date_gmt":"2024-01-03T19:04:18","guid":{"rendered":"https:\/\/sutore.com\/?post_type=product&#038;p=184799"},"modified":"2026-04-02T17:34:02","modified_gmt":"2026-04-02T14:34:02","slug":"converse-chuck-taylor-all-star-70-ox-feng-chen-wang-2-in-1-brown-rice","status":"publish","type":"product","link":"https:\/\/sutore.com\/en\/product\/converse-chuck-taylor-all-star-70-ox-feng-chen-wang-2-in-1-brown-rice\/","title":{"rendered":"Converse Chuck Taylor All Star 70 Ox Feng Chen Wang 2-in-1 Brown Rice"},"content":{"rendered":"<p style=\"text-align: center\">Converse Chuck Taylor All Star 70 Ox Feng Chen Wang 2-in-1 Brown Rice hakk\u0131nda daha fazla bilgi almak ve \u00fcr\u00fcn\u00fcn g\u00fcncel global piyasa de\u011ferini takip etmek i\u00e7in StockX adresini ziyaret edebilirsiniz.<\/p>\n","protected":false},"excerpt":{"rendered":"<p style=\"text-align: center\">Converse Chuck Taylor All Star 70 Ox Feng Chen Wang 2-in-1 Brown Rice hakk\u0131nda daha fazla bilgi almak ve \u00fcr\u00fcn\u00fcn g\u00fcncel global piyasa de\u011ferini takip etmek i\u00e7in StockX adresini ziyaret edebilirsiniz.<\/p>\n","protected":false},"featured_media":184700,"template":"","meta":{"_acf_changed":false},"product_brand":[1902,2055],"product_cat":[74,2158,2182,1569],"product_tag":[1328],"class_list":{"0":"post-184799","1":"product","2":"type-product","3":"status-publish","4":"has-post-thumbnail","6":"product_brand-converse","7":"product_brand-converse-en","8":"product_cat-sneakers","9":"product_cat-others","10":"product_cat-others-en","11":"product_cat-sneakers-en","12":"product_tag-beyaz","14":"first","15":"instock","16":"shipping-taxable","17":"purchasable","18":"product-type-variable"},"acf":[],"_links":{"self":[{"href":"https:\/\/sutore.com\/en\/wp-json\/wp\/v2\/product\/184799","targetHints":{"allow":["GET"]}}],"collection":[{"href":"https:\/\/sutore.com\/en\/wp-json\/wp\/v2\/product"}],"about":[{"href":"https:\/\/sutore.com\/en\/wp-json\/wp\/v2\/types\/product"}],"wp:featuredmedia":[{"embeddable":true,"href":"https:\/\/sutore.com\/en\/wp-json\/wp\/v2\/media\/184700"}],"wp:attachment":[{"href":"https:\/\/sutore.com\/en\/wp-json\/wp\/v2\/media?parent=184799"}],"wp:term":[{"taxonomy":"product_brand","embeddable":true,"href":"https:\/\/sutore.com\/en\/wp-json\/wp\/v2\/product_brand?post=184799"},{"taxonomy":"product_cat","embeddable":true,"href":"https:\/\/sutore.com\/en\/wp-json\/wp\/v2\/product_cat?post=184799"},{"taxonomy":"product_tag","embeddable":true,"href":"https:\/\/sutore.com\/en\/wp-json\/wp\/v2\/product_tag?post=184799"}],"curies":[{"name":"wp","href":"https:\/\/api.w.org\/{rel}","templated":true}]}}