{"id":184922,"date":"2023-12-21T02:11:47","date_gmt":"2023-12-20T23:11:47","guid":{"rendered":"https:\/\/sutore.com\/?post_type=product&#038;p=184922"},"modified":"2025-03-03T03:39:07","modified_gmt":"2025-03-03T00:39:07","slug":"golden-goose-hi-star-ltd-glitter-star-brown-lizard-print-heel-tab","status":"publish","type":"product","link":"https:\/\/sutore.com\/en\/product\/golden-goose-hi-star-ltd-glitter-star-brown-lizard-print-heel-tab\/","title":{"rendered":"Golden Goose Hi Star LTD Glitter Star Brown Lizard-print Heel Tab"},"content":{"rendered":"<p style=\"text-align: center;\">Golden Goose Hi Star LTD Glitter Star Brown Lizard-print Heel Tab hakk\u0131nda daha fazla bilgi almak ve \u00fcr\u00fcn\u00fcn g\u00fcncel global piyasa de\u011ferini takip etmek i\u00e7in StockX adresini ziyaret edebilirsiniz.<\/p>\n","protected":false},"excerpt":{"rendered":"<p style=\"text-align: center;\">Golden Goose Hi Star LTD Glitter Star Brown Lizard-print Heel Tab hakk\u0131nda daha fazla bilgi almak ve \u00fcr\u00fcn\u00fcn g\u00fcncel global piyasa de\u011ferini takip etmek i\u00e7in StockX adresini ziyaret edebilirsiniz.<\/p>\n","protected":false},"featured_media":184923,"template":"","meta":{"_acf_changed":false},"product_brand":[1904,2067],"product_cat":[74,2158,2182,1569],"product_tag":[1328],"class_list":{"0":"post-184922","1":"product","2":"type-product","3":"status-publish","4":"has-post-thumbnail","6":"product_brand-golden-goose","7":"product_brand-golden-goose-en","8":"product_cat-sneakers","9":"product_cat-others","10":"product_cat-others-en","11":"product_cat-sneakers-en","12":"product_tag-beyaz","14":"first","15":"outofstock","16":"shipping-taxable","17":"product-type-variable"},"acf":[],"_links":{"self":[{"href":"https:\/\/sutore.com\/en\/wp-json\/wp\/v2\/product\/184922","targetHints":{"allow":["GET"]}}],"collection":[{"href":"https:\/\/sutore.com\/en\/wp-json\/wp\/v2\/product"}],"about":[{"href":"https:\/\/sutore.com\/en\/wp-json\/wp\/v2\/types\/product"}],"wp:featuredmedia":[{"embeddable":true,"href":"https:\/\/sutore.com\/en\/wp-json\/wp\/v2\/media\/184923"}],"wp:attachment":[{"href":"https:\/\/sutore.com\/en\/wp-json\/wp\/v2\/media?parent=184922"}],"wp:term":[{"taxonomy":"product_brand","embeddable":true,"href":"https:\/\/sutore.com\/en\/wp-json\/wp\/v2\/product_brand?post=184922"},{"taxonomy":"product_cat","embeddable":true,"href":"https:\/\/sutore.com\/en\/wp-json\/wp\/v2\/product_cat?post=184922"},{"taxonomy":"product_tag","embeddable":true,"href":"https:\/\/sutore.com\/en\/wp-json\/wp\/v2\/product_tag?post=184922"}],"curies":[{"name":"wp","href":"https:\/\/api.w.org\/{rel}","templated":true}]}}