{"id":185443,"date":"2024-02-25T13:36:16","date_gmt":"2024-02-25T10:36:16","guid":{"rendered":"https:\/\/sutore.com\/?post_type=product&#038;p=185443"},"modified":"2026-04-02T17:28:27","modified_gmt":"2026-04-02T14:28:27","slug":"nike-air-jordan-1-retro-high-og-black-white","status":"publish","type":"product","link":"https:\/\/sutore.com\/en\/product\/nike-air-jordan-1-retro-high-og-black-white\/","title":{"rendered":"Nike Air Jordan 1 Retro High OG Black White"},"content":{"rendered":"<p style=\"text-align: center;\">Nike Air Jordan 1 Retro High OG Black White, sneaker k\u00fclt\u00fcr\u00fcn\u00fcn zamans\u0131z bir dayana\u011f\u0131d\u0131r ve Michael Jordan&#8217;\u0131n \u00e7aylak siluetinin miras\u0131n\u0131 \u015f\u0131k, monokromatik bir tasar\u0131mla birle\u015ftirir. Siyah-beyaz renk kombinasyonu, her koleksiyonun s\u00fcrekli bir par\u00e7as\u0131 haline getiren s\u0131cak ve sofistike bir kontrast sunmaktad\u0131r. Sokaklara \u00f6zel olarak haz\u0131rlanm\u0131\u015f olmas\u0131na ra\u011fmen, Jordan 1 Retro High OG Black White, rahatl\u0131k i\u00e7in Air-Sole \u00fcnitesi ve ikonik Wings logosu gibi klasik unsurlar\u0131 korurken, ayn\u0131 zamanda kendini ifade etme imkan\u0131 sunar. 24 \u015eubat 2024&#8217;te, 180 dolarl\u0131k fiyat\u0131yla hemen sneaker merakl\u0131lar\u0131n\u0131n g\u00f6zdesi oldu. Temiz ve \u00e7ok y\u00f6nl\u00fc esteti\u011fi ve onun sayg\u0131n ge\u00e7mi\u015fi, hem ge\u00e7mi\u015fe sayg\u0131 g\u00f6sterirken hem de gelece\u011fe cesurca ad\u0131m atar. Nike, air-jordan, ve high anahtar kelimelerini i\u00e7eren bu \u00fcr\u00fcn, modernitenin ve miras\u0131n de\u011ferini bilen yeni bir neslin stil duyarl\u0131l\u0131klar\u0131na hitap eder.<\/p>\n","protected":false},"excerpt":{"rendered":"<p style=\"text-align: center;\">Nike Air Jordan 1 Retro High OG Black White, sneaker k\u00fclt\u00fcr\u00fcn\u00fcn zamans\u0131z bir dayana\u011f\u0131d\u0131r ve Michael Jordan&#8217;\u0131n \u00e7aylak siluetinin miras\u0131n\u0131 \u015f\u0131k, monokromatik bir tasar\u0131mla birle\u015ftirir. Siyah-beyaz renk kombinasyonu, her koleksiyonun s\u00fcrekli bir par\u00e7as\u0131 haline getiren s\u0131cak ve sofistike bir kontrast sunmaktad\u0131r. Sokaklara \u00f6zel olarak haz\u0131rlanm\u0131\u015f olmas\u0131na ra\u011fmen, Jordan 1 Retro High OG Black White, rahatl\u0131k i\u00e7in Air-Sole \u00fcnitesi ve ikonik Wings logosu gibi klasik unsurlar\u0131 korurken, ayn\u0131 zamanda kendini ifade etme imkan\u0131 sunar. 24 \u015eubat 2024&#8217;te, 180 dolarl\u0131k fiyat\u0131yla hemen sneaker merakl\u0131lar\u0131n\u0131n g\u00f6zdesi oldu. Temiz ve \u00e7ok y\u00f6nl\u00fc esteti\u011fi ve onun sayg\u0131n ge\u00e7mi\u015fi, hem ge\u00e7mi\u015fe sayg\u0131 g\u00f6sterirken hem de gelece\u011fe cesurca ad\u0131m atar. Nike, air-jordan, ve high anahtar kelimelerini i\u00e7eren bu \u00fcr\u00fcn, modernitenin ve miras\u0131n de\u011ferini bilen yeni bir neslin stil duyarl\u0131l\u0131klar\u0131na hitap eder.<\/p>\n","protected":false},"featured_media":185450,"template":"","meta":{"_acf_changed":false},"product_brand":[2041,2019,1928,2087],"product_cat":[96,1577,945,1578,74,1569],"product_tag":[1327],"class_list":{"0":"post-185443","1":"product","2":"type-product","3":"status-publish","4":"has-post-thumbnail","6":"product_brand-air-jordan-en","7":"product_brand-air-jordan","8":"product_brand-nike","9":"product_brand-nike-en","10":"product_cat-air-jordan","11":"product_cat-air-jordan-en","12":"product_cat-high","13":"product_cat-high-en","14":"product_cat-sneakers","15":"product_cat-sneakers-en","16":"product_tag-siyah","18":"first","19":"instock","20":"shipping-taxable","21":"purchasable","22":"product-type-variable"},"acf":[],"_links":{"self":[{"href":"https:\/\/sutore.com\/en\/wp-json\/wp\/v2\/product\/185443","targetHints":{"allow":["GET"]}}],"collection":[{"href":"https:\/\/sutore.com\/en\/wp-json\/wp\/v2\/product"}],"about":[{"href":"https:\/\/sutore.com\/en\/wp-json\/wp\/v2\/types\/product"}],"wp:featuredmedia":[{"embeddable":true,"href":"https:\/\/sutore.com\/en\/wp-json\/wp\/v2\/media\/185450"}],"wp:attachment":[{"href":"https:\/\/sutore.com\/en\/wp-json\/wp\/v2\/media?parent=185443"}],"wp:term":[{"taxonomy":"product_brand","embeddable":true,"href":"https:\/\/sutore.com\/en\/wp-json\/wp\/v2\/product_brand?post=185443"},{"taxonomy":"product_cat","embeddable":true,"href":"https:\/\/sutore.com\/en\/wp-json\/wp\/v2\/product_cat?post=185443"},{"taxonomy":"product_tag","embeddable":true,"href":"https:\/\/sutore.com\/en\/wp-json\/wp\/v2\/product_tag?post=185443"}],"curies":[{"name":"wp","href":"https:\/\/api.w.org\/{rel}","templated":true}]}}