{"id":190514,"date":"2024-02-10T14:45:27","date_gmt":"2024-02-10T11:45:27","guid":{"rendered":"https:\/\/sutore.com\/?post_type=product&#038;p=190514"},"modified":"2026-03-21T00:04:21","modified_gmt":"2026-03-20T21:04:21","slug":"new-balance-9060-black-white","status":"publish","type":"product","link":"https:\/\/sutore.com\/en\/product\/new-balance-9060-black-white\/","title":{"rendered":"New Balance 9060 Black White"},"content":{"rendered":"<p style=\"text-align: center\">New Balance 9060 Black White, siyah ve beyaz renk paletiyle kar\u015f\u0131m\u0131za \u00e7\u0131k\u0131yor. Siyah \u00fcst k\u0131sm\u0131 sentetik malzemeden \u00fcretilmi\u015f olan bu model, siyah-beyaz s\u00fcslemeler ve beyaz orta taban ile dikkat \u00e7ekiyor. \u00dcst k\u0131sm\u0131, deri, s\u00fcet ve sentetik derinin bir araya getirildi\u011fi bir \u00f6rg\u00fcden olu\u015fur. Ayakkab\u0131n\u0131n yan taraflar\u0131nda beyaz &#8220;N&#8221; logosu ve dil k\u0131sm\u0131nda ise &#8220;NB&#8221; logosu yer al\u0131r. Orta taban tamamen beyazd\u0131r ve ABZORB&#8217;un imza att\u0131\u011f\u0131 \u00f6zel yast\u0131klamay\u0131 i\u00e7erir. Ayakkab\u0131n\u0131n taban\u0131 siyah, kau\u00e7uktan \u00fcretilmi\u015ftir ve sa\u011flam bir tutu\u015f ve denge sa\u011flar. New Balance 9060 Black White, 4 Mart 2023&#8217;te piyasaya s\u00fcr\u00fcld\u00fc ve $150&#8217;den sat\u0131\u015fa sunuldu.<\/p>\n","protected":false},"excerpt":{"rendered":"<p style=\"text-align: center\">New Balance 9060 Black White, siyah ve beyaz renk paletiyle kar\u015f\u0131m\u0131za \u00e7\u0131k\u0131yor. Siyah \u00fcst k\u0131sm\u0131 sentetik malzemeden \u00fcretilmi\u015f olan bu model, siyah-beyaz s\u00fcslemeler ve beyaz orta taban ile dikkat \u00e7ekiyor. \u00dcst k\u0131sm\u0131, deri, s\u00fcet ve sentetik derinin bir araya getirildi\u011fi bir \u00f6rg\u00fcden olu\u015fur. Ayakkab\u0131n\u0131n yan taraflar\u0131nda beyaz &#8220;N&#8221; logosu ve dil k\u0131sm\u0131nda ise &#8220;NB&#8221; logosu yer al\u0131r. Orta taban tamamen beyazd\u0131r ve ABZORB&#8217;un imza att\u0131\u011f\u0131 \u00f6zel yast\u0131klamay\u0131 i\u00e7erir. Ayakkab\u0131n\u0131n taban\u0131 siyah, kau\u00e7uktan \u00fcretilmi\u015ftir ve sa\u011flam bir tutu\u015f ve denge sa\u011flar. New Balance 9060 Black White, 4 Mart 2023&#8217;te piyasaya s\u00fcr\u00fcld\u00fc ve $150&#8217;den sat\u0131\u015fa sunuldu.<\/p>\n","protected":false},"featured_media":190471,"template":"","meta":{"_acf_changed":false},"product_brand":[1980,2086],"product_cat":[1802,1806,109,1588,74,1569],"product_tag":[1327],"class_list":{"0":"post-190514","1":"product","2":"type-product","3":"status-publish","4":"has-post-thumbnail","6":"product_brand-new-balance","7":"product_brand-new-balance-en","8":"product_cat-1802","9":"product_cat-9060-en","10":"product_cat-new-balance","11":"product_cat-new-balance-en","12":"product_cat-sneakers","13":"product_cat-sneakers-en","14":"product_tag-siyah","16":"first","17":"instock","18":"shipping-taxable","19":"purchasable","20":"product-type-variable"},"acf":[],"_links":{"self":[{"href":"https:\/\/sutore.com\/en\/wp-json\/wp\/v2\/product\/190514","targetHints":{"allow":["GET"]}}],"collection":[{"href":"https:\/\/sutore.com\/en\/wp-json\/wp\/v2\/product"}],"about":[{"href":"https:\/\/sutore.com\/en\/wp-json\/wp\/v2\/types\/product"}],"wp:featuredmedia":[{"embeddable":true,"href":"https:\/\/sutore.com\/en\/wp-json\/wp\/v2\/media\/190471"}],"wp:attachment":[{"href":"https:\/\/sutore.com\/en\/wp-json\/wp\/v2\/media?parent=190514"}],"wp:term":[{"taxonomy":"product_brand","embeddable":true,"href":"https:\/\/sutore.com\/en\/wp-json\/wp\/v2\/product_brand?post=190514"},{"taxonomy":"product_cat","embeddable":true,"href":"https:\/\/sutore.com\/en\/wp-json\/wp\/v2\/product_cat?post=190514"},{"taxonomy":"product_tag","embeddable":true,"href":"https:\/\/sutore.com\/en\/wp-json\/wp\/v2\/product_tag?post=190514"}],"curies":[{"name":"wp","href":"https:\/\/api.w.org\/{rel}","templated":true}]}}