{"id":191168,"date":"2024-02-20T16:16:52","date_gmt":"2024-02-20T13:16:52","guid":{"rendered":"https:\/\/sutore.com\/?post_type=product&#038;p=191168"},"modified":"2026-04-04T05:28:17","modified_gmt":"2026-04-04T02:28:17","slug":"nike-air-jordan-4-retro-bred-reimagined-gs","status":"publish","type":"product","link":"https:\/\/sutore.com\/en\/product\/nike-air-jordan-4-retro-bred-reimagined-gs\/","title":{"rendered":"Nike Air Jordan 4 Retro Bred Reimagined (GS)"},"content":{"rendered":"<p style=\"text-align: center;\">Air Jordan 4 Retro Bred Reimagined GS ile basketbol tarihinin bir par\u00e7as\u0131 olun. Efsanevi Bred renk d\u00fczenini birle\u015ftiren bu spor ayakkab\u0131, klasik ve taze bir g\u00f6r\u00fcn\u00fcm olu\u015fturur. &#8220;Bred Reimagined&#8221;, tan\u0131nm\u0131\u015f ayakkab\u0131n\u0131n miras\u0131n\u0131 onurland\u0131r\u0131rken, klasik nubuk \u00fcst yap\u0131s\u0131n\u0131 yeni, yumu\u015fak bir deri ile g\u00fcnceller. Dayan\u0131kl\u0131 yap\u0131s\u0131 ve destekleyici oturu\u015fu ile g\u00fcnl\u00fck kullan\u0131m i\u00e7in idealdir. Yeni malzemeler kullanarak, ikonik renk d\u00fczeni ve tasar\u0131m unsurlar\u0131 korunurken, bu e\u015fsiz modelde taze bir dokunu\u015f eklenmi\u015ftir. 17 \u015eubat 2024 tarihinde ilk kez 160$ perakende fiyat\u0131yla sat\u0131\u015fa sunulan Air Jordan 4 Retro Bred Reimagined GS, Jordan hayranlar\u0131 ve spor ayakkab\u0131 koleksiyoncular\u0131 taraf\u0131ndan s\u0131cak bir \u015fekilde kar\u015f\u0131land\u0131. Koleksiyonunuza modern bir dokunu\u015fla sneaker tarihini eklemek isteyenler i\u00e7in Nike Air Jordan 4 Retro Bred Reimagined GS vazge\u00e7ilmez bir yere sahiptir.<\/p>\n","protected":false},"excerpt":{"rendered":"<p style=\"text-align: center;\">Air Jordan 4 Retro Bred Reimagined GS ile basketbol tarihinin bir par\u00e7as\u0131 olun. Efsanevi Bred renk d\u00fczenini birle\u015ftiren bu spor ayakkab\u0131, klasik ve taze bir g\u00f6r\u00fcn\u00fcm olu\u015fturur. &#8220;Bred Reimagined&#8221;, tan\u0131nm\u0131\u015f ayakkab\u0131n\u0131n miras\u0131n\u0131 onurland\u0131r\u0131rken, klasik nubuk \u00fcst yap\u0131s\u0131n\u0131 yeni, yumu\u015fak bir deri ile g\u00fcnceller. Dayan\u0131kl\u0131 yap\u0131s\u0131 ve destekleyici oturu\u015fu ile g\u00fcnl\u00fck kullan\u0131m i\u00e7in idealdir. Yeni malzemeler kullanarak, ikonik renk d\u00fczeni ve tasar\u0131m unsurlar\u0131 korunurken, bu e\u015fsiz modelde taze bir dokunu\u015f eklenmi\u015ftir. 17 \u015eubat 2024 tarihinde ilk kez 160$ perakende fiyat\u0131yla sat\u0131\u015fa sunulan Air Jordan 4 Retro Bred Reimagined GS, Jordan hayranlar\u0131 ve spor ayakkab\u0131 koleksiyoncular\u0131 taraf\u0131ndan s\u0131cak bir \u015fekilde kar\u015f\u0131land\u0131. Koleksiyonunuza modern bir dokunu\u015fla sneaker tarihini eklemek isteyenler i\u00e7in Nike Air Jordan 4 Retro Bred Reimagined GS vazge\u00e7ilmez bir yere sahiptir.<\/p>\n","protected":false},"featured_media":191155,"template":"","meta":{"_acf_changed":false},"product_brand":[2019,2041,1928,2087],"product_cat":[96,1577,946,1581,74,1569],"product_tag":[1327],"class_list":{"0":"post-191168","1":"product","2":"type-product","3":"status-publish","4":"has-post-thumbnail","6":"product_brand-air-jordan","7":"product_brand-air-jordan-en","8":"product_brand-nike","9":"product_brand-nike-en","10":"product_cat-air-jordan","11":"product_cat-air-jordan-en","12":"product_cat-others-air-jordan","13":"product_cat-others-air-jordan-en","14":"product_cat-sneakers","15":"product_cat-sneakers-en","16":"product_tag-siyah","18":"first","19":"instock","20":"shipping-taxable","21":"purchasable","22":"product-type-variable"},"acf":[],"_links":{"self":[{"href":"https:\/\/sutore.com\/en\/wp-json\/wp\/v2\/product\/191168","targetHints":{"allow":["GET"]}}],"collection":[{"href":"https:\/\/sutore.com\/en\/wp-json\/wp\/v2\/product"}],"about":[{"href":"https:\/\/sutore.com\/en\/wp-json\/wp\/v2\/types\/product"}],"wp:featuredmedia":[{"embeddable":true,"href":"https:\/\/sutore.com\/en\/wp-json\/wp\/v2\/media\/191155"}],"wp:attachment":[{"href":"https:\/\/sutore.com\/en\/wp-json\/wp\/v2\/media?parent=191168"}],"wp:term":[{"taxonomy":"product_brand","embeddable":true,"href":"https:\/\/sutore.com\/en\/wp-json\/wp\/v2\/product_brand?post=191168"},{"taxonomy":"product_cat","embeddable":true,"href":"https:\/\/sutore.com\/en\/wp-json\/wp\/v2\/product_cat?post=191168"},{"taxonomy":"product_tag","embeddable":true,"href":"https:\/\/sutore.com\/en\/wp-json\/wp\/v2\/product_tag?post=191168"}],"curies":[{"name":"wp","href":"https:\/\/api.w.org\/{rel}","templated":true}]}}