{"id":196418,"date":"2024-01-22T16:01:21","date_gmt":"2024-01-22T13:01:21","guid":{"rendered":"https:\/\/sutore.com\/?post_type=product&#038;p=196418"},"modified":"2026-03-21T00:07:31","modified_gmt":"2026-03-20T21:07:31","slug":"new-balance-530-white-silver-gs","status":"publish","type":"product","link":"https:\/\/sutore.com\/en\/product\/new-balance-530-white-silver-gs\/","title":{"rendered":"New Balance 530 White Silver (GS)"},"content":{"rendered":"<p style=\"text-align: center\">New Balance 530 White Silver (GS) sneaker, yeni sezonda gard\u0131robunuzu tamamlar. Rahatl\u0131\u011f\u0131 ve stili bir arada sunan New Balance, beyaz ve g\u00fcm\u00fc\u015f renklerin m\u00fckemmel uyumunu sunar. Bu ayakkab\u0131y\u0131 new-balance ve 530 etiketlerinin dikkat \u00e7eken \u00f6zelli\u011fi olarak g\u00f6rebiliriz. Gen\u00e7lik enerjisini ve \u015f\u0131kl\u0131\u011f\u0131 bir arada sunan bu model, her t\u00fcr kombinle m\u00fckemmel bir uyum sa\u011flar.<\/p>\n","protected":false},"excerpt":{"rendered":"<p style=\"text-align: center\">New Balance 530 White Silver (GS) sneaker, yeni sezonda gard\u0131robunuzu tamamlar. Rahatl\u0131\u011f\u0131 ve stili bir arada sunan New Balance, beyaz ve g\u00fcm\u00fc\u015f renklerin m\u00fckemmel uyumunu sunar. Bu ayakkab\u0131y\u0131 new-balance ve 530 etiketlerinin dikkat \u00e7eken \u00f6zelli\u011fi olarak g\u00f6rebiliriz. Gen\u00e7lik enerjisini ve \u015f\u0131kl\u0131\u011f\u0131 bir arada sunan bu model, her t\u00fcr kombinle m\u00fckemmel bir uyum sa\u011flar.<\/p>\n","protected":false},"featured_media":197168,"template":"","meta":{"_acf_changed":false},"product_brand":[2086,1980],"product_cat":[1808,1800,109,1588,74,1569],"product_tag":[],"class_list":{"0":"post-196418","1":"product","2":"type-product","3":"status-publish","4":"has-post-thumbnail","6":"product_brand-new-balance-en","7":"product_brand-new-balance","8":"product_cat-530-en","9":"product_cat-1800","10":"product_cat-new-balance","11":"product_cat-new-balance-en","12":"product_cat-sneakers","13":"product_cat-sneakers-en","15":"first","16":"instock","17":"shipping-taxable","18":"purchasable","19":"product-type-variable"},"acf":[],"_links":{"self":[{"href":"https:\/\/sutore.com\/en\/wp-json\/wp\/v2\/product\/196418","targetHints":{"allow":["GET"]}}],"collection":[{"href":"https:\/\/sutore.com\/en\/wp-json\/wp\/v2\/product"}],"about":[{"href":"https:\/\/sutore.com\/en\/wp-json\/wp\/v2\/types\/product"}],"wp:featuredmedia":[{"embeddable":true,"href":"https:\/\/sutore.com\/en\/wp-json\/wp\/v2\/media\/197168"}],"wp:attachment":[{"href":"https:\/\/sutore.com\/en\/wp-json\/wp\/v2\/media?parent=196418"}],"wp:term":[{"taxonomy":"product_brand","embeddable":true,"href":"https:\/\/sutore.com\/en\/wp-json\/wp\/v2\/product_brand?post=196418"},{"taxonomy":"product_cat","embeddable":true,"href":"https:\/\/sutore.com\/en\/wp-json\/wp\/v2\/product_cat?post=196418"},{"taxonomy":"product_tag","embeddable":true,"href":"https:\/\/sutore.com\/en\/wp-json\/wp\/v2\/product_tag?post=196418"}],"curies":[{"name":"wp","href":"https:\/\/api.w.org\/{rel}","templated":true}]}}