{"id":196441,"date":"2024-02-10T16:16:30","date_gmt":"2024-02-10T13:16:30","guid":{"rendered":"https:\/\/sutore.com\/?post_type=product&#038;p=196441"},"modified":"2026-04-02T17:29:31","modified_gmt":"2026-04-02T14:29:31","slug":"adidas-samba-xlg-core-black-gum","status":"publish","type":"product","link":"https:\/\/sutore.com\/en\/product\/adidas-samba-xlg-core-black-gum\/","title":{"rendered":"adidas Samba XLG Core Black Gum"},"content":{"rendered":"<p style=\"text-align: center\">Adidas&#8217;\u0131n ikonik modeli Samba XLG, Core Black Gum rengiyle kar\u015f\u0131n\u0131zda. Dayan\u0131kl\u0131 malzemeden \u00fcretilen bu model, \u015f\u0131kl\u0131k ve konforu bir arada sunar. Her zaman tarz\u0131n\u0131z\u0131 yans\u0131tacak olan adidas Samba, XLG Core Black Gum renk se\u00e7ene\u011fiyle spor ve casual stilinizi tamamlayacak. Kendine g\u00fcvenenlerin tercihi adidas&#8217;\u0131n bu e\u015fsiz modeli Samba XLG, \u015fimdi Core Black Gum ile gard\u0131robunuzda yerini almay\u0131 bekliyor. Bu \u00fcr\u00fcnle fark yarat\u0131n ve adidas kalitesini ke\u015ffedin.<\/p>\n","protected":false},"excerpt":{"rendered":"<p style=\"text-align: center\">Adidas&#8217;\u0131n ikonik modeli Samba XLG, Core Black Gum rengiyle kar\u015f\u0131n\u0131zda. Dayan\u0131kl\u0131 malzemeden \u00fcretilen bu model, \u015f\u0131kl\u0131k ve konforu bir arada sunar. Her zaman tarz\u0131n\u0131z\u0131 yans\u0131tacak olan adidas Samba, XLG Core Black Gum renk se\u00e7ene\u011fiyle spor ve casual stilinizi tamamlayacak. Kendine g\u00fcvenenlerin tercihi adidas&#8217;\u0131n bu e\u015fsiz modeli Samba XLG, \u015fimdi Core Black Gum ile gard\u0131robunuzda yerini almay\u0131 bekliyor. Bu \u00fcr\u00fcnle fark yarat\u0131n ve adidas kalitesini ke\u015ffedin.<\/p>\n","protected":false},"featured_media":196427,"template":"","meta":{"_acf_changed":false},"product_brand":[2127,1927],"product_cat":[71,1570,1799,1804,74,1569],"product_tag":[1327],"class_list":{"0":"post-196441","1":"product","2":"type-product","3":"status-publish","4":"has-post-thumbnail","6":"product_brand-adidas-en","7":"product_brand-adidas","8":"product_cat-adidas","9":"product_cat-adidas-en","10":"product_cat-samba","11":"product_cat-samba-en","12":"product_cat-sneakers","13":"product_cat-sneakers-en","14":"product_tag-siyah","16":"first","17":"instock","18":"shipping-taxable","19":"purchasable","20":"product-type-variable"},"acf":[],"_links":{"self":[{"href":"https:\/\/sutore.com\/en\/wp-json\/wp\/v2\/product\/196441","targetHints":{"allow":["GET"]}}],"collection":[{"href":"https:\/\/sutore.com\/en\/wp-json\/wp\/v2\/product"}],"about":[{"href":"https:\/\/sutore.com\/en\/wp-json\/wp\/v2\/types\/product"}],"wp:featuredmedia":[{"embeddable":true,"href":"https:\/\/sutore.com\/en\/wp-json\/wp\/v2\/media\/196427"}],"wp:attachment":[{"href":"https:\/\/sutore.com\/en\/wp-json\/wp\/v2\/media?parent=196441"}],"wp:term":[{"taxonomy":"product_brand","embeddable":true,"href":"https:\/\/sutore.com\/en\/wp-json\/wp\/v2\/product_brand?post=196441"},{"taxonomy":"product_cat","embeddable":true,"href":"https:\/\/sutore.com\/en\/wp-json\/wp\/v2\/product_cat?post=196441"},{"taxonomy":"product_tag","embeddable":true,"href":"https:\/\/sutore.com\/en\/wp-json\/wp\/v2\/product_tag?post=196441"}],"curies":[{"name":"wp","href":"https:\/\/api.w.org\/{rel}","templated":true}]}}