{"id":196966,"date":"2024-03-10T14:31:46","date_gmt":"2024-03-10T11:31:46","guid":{"rendered":"https:\/\/sutore.com\/?post_type=product&#038;p=196966"},"modified":"2026-03-30T04:48:14","modified_gmt":"2026-03-30T01:48:14","slug":"adidas-gazelle-indoor-semi-blue-burst-almost-yellow-womens","status":"publish","type":"product","link":"https:\/\/sutore.com\/en\/product\/adidas-gazelle-indoor-semi-blue-burst-almost-yellow-womens\/","title":{"rendered":"adidas Gazelle Indoor Semi Blue Burst Almost Yellow (W)"},"content":{"rendered":"<p style=\"text-align: center\">Adidas Gazelle Indoor Semi Blue Burst Almost Yellow (W) modeli, adidas marka kalitesi ve zarif tasar\u0131m\u0131 ile g\u00f6z dolduruyor. Mavinin en g\u00fczel tonlar\u0131n\u0131 sar\u0131n\u0131n enerjisiyle birle\u015ftiren bu model, konfor ve \u015f\u0131kl\u0131\u011f\u0131 bir arada sunuyor. Bu e\u015fsiz ayakkab\u0131, her t\u00fcrl\u00fc kombininizi tamamlayacak m\u00fckemmel bir se\u00e7im olacak. Adidas ile sportif \u015f\u0131kl\u0131\u011f\u0131n\u0131z\u0131 bir \u00fcst seviyeye ta\u015f\u0131y\u0131n.<\/p>\n","protected":false},"excerpt":{"rendered":"<p style=\"text-align: center\">Adidas Gazelle Indoor Semi Blue Burst Almost Yellow (W) modeli, adidas marka kalitesi ve zarif tasar\u0131m\u0131 ile g\u00f6z dolduruyor. Mavinin en g\u00fczel tonlar\u0131n\u0131 sar\u0131n\u0131n enerjisiyle birle\u015ftiren bu model, konfor ve \u015f\u0131kl\u0131\u011f\u0131 bir arada sunuyor. Bu e\u015fsiz ayakkab\u0131, her t\u00fcrl\u00fc kombininizi tamamlayacak m\u00fckemmel bir se\u00e7im olacak. Adidas ile sportif \u015f\u0131kl\u0131\u011f\u0131n\u0131z\u0131 bir \u00fcst seviyeye ta\u015f\u0131y\u0131n.<\/p>\n","protected":false},"featured_media":196953,"template":"","meta":{"_acf_changed":false},"product_brand":[2127,1927],"product_cat":[71,1570,1929,1936,74,1569],"product_tag":[1332],"class_list":{"0":"post-196966","1":"product","2":"type-product","3":"status-publish","4":"has-post-thumbnail","6":"product_brand-adidas-en","7":"product_brand-adidas","8":"product_cat-adidas","9":"product_cat-adidas-en","10":"product_cat-gazelle","11":"product_cat-gazelle-en","12":"product_cat-sneakers","13":"product_cat-sneakers-en","14":"product_tag-mavi","16":"first","17":"instock","18":"shipping-taxable","19":"purchasable","20":"product-type-variable"},"acf":[],"_links":{"self":[{"href":"https:\/\/sutore.com\/en\/wp-json\/wp\/v2\/product\/196966","targetHints":{"allow":["GET"]}}],"collection":[{"href":"https:\/\/sutore.com\/en\/wp-json\/wp\/v2\/product"}],"about":[{"href":"https:\/\/sutore.com\/en\/wp-json\/wp\/v2\/types\/product"}],"wp:featuredmedia":[{"embeddable":true,"href":"https:\/\/sutore.com\/en\/wp-json\/wp\/v2\/media\/196953"}],"wp:attachment":[{"href":"https:\/\/sutore.com\/en\/wp-json\/wp\/v2\/media?parent=196966"}],"wp:term":[{"taxonomy":"product_brand","embeddable":true,"href":"https:\/\/sutore.com\/en\/wp-json\/wp\/v2\/product_brand?post=196966"},{"taxonomy":"product_cat","embeddable":true,"href":"https:\/\/sutore.com\/en\/wp-json\/wp\/v2\/product_cat?post=196966"},{"taxonomy":"product_tag","embeddable":true,"href":"https:\/\/sutore.com\/en\/wp-json\/wp\/v2\/product_tag?post=196966"}],"curies":[{"name":"wp","href":"https:\/\/api.w.org\/{rel}","templated":true}]}}