{"id":198028,"date":"2023-03-31T23:11:31","date_gmt":"2023-03-31T20:11:31","guid":{"rendered":"https:\/\/sutore.com\/?post_type=product&#038;p=198028"},"modified":"2026-03-27T14:50:02","modified_gmt":"2026-03-27T11:50:02","slug":"new-balance-9060-warped-multi-color","status":"publish","type":"product","link":"https:\/\/sutore.com\/en\/product\/new-balance-9060-warped-multi-color\/","title":{"rendered":"New Balance 9060 Warped Multi-Color"},"content":{"rendered":"<p style=\"text-align: center;\">New Balance 9060 Warped Multi-Colour, Joe Freshgoods ile i\u015fbirli\u011fi sonras\u0131nda piyasaya s\u00fcr\u00fcld\u00fc. Bu ayakkab\u0131n\u0131n \u00e7\u0131k\u0131\u015f\u0131, iki markan\u0131n ilk kez bir araya gelmesini simgeliyor. New Balance 9060 modeli, mint rengin \u00f6ne \u00e7\u0131kt\u0131\u011f\u0131 \u00f6rg\u00fc taban ve s\u00fcet kaplamalar\u0131na sahip. Nubuck konsollar\u0131n \u00fczerinde ise a\u00e7\u0131k tonlarda teal rengi hakim. Eskitme efektinin h\u00e2kim oldu\u011fu \u00e7orap astar\u0131 \u00fczerinde lavanta tonlar\u0131 bulunurken, krema rengi naylon ba\u011fc\u0131klar ile tamamlan\u0131yor. Ayakkab\u0131n\u0131n orta taban\u0131nda ise pembe, lava k\u0131rm\u0131z\u0131s\u0131 ve bubble gum renk tonlar\u0131na sahip ABZORB taban yer al\u0131yor. Ayakkab\u0131n\u0131n yan taraf\u0131nda ise sar\u0131-k\u0131rm\u0131z\u0131 N logosu dikkat \u00e7ekiyor. 31 Mart 2023&#8217;te piyasaya s\u00fcr\u00fclen New Balance 9060 Warped Multi-Colour, 150 dolar fiyat etiketi ile sat\u0131\u015fa sunuldu.<\/p>\n","protected":false},"excerpt":{"rendered":"<p style=\"text-align: center;\">New Balance 9060 Warped Multi-Colour, Joe Freshgoods ile i\u015fbirli\u011fi sonras\u0131nda piyasaya s\u00fcr\u00fcld\u00fc. Bu ayakkab\u0131n\u0131n \u00e7\u0131k\u0131\u015f\u0131, iki markan\u0131n ilk kez bir araya gelmesini simgeliyor. New Balance 9060 modeli, mint rengin \u00f6ne \u00e7\u0131kt\u0131\u011f\u0131 \u00f6rg\u00fc taban ve s\u00fcet kaplamalar\u0131na sahip. Nubuck konsollar\u0131n \u00fczerinde ise a\u00e7\u0131k tonlarda teal rengi hakim. Eskitme efektinin h\u00e2kim oldu\u011fu \u00e7orap astar\u0131 \u00fczerinde lavanta tonlar\u0131 bulunurken, krema rengi naylon ba\u011fc\u0131klar ile tamamlan\u0131yor. Ayakkab\u0131n\u0131n orta taban\u0131nda ise pembe, lava k\u0131rm\u0131z\u0131s\u0131 ve bubble gum renk tonlar\u0131na sahip ABZORB taban yer al\u0131yor. Ayakkab\u0131n\u0131n yan taraf\u0131nda ise sar\u0131-k\u0131rm\u0131z\u0131 N logosu dikkat \u00e7ekiyor. 31 Mart 2023&#8217;te piyasaya s\u00fcr\u00fclen New Balance 9060 Warped Multi-Colour, 150 dolar fiyat etiketi ile sat\u0131\u015fa sunuldu.<\/p>\n","protected":false},"featured_media":197933,"template":"","meta":{"_acf_changed":false},"product_brand":[1980,2086],"product_cat":[1802,1806,109,1588,74,1569],"product_tag":[1336],"class_list":{"0":"post-198028","1":"product","2":"type-product","3":"status-publish","4":"has-post-thumbnail","6":"product_brand-new-balance","7":"product_brand-new-balance-en","8":"product_cat-1802","9":"product_cat-9060-en","10":"product_cat-new-balance","11":"product_cat-new-balance-en","12":"product_cat-sneakers","13":"product_cat-sneakers-en","14":"product_tag-cok-renk","16":"first","17":"instock","18":"shipping-taxable","19":"purchasable","20":"product-type-variable"},"acf":[],"_links":{"self":[{"href":"https:\/\/sutore.com\/en\/wp-json\/wp\/v2\/product\/198028","targetHints":{"allow":["GET"]}}],"collection":[{"href":"https:\/\/sutore.com\/en\/wp-json\/wp\/v2\/product"}],"about":[{"href":"https:\/\/sutore.com\/en\/wp-json\/wp\/v2\/types\/product"}],"wp:featuredmedia":[{"embeddable":true,"href":"https:\/\/sutore.com\/en\/wp-json\/wp\/v2\/media\/197933"}],"wp:attachment":[{"href":"https:\/\/sutore.com\/en\/wp-json\/wp\/v2\/media?parent=198028"}],"wp:term":[{"taxonomy":"product_brand","embeddable":true,"href":"https:\/\/sutore.com\/en\/wp-json\/wp\/v2\/product_brand?post=198028"},{"taxonomy":"product_cat","embeddable":true,"href":"https:\/\/sutore.com\/en\/wp-json\/wp\/v2\/product_cat?post=198028"},{"taxonomy":"product_tag","embeddable":true,"href":"https:\/\/sutore.com\/en\/wp-json\/wp\/v2\/product_tag?post=198028"}],"curies":[{"name":"wp","href":"https:\/\/api.w.org\/{rel}","templated":true}]}}