{"id":198030,"date":"2023-10-27T23:11:31","date_gmt":"2023-10-27T20:11:31","guid":{"rendered":"https:\/\/sutore.com\/?post_type=product&#038;p=198030"},"modified":"2026-03-30T04:48:14","modified_gmt":"2026-03-30T01:48:14","slug":"new-balance-9060-pink-lavender","status":"publish","type":"product","link":"https:\/\/sutore.com\/en\/product\/new-balance-9060-pink-lavender\/","title":{"rendered":"New Balance 9060 Pink Lavender"},"content":{"rendered":"<p style=\"text-align: center;\">New Balance 9060 Pink Lavender, \u00f6zg\u00fcn stil ve konfor ihtiyac\u0131n\u0131z\u0131 kar\u015f\u0131layan inan\u0131lmaz bir ayakkab\u0131. Konfor ve kaliteyi birle\u015ftirerek sizi memnun edecek, new-balance markas\u0131n\u0131n \u00fcst\u00fcn \u00f6zelliklerini ta\u015f\u0131yor. 9060 modeli, zarif\u00e7e birle\u015ftirilmi\u015f e\u015fsiz renklerle, spor performans\u0131n\u0131z\u0131 ve \u015f\u0131kl\u0131\u011f\u0131n\u0131z\u0131 bir \u00fcst seviyeye ta\u015f\u0131yacak. Yeni sezonda vazge\u00e7ilmeziniz olacak!<\/p>\n","protected":false},"excerpt":{"rendered":"<p style=\"text-align: center;\">New Balance 9060 Pink Lavender, \u00f6zg\u00fcn stil ve konfor ihtiyac\u0131n\u0131z\u0131 kar\u015f\u0131layan inan\u0131lmaz bir ayakkab\u0131. Konfor ve kaliteyi birle\u015ftirerek sizi memnun edecek, new-balance markas\u0131n\u0131n \u00fcst\u00fcn \u00f6zelliklerini ta\u015f\u0131yor. 9060 modeli, zarif\u00e7e birle\u015ftirilmi\u015f e\u015fsiz renklerle, spor performans\u0131n\u0131z\u0131 ve \u015f\u0131kl\u0131\u011f\u0131n\u0131z\u0131 bir \u00fcst seviyeye ta\u015f\u0131yacak. Yeni sezonda vazge\u00e7ilmeziniz olacak!<\/p>\n","protected":false},"featured_media":197917,"template":"","meta":{"_acf_changed":false},"product_brand":[1980,2086],"product_cat":[1802,1806,109,1588,74,1569],"product_tag":[1330],"class_list":{"0":"post-198030","1":"product","2":"type-product","3":"status-publish","4":"has-post-thumbnail","6":"product_brand-new-balance","7":"product_brand-new-balance-en","8":"product_cat-1802","9":"product_cat-9060-en","10":"product_cat-new-balance","11":"product_cat-new-balance-en","12":"product_cat-sneakers","13":"product_cat-sneakers-en","14":"product_tag-pembe","16":"first","17":"instock","18":"shipping-taxable","19":"purchasable","20":"product-type-variable"},"acf":[],"_links":{"self":[{"href":"https:\/\/sutore.com\/en\/wp-json\/wp\/v2\/product\/198030","targetHints":{"allow":["GET"]}}],"collection":[{"href":"https:\/\/sutore.com\/en\/wp-json\/wp\/v2\/product"}],"about":[{"href":"https:\/\/sutore.com\/en\/wp-json\/wp\/v2\/types\/product"}],"wp:featuredmedia":[{"embeddable":true,"href":"https:\/\/sutore.com\/en\/wp-json\/wp\/v2\/media\/197917"}],"wp:attachment":[{"href":"https:\/\/sutore.com\/en\/wp-json\/wp\/v2\/media?parent=198030"}],"wp:term":[{"taxonomy":"product_brand","embeddable":true,"href":"https:\/\/sutore.com\/en\/wp-json\/wp\/v2\/product_brand?post=198030"},{"taxonomy":"product_cat","embeddable":true,"href":"https:\/\/sutore.com\/en\/wp-json\/wp\/v2\/product_cat?post=198030"},{"taxonomy":"product_tag","embeddable":true,"href":"https:\/\/sutore.com\/en\/wp-json\/wp\/v2\/product_tag?post=198030"}],"curies":[{"name":"wp","href":"https:\/\/api.w.org\/{rel}","templated":true}]}}