{"id":198032,"date":"2023-11-14T23:11:32","date_gmt":"2023-11-14T20:11:32","guid":{"rendered":"https:\/\/sutore.com\/?post_type=product&#038;p=198032"},"modified":"2026-04-02T17:39:51","modified_gmt":"2026-04-02T14:39:51","slug":"new-balance-9060-driftwood-castlerock","status":"publish","type":"product","link":"https:\/\/sutore.com\/en\/product\/new-balance-9060-driftwood-castlerock\/","title":{"rendered":"New Balance 9060 Driftwood Castlerock"},"content":{"rendered":"<p style=\"text-align: center;\">New Balance 9060 Driftwood Castlerock, dayan\u0131kl\u0131l\u0131k ve konfor arayanlar i\u00e7in idealdir. Bu new-balance, ola\u011fan\u00fcst\u00fc rahatl\u0131k ve hafiflik sunar. 9060 modeli, g\u00fcnl\u00fck kullan\u0131m i\u00e7in m\u00fckemmel, modern ve \u015f\u0131k bir se\u00e7enektir. New Balance 9060 Driftwood Castlerock, her t\u00fcrl\u00fc hava ko\u015fulunda m\u00fckemmel performans sergiler.<\/p>\n","protected":false},"excerpt":{"rendered":"<p style=\"text-align: center;\">New Balance 9060 Driftwood Castlerock, dayan\u0131kl\u0131l\u0131k ve konfor arayanlar i\u00e7in idealdir. Bu new-balance, ola\u011fan\u00fcst\u00fc rahatl\u0131k ve hafiflik sunar. 9060 modeli, g\u00fcnl\u00fck kullan\u0131m i\u00e7in m\u00fckemmel, modern ve \u015f\u0131k bir se\u00e7enektir. New Balance 9060 Driftwood Castlerock, her t\u00fcrl\u00fc hava ko\u015fulunda m\u00fckemmel performans sergiler.<\/p>\n","protected":false},"featured_media":197901,"template":"","meta":{"_acf_changed":false},"product_brand":[1980,2086],"product_cat":[1802,1806,109,1588,74,1569],"product_tag":[1338],"class_list":{"0":"post-198032","1":"product","2":"type-product","3":"status-publish","4":"has-post-thumbnail","6":"product_brand-new-balance","7":"product_brand-new-balance-en","8":"product_cat-1802","9":"product_cat-9060-en","10":"product_cat-new-balance","11":"product_cat-new-balance-en","12":"product_cat-sneakers","13":"product_cat-sneakers-en","14":"product_tag-kahverengi","16":"first","17":"instock","18":"shipping-taxable","19":"purchasable","20":"product-type-variable"},"acf":[],"_links":{"self":[{"href":"https:\/\/sutore.com\/en\/wp-json\/wp\/v2\/product\/198032","targetHints":{"allow":["GET"]}}],"collection":[{"href":"https:\/\/sutore.com\/en\/wp-json\/wp\/v2\/product"}],"about":[{"href":"https:\/\/sutore.com\/en\/wp-json\/wp\/v2\/types\/product"}],"wp:featuredmedia":[{"embeddable":true,"href":"https:\/\/sutore.com\/en\/wp-json\/wp\/v2\/media\/197901"}],"wp:attachment":[{"href":"https:\/\/sutore.com\/en\/wp-json\/wp\/v2\/media?parent=198032"}],"wp:term":[{"taxonomy":"product_brand","embeddable":true,"href":"https:\/\/sutore.com\/en\/wp-json\/wp\/v2\/product_brand?post=198032"},{"taxonomy":"product_cat","embeddable":true,"href":"https:\/\/sutore.com\/en\/wp-json\/wp\/v2\/product_cat?post=198032"},{"taxonomy":"product_tag","embeddable":true,"href":"https:\/\/sutore.com\/en\/wp-json\/wp\/v2\/product_tag?post=198032"}],"curies":[{"name":"wp","href":"https:\/\/api.w.org\/{rel}","templated":true}]}}