{"id":199426,"date":"2024-02-13T15:35:27","date_gmt":"2024-02-13T12:35:27","guid":{"rendered":"https:\/\/sutore.com\/?post_type=product&#038;p=199426"},"modified":"2026-04-04T05:30:32","modified_gmt":"2026-04-04T02:30:32","slug":"new-balance-9060-dark-royal-brown","status":"publish","type":"product","link":"https:\/\/sutore.com\/en\/product\/new-balance-9060-dark-royal-brown\/","title":{"rendered":"New Balance 9060 Dark Royal Brown"},"content":{"rendered":"<p style=\"text-align: center\">Yeni nesil stile ula\u015fmak i\u00e7in tasarlanm\u0131\u015f olan &#8220;New Balance 9060 Dark Royal Brown&#8221;, g\u00fcnl\u00fck kullan\u0131m\u0131n\u0131za rahatl\u0131k ve \u015f\u0131kl\u0131k katacak. Bu new-balance modeli, kaliteli materyalleri ve g\u00f6z al\u0131c\u0131 detaylar\u0131yla sizlere benzersiz bir deneyim sunuyor. 9060 modeli, spor ayakkab\u0131 kategorisindeki m\u00fckemmel performans\u0131 ve premium hissiyat\u0131 ile dikkat \u00e7ekmektedir.<\/p>\n","protected":false},"excerpt":{"rendered":"<p style=\"text-align: center\">Yeni nesil stile ula\u015fmak i\u00e7in tasarlanm\u0131\u015f olan &#8220;New Balance 9060 Dark Royal Brown&#8221;, g\u00fcnl\u00fck kullan\u0131m\u0131n\u0131za rahatl\u0131k ve \u015f\u0131kl\u0131k katacak. Bu new-balance modeli, kaliteli materyalleri ve g\u00f6z al\u0131c\u0131 detaylar\u0131yla sizlere benzersiz bir deneyim sunuyor. 9060 modeli, spor ayakkab\u0131 kategorisindeki m\u00fckemmel performans\u0131 ve premium hissiyat\u0131 ile dikkat \u00e7ekmektedir.<\/p>\n","protected":false},"featured_media":199442,"template":"","meta":{"_acf_changed":false},"product_brand":[1980,2086],"product_cat":[1802,1806,109,1588,74,1569],"product_tag":[1332],"class_list":{"0":"post-199426","1":"product","2":"type-product","3":"status-publish","4":"has-post-thumbnail","6":"product_brand-new-balance","7":"product_brand-new-balance-en","8":"product_cat-1802","9":"product_cat-9060-en","10":"product_cat-new-balance","11":"product_cat-new-balance-en","12":"product_cat-sneakers","13":"product_cat-sneakers-en","14":"product_tag-mavi","16":"first","17":"instock","18":"shipping-taxable","19":"purchasable","20":"product-type-variable"},"acf":[],"_links":{"self":[{"href":"https:\/\/sutore.com\/en\/wp-json\/wp\/v2\/product\/199426","targetHints":{"allow":["GET"]}}],"collection":[{"href":"https:\/\/sutore.com\/en\/wp-json\/wp\/v2\/product"}],"about":[{"href":"https:\/\/sutore.com\/en\/wp-json\/wp\/v2\/types\/product"}],"wp:featuredmedia":[{"embeddable":true,"href":"https:\/\/sutore.com\/en\/wp-json\/wp\/v2\/media\/199442"}],"wp:attachment":[{"href":"https:\/\/sutore.com\/en\/wp-json\/wp\/v2\/media?parent=199426"}],"wp:term":[{"taxonomy":"product_brand","embeddable":true,"href":"https:\/\/sutore.com\/en\/wp-json\/wp\/v2\/product_brand?post=199426"},{"taxonomy":"product_cat","embeddable":true,"href":"https:\/\/sutore.com\/en\/wp-json\/wp\/v2\/product_cat?post=199426"},{"taxonomy":"product_tag","embeddable":true,"href":"https:\/\/sutore.com\/en\/wp-json\/wp\/v2\/product_tag?post=199426"}],"curies":[{"name":"wp","href":"https:\/\/api.w.org\/{rel}","templated":true}]}}