{"id":200372,"date":"2024-01-05T23:17:05","date_gmt":"2024-01-05T20:17:05","guid":{"rendered":"https:\/\/sutore.com\/?post_type=product&#038;p=200372"},"modified":"2026-04-02T17:34:30","modified_gmt":"2026-04-02T14:34:30","slug":"nike-air-dunk-jumbo-photon-dust-gum-light-brown","status":"publish","type":"product","link":"https:\/\/sutore.com\/en\/product\/nike-air-dunk-jumbo-photon-dust-gum-light-brown\/","title":{"rendered":"Nike Air Dunk Jumbo Photon Dust Gum Light Brown"},"content":{"rendered":"<p style=\"text-align: center\">Nike Air Dunk Jumbo Photon Dust Gum Light Brown, klasik bir sil\u00fcete benzersiz bir twist ile Nike Air Dunk Jumbo&#8217;nun Photon Dust mesh \u00fcst y\u00fczeyine sahip renkli bir modeldir. Tonlarca deri kaplama ayakkab\u0131n\u0131n ucu, topu\u011fu ve yaka \u00e7evresinde yer al\u0131r. Daha rahat ve s\u0131k\u0131 bir oturma sunan bu modelin ba\u011fc\u0131k sistemi dil a\u011f\u0131, kordon g\u00f6zl\u00fc\u011f\u00fc ve dantel kanatlar\u0131 kombinasyonunu i\u00e7erir. A\u00e7\u0131k k\u00f6p\u00fck dili bu ayakkab\u0131lar\u0131 giymeyi ve \u00e7\u0131karmay\u0131 kolayla\u015ft\u0131ran bir \u00e7ekme halkas\u0131yla donat\u0131lm\u0131\u015ft\u0131r. Beyaz k\u00f6p\u00fck taban\u0131nda bir Hava \u00fcnitesi bulunur ve kahverengi yumu\u015fak kau\u00e7uk taban\u0131, taban ve \u00fcst k\u0131sm\u0131n ucuna kadar uzanan bir yol tutu\u015funa sahiptir. Uzmanlar\u0131m\u0131z\u0131n en \u00e7ok takdir etti\u011fi detay, &#8220;Jumbo&#8221; Photon Dust deri Swoosh&#8217;un abart\u0131l\u0131 boyutudur. Nike Air Dunk Jumbo Photon Dust Gum Light Brown, 14 Mart 2023&#8217;te, perakende fiyat\u0131 120 dolar olarak piyasaya s\u00fcr\u00fcld\u00fc.<\/p>\n","protected":false},"excerpt":{"rendered":"<p style=\"text-align: center\">Nike Air Dunk Jumbo Photon Dust Gum Light Brown, klasik bir sil\u00fcete benzersiz bir twist ile Nike Air Dunk Jumbo&#8217;nun Photon Dust mesh \u00fcst y\u00fczeyine sahip renkli bir modeldir. Tonlarca deri kaplama ayakkab\u0131n\u0131n ucu, topu\u011fu ve yaka \u00e7evresinde yer al\u0131r. Daha rahat ve s\u0131k\u0131 bir oturma sunan bu modelin ba\u011fc\u0131k sistemi dil a\u011f\u0131, kordon g\u00f6zl\u00fc\u011f\u00fc ve dantel kanatlar\u0131 kombinasyonunu i\u00e7erir. A\u00e7\u0131k k\u00f6p\u00fck dili bu ayakkab\u0131lar\u0131 giymeyi ve \u00e7\u0131karmay\u0131 kolayla\u015ft\u0131ran bir \u00e7ekme halkas\u0131yla donat\u0131lm\u0131\u015ft\u0131r. Beyaz k\u00f6p\u00fck taban\u0131nda bir Hava \u00fcnitesi bulunur ve kahverengi yumu\u015fak kau\u00e7uk taban\u0131, taban ve \u00fcst k\u0131sm\u0131n ucuna kadar uzanan bir yol tutu\u015funa sahiptir. Uzmanlar\u0131m\u0131z\u0131n en \u00e7ok takdir etti\u011fi detay, &#8220;Jumbo&#8221; Photon Dust deri Swoosh&#8217;un abart\u0131l\u0131 boyutudur. Nike Air Dunk Jumbo Photon Dust Gum Light Brown, 14 Mart 2023&#8217;te, perakende fiyat\u0131 120 dolar olarak piyasaya s\u00fcr\u00fcld\u00fc.<\/p>\n","protected":false},"featured_media":200366,"template":"","meta":{"_acf_changed":false},"product_brand":[2087,1928],"product_cat":[100,1585,1582,98,74,1569],"product_tag":[1328],"class_list":{"0":"post-200372","1":"product","2":"type-product","3":"status-publish","4":"has-post-thumbnail","6":"product_brand-nike-en","7":"product_brand-nike","8":"product_cat-dunk","9":"product_cat-dunk-en","10":"product_cat-nike-en","11":"product_cat-nike","12":"product_cat-sneakers","13":"product_cat-sneakers-en","14":"product_tag-beyaz","16":"first","17":"instock","18":"shipping-taxable","19":"purchasable","20":"product-type-variable"},"acf":[],"_links":{"self":[{"href":"https:\/\/sutore.com\/en\/wp-json\/wp\/v2\/product\/200372","targetHints":{"allow":["GET"]}}],"collection":[{"href":"https:\/\/sutore.com\/en\/wp-json\/wp\/v2\/product"}],"about":[{"href":"https:\/\/sutore.com\/en\/wp-json\/wp\/v2\/types\/product"}],"wp:featuredmedia":[{"embeddable":true,"href":"https:\/\/sutore.com\/en\/wp-json\/wp\/v2\/media\/200366"}],"wp:attachment":[{"href":"https:\/\/sutore.com\/en\/wp-json\/wp\/v2\/media?parent=200372"}],"wp:term":[{"taxonomy":"product_brand","embeddable":true,"href":"https:\/\/sutore.com\/en\/wp-json\/wp\/v2\/product_brand?post=200372"},{"taxonomy":"product_cat","embeddable":true,"href":"https:\/\/sutore.com\/en\/wp-json\/wp\/v2\/product_cat?post=200372"},{"taxonomy":"product_tag","embeddable":true,"href":"https:\/\/sutore.com\/en\/wp-json\/wp\/v2\/product_tag?post=200372"}],"curies":[{"name":"wp","href":"https:\/\/api.w.org\/{rel}","templated":true}]}}