{"id":200376,"date":"2024-03-15T23:17:07","date_gmt":"2024-03-15T20:17:07","guid":{"rendered":"https:\/\/sutore.com\/?post_type=product&#038;p=200376"},"modified":"2026-04-04T05:27:38","modified_gmt":"2026-04-04T02:27:38","slug":"adidas-samba-og-core-white-magic-beige","status":"publish","type":"product","link":"https:\/\/sutore.com\/en\/product\/adidas-samba-og-core-white-magic-beige\/","title":{"rendered":"adidas Samba OG Core White Magic Beige"},"content":{"rendered":"<p style=\"text-align: center\">adidas Samba OG Core White Magic Beige, adidas&#8217;\u0131n en ikonik modeli olan Samba&#8217;n\u0131n yenilenmi\u015f versiyonudur. Sahip oldu\u011fu zarif beyaz ve sihirli bej renkleri, sportif stilinizi vurgular. \u00dcst\u00fcn kalite ve konfor sunan adidas, bu model ile spor ayakkab\u0131 modas\u0131n\u0131 bir ad\u0131m \u00f6teye ta\u015f\u0131yor. Kendine has tarz\u0131 ile \u00f6n plana \u00e7\u0131kan adidas Samba, her daim moda olan bir tasar\u0131m.<\/p>\n","protected":false},"excerpt":{"rendered":"<p style=\"text-align: center\">adidas Samba OG Core White Magic Beige, adidas&#8217;\u0131n en ikonik modeli olan Samba&#8217;n\u0131n yenilenmi\u015f versiyonudur. Sahip oldu\u011fu zarif beyaz ve sihirli bej renkleri, sportif stilinizi vurgular. \u00dcst\u00fcn kalite ve konfor sunan adidas, bu model ile spor ayakkab\u0131 modas\u0131n\u0131 bir ad\u0131m \u00f6teye ta\u015f\u0131yor. Kendine has tarz\u0131 ile \u00f6n plana \u00e7\u0131kan adidas Samba, her daim moda olan bir tasar\u0131m.<\/p>\n","protected":false},"featured_media":200340,"template":"","meta":{"_acf_changed":false},"product_brand":[2127,1927],"product_cat":[71,1570,1799,1804,74,1569],"product_tag":[1328],"class_list":{"0":"post-200376","1":"product","2":"type-product","3":"status-publish","4":"has-post-thumbnail","6":"product_brand-adidas-en","7":"product_brand-adidas","8":"product_cat-adidas","9":"product_cat-adidas-en","10":"product_cat-samba","11":"product_cat-samba-en","12":"product_cat-sneakers","13":"product_cat-sneakers-en","14":"product_tag-beyaz","16":"first","17":"instock","18":"shipping-taxable","19":"purchasable","20":"product-type-variable"},"acf":[],"_links":{"self":[{"href":"https:\/\/sutore.com\/en\/wp-json\/wp\/v2\/product\/200376","targetHints":{"allow":["GET"]}}],"collection":[{"href":"https:\/\/sutore.com\/en\/wp-json\/wp\/v2\/product"}],"about":[{"href":"https:\/\/sutore.com\/en\/wp-json\/wp\/v2\/types\/product"}],"wp:featuredmedia":[{"embeddable":true,"href":"https:\/\/sutore.com\/en\/wp-json\/wp\/v2\/media\/200340"}],"wp:attachment":[{"href":"https:\/\/sutore.com\/en\/wp-json\/wp\/v2\/media?parent=200376"}],"wp:term":[{"taxonomy":"product_brand","embeddable":true,"href":"https:\/\/sutore.com\/en\/wp-json\/wp\/v2\/product_brand?post=200376"},{"taxonomy":"product_cat","embeddable":true,"href":"https:\/\/sutore.com\/en\/wp-json\/wp\/v2\/product_cat?post=200376"},{"taxonomy":"product_tag","embeddable":true,"href":"https:\/\/sutore.com\/en\/wp-json\/wp\/v2\/product_tag?post=200376"}],"curies":[{"name":"wp","href":"https:\/\/api.w.org\/{rel}","templated":true}]}}