{"id":201199,"date":"2024-03-10T17:04:13","date_gmt":"2024-03-10T14:04:13","guid":{"rendered":"https:\/\/sutore.com\/?post_type=product&#038;p=201199"},"modified":"2026-03-27T14:13:45","modified_gmt":"2026-03-27T11:13:45","slug":"adidas-handball-spezial-cream-white-beige-womens","status":"publish","type":"product","link":"https:\/\/sutore.com\/en\/product\/adidas-handball-spezial-cream-white-beige-womens\/","title":{"rendered":"adidas Handball Spezial Cream White Beige (W)"},"content":{"rendered":"<p style=\"text-align: center\">adidas Handball Spezial Cream White Beige (W) yeni sezonun en \u00e7ok tercih edilen spor ayakkab\u0131lar\u0131ndan biri. Benzersiz bir tasar\u0131m\u0131 olan adidas, enerjik bir konfor ve kalite sunuyor. E\u015fsiz bir g\u00f6r\u00fcn\u00fcm sa\u011flayan bu modele bay\u0131lacaks\u0131n\u0131z. Her ko\u015fulda en y\u00fcksek performans\u0131 sunan adidas, g\u00fcnl\u00fck kullan\u0131m i\u00e7in de m\u00fckemmel bir se\u00e7im.<\/p>\n","protected":false},"excerpt":{"rendered":"<p style=\"text-align: center\">adidas Handball Spezial Cream White Beige (W) yeni sezonun en \u00e7ok tercih edilen spor ayakkab\u0131lar\u0131ndan biri. Benzersiz bir tasar\u0131m\u0131 olan adidas, enerjik bir konfor ve kalite sunuyor. E\u015fsiz bir g\u00f6r\u00fcn\u00fcm sa\u011flayan bu modele bay\u0131lacaks\u0131n\u0131z. Her ko\u015fulda en y\u00fcksek performans\u0131 sunan adidas, g\u00fcnl\u00fck kullan\u0131m i\u00e7in de m\u00fckemmel bir se\u00e7im.<\/p>\n","protected":false},"featured_media":201194,"template":"","meta":{"_acf_changed":false},"product_brand":[2127,1927],"product_cat":[71,1570,74,1569,1930,1935],"product_tag":[1328],"class_list":{"0":"post-201199","1":"product","2":"type-product","3":"status-publish","4":"has-post-thumbnail","6":"product_brand-adidas-en","7":"product_brand-adidas","8":"product_cat-adidas","9":"product_cat-adidas-en","10":"product_cat-sneakers","11":"product_cat-sneakers-en","12":"product_cat-spezial","13":"product_cat-spezial-en","14":"product_tag-beyaz","16":"first","17":"instock","18":"shipping-taxable","19":"purchasable","20":"product-type-variable"},"acf":[],"_links":{"self":[{"href":"https:\/\/sutore.com\/en\/wp-json\/wp\/v2\/product\/201199","targetHints":{"allow":["GET"]}}],"collection":[{"href":"https:\/\/sutore.com\/en\/wp-json\/wp\/v2\/product"}],"about":[{"href":"https:\/\/sutore.com\/en\/wp-json\/wp\/v2\/types\/product"}],"wp:featuredmedia":[{"embeddable":true,"href":"https:\/\/sutore.com\/en\/wp-json\/wp\/v2\/media\/201194"}],"wp:attachment":[{"href":"https:\/\/sutore.com\/en\/wp-json\/wp\/v2\/media?parent=201199"}],"wp:term":[{"taxonomy":"product_brand","embeddable":true,"href":"https:\/\/sutore.com\/en\/wp-json\/wp\/v2\/product_brand?post=201199"},{"taxonomy":"product_cat","embeddable":true,"href":"https:\/\/sutore.com\/en\/wp-json\/wp\/v2\/product_cat?post=201199"},{"taxonomy":"product_tag","embeddable":true,"href":"https:\/\/sutore.com\/en\/wp-json\/wp\/v2\/product_tag?post=201199"}],"curies":[{"name":"wp","href":"https:\/\/api.w.org\/{rel}","templated":true}]}}