{"id":201203,"date":"2024-04-01T17:04:14","date_gmt":"2024-04-01T14:04:14","guid":{"rendered":"https:\/\/sutore.com\/?post_type=product&#038;p=201203"},"modified":"2026-04-02T09:35:59","modified_gmt":"2026-04-02T06:35:59","slug":"adidas-handball-spezial-earth-strata-gum-womens","status":"publish","type":"product","link":"https:\/\/sutore.com\/en\/product\/adidas-handball-spezial-earth-strata-gum-womens\/","title":{"rendered":"adidas Handball Spezial Earth Strata Gum (W)"},"content":{"rendered":"<p style=\"text-align: center\">Adidas Handball Spezial Earth Strata Gum (W) ile stiline yeni bir soluk getir. Adidas kalitesinin \u00f6ne \u00e7\u0131kt\u0131\u011f\u0131 bu \u00fcr\u00fcn, y\u00fcksek konforlu ve dayan\u0131kl\u0131d\u0131r. Sadelik ve \u015f\u0131kl\u0131\u011f\u0131 bir arada sunan bu model, sportif stilde bir \u00f6nc\u00fcd\u00fcr. Topuk b\u00f6l\u00fcm\u00fcnden ayak parmaklar\u0131na kadar olan k\u0131sm\u0131 Earth Strata rengiyle \u00f6n plana \u00e7\u0131kmaktad\u0131r. Moda d\u00fcnyas\u0131nda son trend olan Gum taban\u0131 ile her ad\u0131m\u0131n\u0131za eminlik katar.<\/p>\n","protected":false},"excerpt":{"rendered":"<p style=\"text-align: center\">Adidas Handball Spezial Earth Strata Gum (W) ile stiline yeni bir soluk getir. Adidas kalitesinin \u00f6ne \u00e7\u0131kt\u0131\u011f\u0131 bu \u00fcr\u00fcn, y\u00fcksek konforlu ve dayan\u0131kl\u0131d\u0131r. Sadelik ve \u015f\u0131kl\u0131\u011f\u0131 bir arada sunan bu model, sportif stilde bir \u00f6nc\u00fcd\u00fcr. Topuk b\u00f6l\u00fcm\u00fcnden ayak parmaklar\u0131na kadar olan k\u0131sm\u0131 Earth Strata rengiyle \u00f6n plana \u00e7\u0131kmaktad\u0131r. Moda d\u00fcnyas\u0131nda son trend olan Gum taban\u0131 ile her ad\u0131m\u0131n\u0131za eminlik katar.<\/p>\n","protected":false},"featured_media":201174,"template":"","meta":{"_acf_changed":false},"product_brand":[2127,1927],"product_cat":[71,1570,74,1569,1930,1935],"product_tag":[1338],"class_list":{"0":"post-201203","1":"product","2":"type-product","3":"status-publish","4":"has-post-thumbnail","6":"product_brand-adidas-en","7":"product_brand-adidas","8":"product_cat-adidas","9":"product_cat-adidas-en","10":"product_cat-sneakers","11":"product_cat-sneakers-en","12":"product_cat-spezial","13":"product_cat-spezial-en","14":"product_tag-kahverengi","16":"first","17":"instock","18":"shipping-taxable","19":"purchasable","20":"product-type-variable"},"acf":[],"_links":{"self":[{"href":"https:\/\/sutore.com\/en\/wp-json\/wp\/v2\/product\/201203","targetHints":{"allow":["GET"]}}],"collection":[{"href":"https:\/\/sutore.com\/en\/wp-json\/wp\/v2\/product"}],"about":[{"href":"https:\/\/sutore.com\/en\/wp-json\/wp\/v2\/types\/product"}],"wp:featuredmedia":[{"embeddable":true,"href":"https:\/\/sutore.com\/en\/wp-json\/wp\/v2\/media\/201174"}],"wp:attachment":[{"href":"https:\/\/sutore.com\/en\/wp-json\/wp\/v2\/media?parent=201203"}],"wp:term":[{"taxonomy":"product_brand","embeddable":true,"href":"https:\/\/sutore.com\/en\/wp-json\/wp\/v2\/product_brand?post=201203"},{"taxonomy":"product_cat","embeddable":true,"href":"https:\/\/sutore.com\/en\/wp-json\/wp\/v2\/product_cat?post=201203"},{"taxonomy":"product_tag","embeddable":true,"href":"https:\/\/sutore.com\/en\/wp-json\/wp\/v2\/product_tag?post=201203"}],"curies":[{"name":"wp","href":"https:\/\/api.w.org\/{rel}","templated":true}]}}