{"id":202046,"date":"2024-04-20T15:07:53","date_gmt":"2024-04-20T12:07:53","guid":{"rendered":"https:\/\/sutore.com\/?post_type=product&#038;p=202046"},"modified":"2026-03-30T16:39:16","modified_gmt":"2026-03-30T13:39:16","slug":"new-balance-9060-rose-pink-wide-gs","status":"publish","type":"product","link":"https:\/\/sutore.com\/en\/product\/new-balance-9060-rose-pink-wide-gs\/","title":{"rendered":"New Balance 9060 Rose Pink (Wide) (GS)"},"content":{"rendered":"<p style=\"text-align: center\">New Balance 9060 Rose Pink (Wide) (GS) modeli, yeni sezonun en g\u00f6zde \u00fcr\u00fcnlerinden biri. Gen\u00e7ler i\u00e7in tasarlanm\u0131\u015f bu geni\u015f formdaki ayakkab\u0131, rahatl\u0131k ve stil sunuyor. Rose Pink renk detay\u0131 ile dikkat \u00e7eken bu New Balance modeli, her yerde \u00f6ne \u00e7\u0131kar. Ayakkab\u0131, konforlu bir deneyim i\u00e7in geni\u015f yap\u0131dad\u0131r. New Balance 9060&#8217;n\u0131n bu \u00f6zel Rose Pink versiyonunu ka\u00e7\u0131rmay\u0131n.<\/p>\n","protected":false},"excerpt":{"rendered":"<p style=\"text-align: center\">New Balance 9060 Rose Pink (Wide) (GS) modeli, yeni sezonun en g\u00f6zde \u00fcr\u00fcnlerinden biri. Gen\u00e7ler i\u00e7in tasarlanm\u0131\u015f bu geni\u015f formdaki ayakkab\u0131, rahatl\u0131k ve stil sunuyor. Rose Pink renk detay\u0131 ile dikkat \u00e7eken bu New Balance modeli, her yerde \u00f6ne \u00e7\u0131kar. Ayakkab\u0131, konforlu bir deneyim i\u00e7in geni\u015f yap\u0131dad\u0131r. New Balance 9060&#8217;n\u0131n bu \u00f6zel Rose Pink versiyonunu ka\u00e7\u0131rmay\u0131n.<\/p>\n","protected":false},"featured_media":202042,"template":"","meta":{"_acf_changed":false},"product_brand":[2086,1980],"product_cat":[1806,1802,1588,109,74,1569],"product_tag":[1330],"class_list":{"0":"post-202046","1":"product","2":"type-product","3":"status-publish","4":"has-post-thumbnail","6":"product_brand-new-balance-en","7":"product_brand-new-balance","8":"product_cat-9060-en","9":"product_cat-1802","10":"product_cat-new-balance-en","11":"product_cat-new-balance","12":"product_cat-sneakers","13":"product_cat-sneakers-en","14":"product_tag-pembe","16":"first","17":"instock","18":"shipping-taxable","19":"purchasable","20":"product-type-variable"},"acf":[],"_links":{"self":[{"href":"https:\/\/sutore.com\/en\/wp-json\/wp\/v2\/product\/202046","targetHints":{"allow":["GET"]}}],"collection":[{"href":"https:\/\/sutore.com\/en\/wp-json\/wp\/v2\/product"}],"about":[{"href":"https:\/\/sutore.com\/en\/wp-json\/wp\/v2\/types\/product"}],"wp:featuredmedia":[{"embeddable":true,"href":"https:\/\/sutore.com\/en\/wp-json\/wp\/v2\/media\/202042"}],"wp:attachment":[{"href":"https:\/\/sutore.com\/en\/wp-json\/wp\/v2\/media?parent=202046"}],"wp:term":[{"taxonomy":"product_brand","embeddable":true,"href":"https:\/\/sutore.com\/en\/wp-json\/wp\/v2\/product_brand?post=202046"},{"taxonomy":"product_cat","embeddable":true,"href":"https:\/\/sutore.com\/en\/wp-json\/wp\/v2\/product_cat?post=202046"},{"taxonomy":"product_tag","embeddable":true,"href":"https:\/\/sutore.com\/en\/wp-json\/wp\/v2\/product_tag?post=202046"}],"curies":[{"name":"wp","href":"https:\/\/api.w.org\/{rel}","templated":true}]}}